{"id":6736,"date":"2023-12-12T15:03:19","date_gmt":"2023-12-12T14:03:19","guid":{"rendered":"https:\/\/antcube.shop\/product\/antcube-arena-30x30x60-mit-schiebetur\/"},"modified":"2026-03-17T08:11:00","modified_gmt":"2026-03-17T07:11:00","slug":"antcube-arena-30x30x60-med-skjutdorr","status":"publish","type":"product","link":"https:\/\/antcube.shop\/sv\/produkt\/antcube-arena-30x30x60-med-skjutdorr\/","title":{"rendered":"ANTCUBE Arena 30x30x60 med skjutd\u00f6rr"},"content":{"rendered":"<p><span data-text-color=\"alert\"><strong>Frakt endast m\u00f6jlig via spedition p\u00e5 palett.<\/strong><\/span><\/p>\n<p>ANTCUBE Arena 30x30x60 cm med skjutd\u00f6rr och 2x 50 mm h\u00e5l.<\/p>\n<p><strong>M\u00e5tt:<\/strong> 300 x 300 x 600 mm; 4 mm tjock glasskiva.<br \/>\n<strong>Material:<\/strong> floatglas<br \/>\n<strong>Anslutning:<\/strong> 2x h\u00e5l 50 mm<\/p>\n<p><strong>\u00d6ppning fram (skjutd\u00f6rr):<\/strong> 150\u00d7200 mm<\/p>\n<p><strong>Beskrivning:<\/strong> V\u00e5r ANTCUBE Arena 30x30x60 med skjutd\u00f6rr \u00e4r utformad f\u00f6r att fungera bekv\u00e4mt \u00e4ven i fulla formicarier. De \u00e4r s\u00e4rskilt anv\u00e4ndbara som formicarium f\u00f6r v\u00e4varmyror (Polyrhachis och Oeacophylla) eftersom de gillar att bygga h\u00f6gt, eller beh\u00f6ver en v\u00e4rdv\u00e4xt. I v\u00e5ra vanliga 30x30x60-arenor kan det vara sv\u00e5rt att ta bort t.ex. avfall fr\u00e5n djuren i botten av formicariet. I denna specialanpassade bass\u00e4ng \u00e4r detta inte l\u00e4ngre ett problem. \u00c4ven f\u00f6r utfodringsbass\u00e4nger f\u00f6r bladsk\u00e4rarmyrorna Acromyrmex eller Atta \u00e4r skjutd\u00f6rren mycket praktisk, eftersom v\u00e4xtrester och annat avfall kan sl\u00e4ngas p\u00e5 ett bekv\u00e4mt s\u00e4tt. Dessutom kan den separat tillg\u00e4ngliga skjutd\u00f6rrsramen (art.nr. 1005648) anv\u00e4ndas f\u00f6r att f\u00f6rhindra att djuren rymmer under arbetet. F\u00f6r den vanliga topp\u00f6ppningen finns \u00e4ven brytskyddsram 30\u00d730 och arenaskydd 30\u00d730 tillg\u00e4ngliga separat.<\/p>\n<p><strong>Observera:<\/strong> Glaset sk\u00e4rs enligt DIN 1249 med en tolerans p\u00e5 +\/- 1 mm. F\u00f6r extremt sm\u00e5 myrarter \u00e4r det n\u00f6dv\u00e4ndigt med ytterligare utbrytningsskydd.<\/p>","protected":false},"excerpt":{"rendered":"<p><strong>Anslutning:<\/strong> 2x h\u00e5l 50 mm<\/p>","protected":false},"featured_media":6727,"comment_status":"open","ping_status":"closed","template":"","meta":{"_acf_changed":false,"content-type":"","_monsterinsights_skip_tracking":false,"_monsterinsights_sitenote_active":false,"_monsterinsights_sitenote_note":"","_monsterinsights_sitenote_category":0},"product_brand":[],"product_cat":[85,86],"product_tag":[],"class_list":{"0":"post-6736","1":"product","2":"type-product","3":"status-publish","4":"has-post-thumbnail","6":"product_cat-ant-arenas","7":"product_cat-formicariums","8":"product_shipping_class-forwarding-on-pallet","10":"first","11":"instock","12":"taxable","13":"shipping-taxable","14":"purchasable","15":"product-type-simple"},"acf":[],"aioseo_notices":[],"jetpack_sharing_enabled":true,"_links":{"self":[{"href":"https:\/\/antcube.shop\/sv\/wp-json\/wp\/v2\/product\/6736","targetHints":{"allow":["GET"]}}],"collection":[{"href":"https:\/\/antcube.shop\/sv\/wp-json\/wp\/v2\/product"}],"about":[{"href":"https:\/\/antcube.shop\/sv\/wp-json\/wp\/v2\/types\/product"}],"replies":[{"embeddable":true,"href":"https:\/\/antcube.shop\/sv\/wp-json\/wp\/v2\/comments?post=6736"}],"wp:featuredmedia":[{"embeddable":true,"href":"https:\/\/antcube.shop\/sv\/wp-json\/wp\/v2\/media\/6727"}],"wp:attachment":[{"href":"https:\/\/antcube.shop\/sv\/wp-json\/wp\/v2\/media?parent=6736"}],"wp:term":[{"taxonomy":"product_brand","embeddable":true,"href":"https:\/\/antcube.shop\/sv\/wp-json\/wp\/v2\/product_brand?post=6736"},{"taxonomy":"product_cat","embeddable":true,"href":"https:\/\/antcube.shop\/sv\/wp-json\/wp\/v2\/product_cat?post=6736"},{"taxonomy":"product_tag","embeddable":true,"href":"https:\/\/antcube.shop\/sv\/wp-json\/wp\/v2\/product_tag?post=6736"}],"curies":[{"name":"wp","href":"https:\/\/api.w.org\/{rel}","templated":true}]}}