{"id":6668,"date":"2023-12-05T14:03:20","date_gmt":"2023-12-05T13:03:20","guid":{"rendered":"https:\/\/antcube.shop\/product\/arena-hochstand-20x20cm\/"},"modified":"2026-04-20T09:57:46","modified_gmt":"2026-04-20T07:57:46","slug":"arena-hog-stallning-20x20cm","status":"publish","type":"product","link":"https:\/\/antcube.shop\/sv\/produkt\/arena-hog-stallning-20x20cm\/","title":{"rendered":"Arena h\u00f6gt stativ 20x20cm"},"content":{"rendered":"<div class=\"tab-body active\">\n<p><strong>M\u00e5tt:<\/strong> 20x20x10<\/p>\n<p><strong>Material: <\/strong>PMMA<\/p>\n<p><strong>F\u00e4rg: <\/strong>kristallklar, genomskinlig, transparent<\/p>\n<p><strong>Inneh\u00e5ll:<\/strong><br \/>\n4 x h\u00f6g stativbas<br \/>\n2x fram- och baksida med logotyp<br \/>\n2x sidodel utan logotyp<\/p>\n<p><strong>Observera:<\/strong> Delarna levereras som ett kit eller som ett plug-in-system. Ingen limning \u00e4r n\u00f6dv\u00e4ndig.<\/p>\n<p><span data-text-color=\"alert\"><strong>UPPM\u00c4RKSAMHET:<\/strong><\/span> Montera delarna noggrant eftersom vissa anslutningar \u00e4r k\u00e4nsliga.<\/p>\n<p><strong>Beskrivning:<\/strong> Ant Arena High Stand har utvecklats f\u00f6r att g\u00f6ra det m\u00f6jligt att placera ANTCUBE ant arenas p\u00e5 en h\u00f6jd som matchar anslutningsh\u00f6jden p\u00e5 myrstackarna. Detta g\u00f6r det m\u00f6jligt att anv\u00e4nda ett formicarium p\u00e5 ett mycket mer utrymmesbesparande s\u00e4tt med en kortare bit r\u00f6r som anslutning mellan myrstack och myrstack. Det g\u00f6r det ocks\u00e5 m\u00f6jligt att anv\u00e4nda v\u00e5ra kristallklara akrylmyrr\u00f6r som anslutning utan att beh\u00f6va arbeta med b\u00f6jar.<\/p>\n<p><strong>Anv\u00e4ndning:<\/strong> f\u00f6r ant arena med <strong>golvyta 20x20cm<\/strong><\/p>\n<\/div>","protected":false},"excerpt":{"rendered":"<p>F\u00f6r myra med golvyta 20x20cm<\/p>","protected":false},"featured_media":6586,"comment_status":"open","ping_status":"closed","template":"","meta":{"_acf_changed":false,"content-type":"","_monsterinsights_skip_tracking":false,"_monsterinsights_sitenote_active":false,"_monsterinsights_sitenote_note":"","_monsterinsights_sitenote_category":0},"product_brand":[],"product_cat":[119,239],"product_tag":[],"class_list":{"0":"post-6668","1":"product","2":"type-product","3":"status-publish","4":"has-post-thumbnail","6":"product_cat-formicarium-components","7":"product_cat-useful-additions","9":"first","10":"instock","11":"taxable","12":"shipping-taxable","13":"purchasable","14":"product-type-simple"},"acf":[],"aioseo_notices":[],"jetpack_sharing_enabled":true,"_links":{"self":[{"href":"https:\/\/antcube.shop\/sv\/wp-json\/wp\/v2\/product\/6668","targetHints":{"allow":["GET"]}}],"collection":[{"href":"https:\/\/antcube.shop\/sv\/wp-json\/wp\/v2\/product"}],"about":[{"href":"https:\/\/antcube.shop\/sv\/wp-json\/wp\/v2\/types\/product"}],"replies":[{"embeddable":true,"href":"https:\/\/antcube.shop\/sv\/wp-json\/wp\/v2\/comments?post=6668"}],"wp:featuredmedia":[{"embeddable":true,"href":"https:\/\/antcube.shop\/sv\/wp-json\/wp\/v2\/media\/6586"}],"wp:attachment":[{"href":"https:\/\/antcube.shop\/sv\/wp-json\/wp\/v2\/media?parent=6668"}],"wp:term":[{"taxonomy":"product_brand","embeddable":true,"href":"https:\/\/antcube.shop\/sv\/wp-json\/wp\/v2\/product_brand?post=6668"},{"taxonomy":"product_cat","embeddable":true,"href":"https:\/\/antcube.shop\/sv\/wp-json\/wp\/v2\/product_cat?post=6668"},{"taxonomy":"product_tag","embeddable":true,"href":"https:\/\/antcube.shop\/sv\/wp-json\/wp\/v2\/product_tag?post=6668"}],"curies":[{"name":"wp","href":"https:\/\/api.w.org\/{rel}","templated":true}]}}