{"id":6663,"date":"2023-12-05T13:39:04","date_gmt":"2023-12-05T12:39:04","guid":{"rendered":"https:\/\/antcube.shop\/product\/transparente-klebe-pads-3x2cm-8st\/"},"modified":"2026-03-20T13:42:48","modified_gmt":"2026-03-20T12:42:48","slug":"transparenta-haftplattor-3x2cm","status":"publish","type":"product","link":"https:\/\/antcube.shop\/sv\/produkt\/transparenta-haftplattor-3x2cm\/","title":{"rendered":"Transparenta sj\u00e4lvh\u00e4ftande kuddar 4 st."},"content":{"rendered":"<p><strong>M\u00e5tt:<\/strong> 5,2 x1,5 mm<\/p>\n<p><strong>F\u00e4rg:<\/strong> transparent \/ mj\u00f6lkaktig<\/p>\n<p><strong>Material:<\/strong> PVC<\/p>\n<p><strong>Fastighet:<\/strong> starkt sj\u00e4lvh\u00e4ftande p\u00e5 b\u00e5da sidor<\/p>\n<p><strong>Beskrivning:<\/strong> Perfekt f\u00f6r att f\u00e4sta f\u00f6rem\u00e5l med sl\u00e4t yta i Formicarium. Till exempel. Termohygrometer, dekoration, plattformar etc.<\/p>","protected":false},"excerpt":{"rendered":"<p>M\u00e5tt: 5,2 x1,5 mm 5,2 x1,5 mm F\u00e4rg: transparent \/ mj\u00f6lkaktig Material: PVC Egenskap: starkt sj\u00e4lvh\u00e4ftande p\u00e5 b\u00e5da sidor Beskrivning: Perfekt f\u00f6r att f\u00e4sta f\u00f6rem\u00e5l med en sl\u00e4t yta i Formicarium. Som t.ex. Termohygrometer, dekoration, plattformar etc.<\/p>","protected":false},"featured_media":6667,"comment_status":"open","ping_status":"closed","template":"","meta":{"_acf_changed":false,"content-type":"","_monsterinsights_skip_tracking":false,"_monsterinsights_sitenote_active":false,"_monsterinsights_sitenote_note":"","_monsterinsights_sitenote_category":0},"product_brand":[],"product_cat":[359,119],"product_tag":[],"class_list":{"0":"post-6663","1":"product","2":"type-product","3":"status-publish","4":"has-post-thumbnail","6":"product_cat-light-heat-humidity","7":"product_cat-formicarium-components","9":"first","10":"instock","11":"taxable","12":"shipping-taxable","13":"purchasable","14":"product-type-simple"},"acf":[],"aioseo_notices":[],"jetpack_sharing_enabled":true,"_links":{"self":[{"href":"https:\/\/antcube.shop\/sv\/wp-json\/wp\/v2\/product\/6663","targetHints":{"allow":["GET"]}}],"collection":[{"href":"https:\/\/antcube.shop\/sv\/wp-json\/wp\/v2\/product"}],"about":[{"href":"https:\/\/antcube.shop\/sv\/wp-json\/wp\/v2\/types\/product"}],"replies":[{"embeddable":true,"href":"https:\/\/antcube.shop\/sv\/wp-json\/wp\/v2\/comments?post=6663"}],"wp:featuredmedia":[{"embeddable":true,"href":"https:\/\/antcube.shop\/sv\/wp-json\/wp\/v2\/media\/6667"}],"wp:attachment":[{"href":"https:\/\/antcube.shop\/sv\/wp-json\/wp\/v2\/media?parent=6663"}],"wp:term":[{"taxonomy":"product_brand","embeddable":true,"href":"https:\/\/antcube.shop\/sv\/wp-json\/wp\/v2\/product_brand?post=6663"},{"taxonomy":"product_cat","embeddable":true,"href":"https:\/\/antcube.shop\/sv\/wp-json\/wp\/v2\/product_cat?post=6663"},{"taxonomy":"product_tag","embeddable":true,"href":"https:\/\/antcube.shop\/sv\/wp-json\/wp\/v2\/product_tag?post=6663"}],"curies":[{"name":"wp","href":"https:\/\/api.w.org\/{rel}","templated":true}]}}