{"id":6631,"date":"2023-12-04T15:12:05","date_gmt":"2023-12-04T14:12:05","guid":{"rendered":"https:\/\/antcube.shop\/product\/klebeklammern-transparent-2-stk\/"},"modified":"2026-04-11T18:28:14","modified_gmt":"2026-04-11T16:28:14","slug":"sjalvhaftande-clips-transparent-2-st-2","status":"publish","type":"product","link":"https:\/\/antcube.shop\/sv\/produkt\/sjalvhaftande-clips-transparent-2-st-2\/","title":{"rendered":"Sj\u00e4lvh\u00e4ftande clips - transparenta 2 st."},"content":{"rendered":"<p><strong>M\u00e5tt:<\/strong> 24 x 13 mm<br \/>\n<strong>Material:<\/strong> Akryl<br \/>\n<strong>Kvantitet:<\/strong> 2 stycken<\/p>\n<p><strong>Beskrivning:<\/strong> Transparenta plastclips med sj\u00e4lvh\u00e4ftande yta. Perfekt f\u00f6r att f\u00e4sta v\u00e5ra r\u00f6da folier och v\u00e4rmemattor p\u00e5 framsidan eller baksidan av v\u00e5ra myrstackar. V\u00e4rmemattor beh\u00f6ver d\u00e4rmed inte limmas fast p\u00e5 baksidan av myrstacken utan kan f\u00e4stas efter behov. Tack vare det transparenta materialet st\u00f6rs inte optiken.<\/p>\n<p><strong>F\u00e4rg:<\/strong> genomskinlig<\/p>","protected":false},"excerpt":{"rendered":"<p>M\u00e5tt: 24 x 13 mm Material: Akryl Antal: 2 st Beskrivning: Transparenta plastkl\u00e4mmor med sj\u00e4lvh\u00e4ftande yta. Perfekt f\u00f6r att f\u00e4sta v\u00e5ra r\u00f6da folier och v\u00e4rmemattor p\u00e5 framsidan eller baksidan av v\u00e5ra myrstackar. V\u00e4rmemattor beh\u00f6ver d\u00e4rf\u00f6r inte limmas fast p\u00e5 baksidan av myrstacken och kan ist\u00e4llet f\u00e4stas p\u00e5","protected":false},"featured_media":6628,"comment_status":"open","ping_status":"closed","template":"","meta":{"_acf_changed":false,"content-type":"","_monsterinsights_skip_tracking":false,"_monsterinsights_sitenote_active":false,"_monsterinsights_sitenote_note":"","_monsterinsights_sitenote_category":0},"product_brand":[],"product_cat":[359,119,239],"product_tag":[],"class_list":{"0":"post-6631","1":"product","2":"type-product","3":"status-publish","4":"has-post-thumbnail","6":"product_cat-light-heat-humidity","7":"product_cat-formicarium-components","8":"product_cat-useful-additions","10":"first","11":"instock","12":"taxable","13":"shipping-taxable","14":"purchasable","15":"product-type-simple"},"acf":[],"aioseo_notices":[],"jetpack_sharing_enabled":true,"_links":{"self":[{"href":"https:\/\/antcube.shop\/sv\/wp-json\/wp\/v2\/product\/6631","targetHints":{"allow":["GET"]}}],"collection":[{"href":"https:\/\/antcube.shop\/sv\/wp-json\/wp\/v2\/product"}],"about":[{"href":"https:\/\/antcube.shop\/sv\/wp-json\/wp\/v2\/types\/product"}],"replies":[{"embeddable":true,"href":"https:\/\/antcube.shop\/sv\/wp-json\/wp\/v2\/comments?post=6631"}],"wp:featuredmedia":[{"embeddable":true,"href":"https:\/\/antcube.shop\/sv\/wp-json\/wp\/v2\/media\/6628"}],"wp:attachment":[{"href":"https:\/\/antcube.shop\/sv\/wp-json\/wp\/v2\/media?parent=6631"}],"wp:term":[{"taxonomy":"product_brand","embeddable":true,"href":"https:\/\/antcube.shop\/sv\/wp-json\/wp\/v2\/product_brand?post=6631"},{"taxonomy":"product_cat","embeddable":true,"href":"https:\/\/antcube.shop\/sv\/wp-json\/wp\/v2\/product_cat?post=6631"},{"taxonomy":"product_tag","embeddable":true,"href":"https:\/\/antcube.shop\/sv\/wp-json\/wp\/v2\/product_tag?post=6631"}],"curies":[{"name":"wp","href":"https:\/\/api.w.org\/{rel}","templated":true}]}}