{"id":6581,"date":"2023-12-04T13:54:37","date_gmt":"2023-12-04T12:54:37","guid":{"rendered":"https:\/\/antcube.shop\/product\/humidity-control-ii-timer\/"},"modified":"2026-04-02T12:12:11","modified_gmt":"2026-04-02T10:12:11","slug":"luftfuktighetsreglering-ii-timer","status":"publish","type":"product","link":"https:\/\/antcube.shop\/sv\/produkt\/luftfuktighetsreglering-ii-timer\/","title":{"rendered":"Luftfuktighetsreglering II + Timer"},"content":{"rendered":"<p><strong>Beskrivning:<\/strong> Humidity Control 2 \u00e4r en digital hygrostat som inte l\u00e4mnar n\u00e5got \u00f6vrigt att \u00f6nska till ett pris som saknar motstycke.<br \/>\nDen har tv\u00e5 kretsar som m\u00f6jligg\u00f6r olika inst\u00e4llningar f\u00f6r dag och natt. En realtidsklocka \u00e4r integrerad i enheten, s\u00e5 att omkopplingen mellan dag och natt sker flexibelt via tiden. En timer \u00e4r ocks\u00e5 integrerad, s\u00e5 att du kan st\u00e4lla in tv\u00e5 ON\/OFF-tider via klockan. Den minsta tidsperioden \u00e4r en minut.<br \/>\nAndra funktioner \u00e4r en larmfunktion (visuell och akustisk), m\u00f6jlighet att v\u00e4xla fr\u00e5n befuktningsl\u00e4ge till avfuktningsl\u00e4ge, t.ex. f\u00f6r anv\u00e4ndning med fl\u00e4ktar, och m\u00f6jlighet att p\u00e5verka hygrostatens kopplingsl\u00e4ge. Du kan definiera den avvikelse vid vilken hygrostaten kopplar om. H\u00e4r kan du t.ex. v\u00e4lja ett v\u00e4rde p\u00e5 15, dvs. befuktaren kopplas in f\u00f6rst n\u00e4r den uppm\u00e4tta luftfuktigheten ligger 15% under b\u00f6rv\u00e4rdet. Detta kan vara anv\u00e4ndbart f\u00f6r att f\u00f6rhindra att luftfuktaren st\u00e4ndigt sl\u00e5s p\u00e5 och av, eftersom luftfuktigheten ocks\u00e5 fluktuerar i naturen.<br \/>\nEnheterna ansluts via Schuko-kopplingar. Den maximala omkopplingskapaciteten \u00e4r 1000W. Displayen visar konstant den uppm\u00e4tta luftfuktigheten. Omr\u00e5det \u00e4r 1 till 99%.<\/p>\n<p>- Tv\u00e5 kretsar f\u00f6r olika luftfuktighetsinst\u00e4llningar dag och natt<br \/>\n- Realtidsklocka, tider p\u00e5 dygnet definieras av tiden<br \/>\n- Integrerad timer<br \/>\n- Permanent visning av luftfuktighet<br \/>\n- Enheten kan v\u00e4xla mellan befuktning och avfuktning<br \/>\n- Larmfunktion vid avvikelse (justerbar mellan 1% och 50% relativ luftfuktighet)<br \/>\n- Exakt fj\u00e4rrsensor<br \/>\n- Jordade uttag<br \/>\n- Kopplingskapacitet p\u00e5 max. 1000<\/p>","protected":false},"excerpt":{"rendered":"<p>Beskrivning: Humidity Control 2 \u00e4r en digital hygrostat som inte l\u00e4mnar n\u00e5got \u00f6vrigt att \u00f6nska till ett pris som saknar motstycke. Den har tv\u00e5 kretsar som m\u00f6jligg\u00f6r olika inst\u00e4llningar f\u00f6r dag och natt. En realtidsklocka \u00e4r integrerad i enheten, s\u00e5 att v\u00e4xlingen mellan dag och natt sker flexibelt via tiden. En timer \u00e4r","protected":false},"featured_media":6602,"comment_status":"open","ping_status":"closed","template":"","meta":{"_acf_changed":false,"content-type":"","_monsterinsights_skip_tracking":false,"_monsterinsights_sitenote_active":false,"_monsterinsights_sitenote_note":"","_monsterinsights_sitenote_category":0},"product_brand":[],"product_cat":[359,119],"product_tag":[],"class_list":{"0":"post-6581","1":"product","2":"type-product","3":"status-publish","4":"has-post-thumbnail","6":"product_cat-light-heat-humidity","7":"product_cat-formicarium-components","9":"first","10":"instock","11":"taxable","12":"shipping-taxable","13":"purchasable","14":"product-type-simple"},"acf":[],"aioseo_notices":[],"jetpack_sharing_enabled":true,"_links":{"self":[{"href":"https:\/\/antcube.shop\/sv\/wp-json\/wp\/v2\/product\/6581","targetHints":{"allow":["GET"]}}],"collection":[{"href":"https:\/\/antcube.shop\/sv\/wp-json\/wp\/v2\/product"}],"about":[{"href":"https:\/\/antcube.shop\/sv\/wp-json\/wp\/v2\/types\/product"}],"replies":[{"embeddable":true,"href":"https:\/\/antcube.shop\/sv\/wp-json\/wp\/v2\/comments?post=6581"}],"wp:featuredmedia":[{"embeddable":true,"href":"https:\/\/antcube.shop\/sv\/wp-json\/wp\/v2\/media\/6602"}],"wp:attachment":[{"href":"https:\/\/antcube.shop\/sv\/wp-json\/wp\/v2\/media?parent=6581"}],"wp:term":[{"taxonomy":"product_brand","embeddable":true,"href":"https:\/\/antcube.shop\/sv\/wp-json\/wp\/v2\/product_brand?post=6581"},{"taxonomy":"product_cat","embeddable":true,"href":"https:\/\/antcube.shop\/sv\/wp-json\/wp\/v2\/product_cat?post=6581"},{"taxonomy":"product_tag","embeddable":true,"href":"https:\/\/antcube.shop\/sv\/wp-json\/wp\/v2\/product_tag?post=6581"}],"curies":[{"name":"wp","href":"https:\/\/api.w.org\/{rel}","templated":true}]}}