{"id":6580,"date":"2023-12-04T13:54:31","date_gmt":"2023-12-04T12:54:31","guid":{"rendered":"https:\/\/antcube.shop\/product\/thermo-control-pro-ii\/"},"modified":"2026-04-13T17:30:22","modified_gmt":"2026-04-13T15:30:22","slug":"termokontroll-pro-ii","status":"publish","type":"product","link":"https:\/\/antcube.shop\/sv\/produkt\/termokontroll-pro-ii\/","title":{"rendered":"Thermo Control Pro II"},"content":{"rendered":"<p><strong>Beskrivning:<\/strong> Thermo Control PRO II \u00e4r en vidareutveckling av Thermo Control II. De viktigaste skillnaderna \u00e4r en realtidsklocka och tv\u00e5 temperaturkretsar, s\u00e5 att olika temperaturer kan st\u00e4llas in f\u00f6r dag och natt. Omkopplingen mellan dag- och nattdrift \u00e4r tidsstyrd.<br \/>\nTill skillnad fr\u00e5n Thermo Control II kan tiden st\u00e4llas in i minutenheter f\u00f6r timern p\u00e5 denna modell. Det finns tv\u00e5 m\u00f6jliga ON\/OFF-tider.<br \/>\nDessutom kan enheten kopplas om mellan v\u00e4rme- och kyll\u00e4ge, t.ex. f\u00f6r drift av fl\u00e4ktar. N\u00e4r den inst\u00e4llda temperaturen har uppn\u00e5tts kopplas termostaten till ist\u00e4llet f\u00f6r fr\u00e5n.<br \/>\nDen maximala omkopplingskapaciteten \u00e4r 1000W. Temperaturomr\u00e5de fr\u00e5n 0-50\u00b0C.<\/p>\n<p>- Tv\u00e5 omkopplingskretsar f\u00f6r olika dag- och nattinst\u00e4llningar<br \/>\n- Realtidsklocka, tider p\u00e5 dygnet definieras av tiden<br \/>\n- Integrerad timer<br \/>\n- Permanent temperaturvisning<br \/>\n- Omkopplingsbar mellan v\u00e4rme- och kyll\u00e4ge<br \/>\n- Larmfunktion vid avvikelse (justerbar mellan 1\u00b0C och 15\u00b0C)<br \/>\n- 2m l\u00e5ng fj\u00e4rrsensor, \u00e4ven l\u00e4mplig f\u00f6r akvarier<br \/>\n- Jordade uttag<br \/>\n- Kopplingsf\u00f6rm\u00e5ga p\u00e5 max. 1000 watt<\/p>\n<p>- Rekommenderas f\u00f6r anv\u00e4ndning med v\u00e4rmemattor, v\u00e4rmekablar, v\u00e4rmestenar och keramiska v\u00e4rmestr\u00e5lare f\u00f6r att f\u00f6rhindra \u00f6verhettning i terrariet.<\/p>\n<p><strong>Webbl\u00e4nk:<\/strong> http:\/\/www.antstore.net\/viewtopic.php?f=18&amp;p=108893<\/p>","protected":false},"excerpt":{"rendered":"<p>Beskrivning: Thermo Control PRO II \u00e4r en vidareutveckling av Thermo Control II. De viktigaste skillnaderna \u00e4r en realtidsklocka och tv\u00e5 temperaturkretsar, s\u00e5 att olika temperaturer kan st\u00e4llas in f\u00f6r dag och natt. Omkopplingen mellan dag- och nattdrift \u00e4r tidsstyrd. Till skillnad fr\u00e5n Thermo Control II kan tiden st\u00e4llas in","protected":false},"featured_media":6600,"comment_status":"open","ping_status":"closed","template":"","meta":{"_acf_changed":false,"content-type":"","_monsterinsights_skip_tracking":false,"_monsterinsights_sitenote_active":false,"_monsterinsights_sitenote_note":"","_monsterinsights_sitenote_category":0},"product_brand":[],"product_cat":[359,119],"product_tag":[],"class_list":{"0":"post-6580","1":"product","2":"type-product","3":"status-publish","4":"has-post-thumbnail","6":"product_cat-light-heat-humidity","7":"product_cat-formicarium-components","9":"first","10":"instock","11":"taxable","12":"shipping-taxable","13":"purchasable","14":"product-type-simple"},"acf":[],"aioseo_notices":[],"jetpack_sharing_enabled":true,"_links":{"self":[{"href":"https:\/\/antcube.shop\/sv\/wp-json\/wp\/v2\/product\/6580","targetHints":{"allow":["GET"]}}],"collection":[{"href":"https:\/\/antcube.shop\/sv\/wp-json\/wp\/v2\/product"}],"about":[{"href":"https:\/\/antcube.shop\/sv\/wp-json\/wp\/v2\/types\/product"}],"replies":[{"embeddable":true,"href":"https:\/\/antcube.shop\/sv\/wp-json\/wp\/v2\/comments?post=6580"}],"wp:featuredmedia":[{"embeddable":true,"href":"https:\/\/antcube.shop\/sv\/wp-json\/wp\/v2\/media\/6600"}],"wp:attachment":[{"href":"https:\/\/antcube.shop\/sv\/wp-json\/wp\/v2\/media?parent=6580"}],"wp:term":[{"taxonomy":"product_brand","embeddable":true,"href":"https:\/\/antcube.shop\/sv\/wp-json\/wp\/v2\/product_brand?post=6580"},{"taxonomy":"product_cat","embeddable":true,"href":"https:\/\/antcube.shop\/sv\/wp-json\/wp\/v2\/product_cat?post=6580"},{"taxonomy":"product_tag","embeddable":true,"href":"https:\/\/antcube.shop\/sv\/wp-json\/wp\/v2\/product_tag?post=6580"}],"curies":[{"name":"wp","href":"https:\/\/api.w.org\/{rel}","templated":true}]}}