{"id":6579,"date":"2023-12-04T13:54:25","date_gmt":"2023-12-04T12:54:25","guid":{"rendered":"https:\/\/antcube.shop\/product\/thermo-control-ii-timer\/"},"modified":"2026-04-01T13:27:55","modified_gmt":"2026-04-01T11:27:55","slug":"termokontroll-ii-timer","status":"publish","type":"product","link":"https:\/\/antcube.shop\/sv\/produkt\/termokontroll-ii-timer\/","title":{"rendered":"Thermo Control II + Timer"},"content":{"rendered":"<p><strong>Beskrivning:<\/strong> I efterf\u00f6ljaren till de popul\u00e4ra Thermo Control-termostaterna \u00e4r det bara priset som p\u00e5minner om en instegsmodell.<br \/>\nThermo Control 2 \u00e4r en digital termostat med ett temperaturomr\u00e5de p\u00e5 0-50\u00b0C. Den fungerar \u00e4ven som termometer tack vare konstant temperaturvisning.<br \/>\nV\u00e4rmare med en maximal total effekt p\u00e5 1200W kan anslutas via en Schuko-koppling. Ytterligare en Schuko-koppling styrs via en integrerad timerfunktion, som kan anv\u00e4ndas f\u00f6r att st\u00e4lla in drifttider f\u00f6r t.ex. belysning eller fl\u00e4ktar. Givaren \u00e4r l\u00e4mplig f\u00f6r m\u00e4tningar i luft och vatten och ansluts till termostaten via en kabel, precis som kopplingen och n\u00e4taggregatet.<br \/>\nDessutom har Thermo Control 2 en larmfunktion som ger en visuell och akustisk varning om temperaturen \u00f6verstiger eller understiger \u00f6nskad temperatur (v\u00e4rden kan st\u00e4llas in mellan 1\u00b0C och 5\u00b0C).<br \/>\nEn enhet som inget terrarium b\u00f6r vara utan!<\/p>\n<p>- Med separat timer, t.ex. f\u00f6r belysning eller ventilation<br \/>\n- Larmfunktion vid temperaturavvikelse (justerbar mellan 1\u00b0C och 5\u00b0C)<br \/>\n- Visning av uppm\u00e4tt temperatur<br \/>\n- 2m l\u00e5ng fj\u00e4rrsensor, \u00e4ven l\u00e4mplig f\u00f6r akvarier<br \/>\n- Jordade uttag<br \/>\n- 1200 watt omkopplingskapacitet<\/p>\n<p>- Rekommenderas f\u00f6r anv\u00e4ndning med v\u00e4rmemattor, v\u00e4rmekablar, v\u00e4rmestenar och keramiska v\u00e4rmestr\u00e5lare f\u00f6r att f\u00f6rhindra \u00f6verhettning i terrariet.<\/p>\n<p><strong>Webbl\u00e4nk:<\/strong> http:\/\/www.antstore.net\/viewtopic.php?f=18&amp;p=108893<\/p>","protected":false},"excerpt":{"rendered":"<p>Beskrivning: I uppf\u00f6ljarmodellen till de popul\u00e4ra Thermo Control-termostaterna \u00e4r det bara priset som p\u00e5minner om en instegsmodell. Thermo Control 2 \u00e4r en digital termostat med ett temperaturomr\u00e5de p\u00e5 0-50\u00b0C. Den fungerar \u00e4ven som termometer tack vare displayen f\u00f6r konstant temperatur. V\u00e4rmare med en maximal total effekt p\u00e5 1200W kan","protected":false},"featured_media":6598,"comment_status":"open","ping_status":"closed","template":"","meta":{"_acf_changed":false,"content-type":"","_monsterinsights_skip_tracking":false,"_monsterinsights_sitenote_active":false,"_monsterinsights_sitenote_note":"","_monsterinsights_sitenote_category":0},"product_brand":[],"product_cat":[359,119],"product_tag":[],"class_list":{"0":"post-6579","1":"product","2":"type-product","3":"status-publish","4":"has-post-thumbnail","6":"product_cat-light-heat-humidity","7":"product_cat-formicarium-components","9":"first","10":"instock","11":"taxable","12":"shipping-taxable","13":"purchasable","14":"product-type-simple"},"acf":[],"aioseo_notices":[],"jetpack_sharing_enabled":true,"_links":{"self":[{"href":"https:\/\/antcube.shop\/sv\/wp-json\/wp\/v2\/product\/6579","targetHints":{"allow":["GET"]}}],"collection":[{"href":"https:\/\/antcube.shop\/sv\/wp-json\/wp\/v2\/product"}],"about":[{"href":"https:\/\/antcube.shop\/sv\/wp-json\/wp\/v2\/types\/product"}],"replies":[{"embeddable":true,"href":"https:\/\/antcube.shop\/sv\/wp-json\/wp\/v2\/comments?post=6579"}],"wp:featuredmedia":[{"embeddable":true,"href":"https:\/\/antcube.shop\/sv\/wp-json\/wp\/v2\/media\/6598"}],"wp:attachment":[{"href":"https:\/\/antcube.shop\/sv\/wp-json\/wp\/v2\/media?parent=6579"}],"wp:term":[{"taxonomy":"product_brand","embeddable":true,"href":"https:\/\/antcube.shop\/sv\/wp-json\/wp\/v2\/product_brand?post=6579"},{"taxonomy":"product_cat","embeddable":true,"href":"https:\/\/antcube.shop\/sv\/wp-json\/wp\/v2\/product_cat?post=6579"},{"taxonomy":"product_tag","embeddable":true,"href":"https:\/\/antcube.shop\/sv\/wp-json\/wp\/v2\/product_tag?post=6579"}],"curies":[{"name":"wp","href":"https:\/\/api.w.org\/{rel}","templated":true}]}}