{"id":6578,"date":"2023-12-04T13:54:19","date_gmt":"2023-12-04T12:54:19","guid":{"rendered":"https:\/\/antcube.shop\/product\/mini-thermo-hygrometer-digital-weis-selbstklebend\/"},"modified":"2026-04-30T18:05:19","modified_gmt":"2026-04-30T16:05:19","slug":"mini-termohygrometer-digital-vit-sjalvhaftande","status":"publish","type":"product","link":"https:\/\/antcube.shop\/sv\/produkt\/mini-termohygrometer-digital-vit-sjalvhaftande\/","title":{"rendered":"Digital mini termohygrometer - vit - sj\u00e4lvh\u00e4ftande"},"content":{"rendered":"<p><strong>M\u00e4tomr\u00e5de:<\/strong> -10 till +60\u00b0C \/ 10% till 99%<\/p>\n<p><strong>M\u00e5tt:<\/strong> 52 x39x15 mm<\/p>\n<p><strong>Beskrivning:<\/strong><br \/>\nMed max\/mini-funktion, med stativ, inkl. batteri LR 44 knappcell.<\/p>\n<p><strong>Observera:<\/strong><br \/>\nF\u00f6r att uppn\u00e5 ett s\u00e5 exakt m\u00e4tresultat som m\u00f6jligt \u00e4r det viktigt att de bakre ventilations\u00f6ppningarna inte blockeras av monteringen!<br \/>\nVid fasts\u00e4ttning av anordningen m\u00e5ste du se till att djuren inte kan n\u00e5 anordningen eller klisterf\u00e4stet med hj\u00e4lp av l\u00e4mpliga flyktskydd.<br \/>\nMen om det finns risk f\u00f6r att detta h\u00e4nder b\u00f6r v\u00e5ra transparenta klisterpads (art.nr. 1002314) anv\u00e4ndas f\u00f6r fixering.<\/p>\n<p><strong>WEEE Reg:<\/strong> DE 78184127<\/p>\n<p><strong>F\u00f6r avfallshantering se batterif\u00f6reskrifter:<\/strong><\/p>\n<p><a href=\"https:\/\/www.antstore.net\/shop\/de\/info\/Batterieverordnung.html\" target=\"_blank\" rel=\"noopener\">https:\/\/www.antstore.net\/shop\/de\/info\/Batterieverordnung.html<\/a><\/p>","protected":false},"excerpt":{"rendered":"<p>M\u00e4tomr\u00e5de: -10 till +60\u00b0C \/ 10 till 99% , M\u00e5tt: 52 x 39 x 15 mm<\/p>","protected":false},"featured_media":6620,"comment_status":"open","ping_status":"closed","template":"","meta":{"_acf_changed":false,"content-type":"","_monsterinsights_skip_tracking":false,"_monsterinsights_sitenote_active":false,"_monsterinsights_sitenote_note":"","_monsterinsights_sitenote_category":0},"product_brand":[],"product_cat":[359,119,239],"product_tag":[],"class_list":{"0":"post-6578","1":"product","2":"type-product","3":"status-publish","4":"has-post-thumbnail","6":"product_cat-light-heat-humidity","7":"product_cat-formicarium-components","8":"product_cat-useful-additions","10":"first","11":"instock","12":"taxable","13":"shipping-taxable","14":"purchasable","15":"product-type-simple"},"acf":[],"aioseo_notices":[],"jetpack_sharing_enabled":true,"_links":{"self":[{"href":"https:\/\/antcube.shop\/sv\/wp-json\/wp\/v2\/product\/6578","targetHints":{"allow":["GET"]}}],"collection":[{"href":"https:\/\/antcube.shop\/sv\/wp-json\/wp\/v2\/product"}],"about":[{"href":"https:\/\/antcube.shop\/sv\/wp-json\/wp\/v2\/types\/product"}],"replies":[{"embeddable":true,"href":"https:\/\/antcube.shop\/sv\/wp-json\/wp\/v2\/comments?post=6578"}],"wp:featuredmedia":[{"embeddable":true,"href":"https:\/\/antcube.shop\/sv\/wp-json\/wp\/v2\/media\/6620"}],"wp:attachment":[{"href":"https:\/\/antcube.shop\/sv\/wp-json\/wp\/v2\/media?parent=6578"}],"wp:term":[{"taxonomy":"product_brand","embeddable":true,"href":"https:\/\/antcube.shop\/sv\/wp-json\/wp\/v2\/product_brand?post=6578"},{"taxonomy":"product_cat","embeddable":true,"href":"https:\/\/antcube.shop\/sv\/wp-json\/wp\/v2\/product_cat?post=6578"},{"taxonomy":"product_tag","embeddable":true,"href":"https:\/\/antcube.shop\/sv\/wp-json\/wp\/v2\/product_tag?post=6578"}],"curies":[{"name":"wp","href":"https:\/\/api.w.org\/{rel}","templated":true}]}}