{"id":6577,"date":"2023-12-04T13:54:13","date_gmt":"2023-12-04T12:54:13","guid":{"rendered":"https:\/\/antcube.shop\/product\/ameisenarena-nebler-gros\/"},"modified":"2026-04-02T12:12:13","modified_gmt":"2026-04-02T10:12:13","slug":"myra-arena-dimma-stor","status":"publish","type":"product","link":"https:\/\/antcube.shop\/sv\/produkt\/myra-arena-dimma-stor\/","title":{"rendered":"Ant arena - dimma - stor"},"content":{"rendered":"<p><strong>Inneh\u00e5ll:<\/strong><br \/>\n- Fogger<br \/>\n- Matchande plugg med 22 mm h\u00e5l f\u00f6r att f\u00e4sta slangen p\u00e5 myrstackens lock<br \/>\n- F\u00f6rl\u00e4ngningsbar slang<\/p>\n<p><strong>Material:<\/strong> plast<\/p>\n<p><strong>F\u00e4rg:<\/strong> svart<\/p>\n<p>Tekniska detaljer:<br \/>\nSp\u00e4nning: AC 120-240 V - 50\/60 Hz<br \/>\nKabell\u00e4ngd: 1,20 m<br \/>\nVattentankens kapacitet: 4L<br \/>\nSlangl\u00e4ngd: individuellt utdragbar mellan 40 och 160 cm<br \/>\nGenerering av dimma: 150-300 ml\/h<br \/>\nMaximal dimningsh\u00f6jd: 2 m med slang<br \/>\nbrusfri<\/p>\n<p>Beskrivning:<br \/>\nF\u00f6r att fukta en myrarena kan denna fogger anslutas direkt till myrarnas arenaskydd.<\/p>\n<p>&nbsp;<\/p>\n<p>&nbsp;<\/p>\n<p>Obs: 20.01.2025 Produktuppdatering - ny modell<\/p>","protected":false},"excerpt":{"rendered":"<p>Inneh\u00e5ll: - Dimrid\u00e5 - Matchande plugg med 22 mm h\u00e5l f\u00f6r att f\u00e4sta slangen p\u00e5 myrstackskyddet - F\u00f6rl\u00e4ngningsbar slang Material: plast F\u00e4rg: svart Tekniska detaljer: Sp\u00e4nning: AC 120-240 V - 50\/60 Hz Kabell\u00e4ngd: 1,20 m Vattentankens kapacitet: 4 l Slangens l\u00e4ngd: individuellt f\u00f6rl\u00e4ngningsbar mellan 40 och 160 cm Dimbildning: 150-300 ml\/h Maximalt [...]","protected":false},"featured_media":10944,"comment_status":"open","ping_status":"closed","template":"","meta":{"_acf_changed":false,"content-type":"","_monsterinsights_skip_tracking":false,"_monsterinsights_sitenote_active":false,"_monsterinsights_sitenote_note":"","_monsterinsights_sitenote_category":0},"product_brand":[],"product_cat":[359,119,239],"product_tag":[],"class_list":{"0":"post-6577","1":"product","2":"type-product","3":"status-publish","4":"has-post-thumbnail","6":"product_cat-light-heat-humidity","7":"product_cat-formicarium-components","8":"product_cat-useful-additions","10":"first","11":"instock","12":"taxable","13":"shipping-taxable","14":"purchasable","15":"product-type-simple"},"acf":[],"aioseo_notices":[],"jetpack_sharing_enabled":true,"_links":{"self":[{"href":"https:\/\/antcube.shop\/sv\/wp-json\/wp\/v2\/product\/6577","targetHints":{"allow":["GET"]}}],"collection":[{"href":"https:\/\/antcube.shop\/sv\/wp-json\/wp\/v2\/product"}],"about":[{"href":"https:\/\/antcube.shop\/sv\/wp-json\/wp\/v2\/types\/product"}],"replies":[{"embeddable":true,"href":"https:\/\/antcube.shop\/sv\/wp-json\/wp\/v2\/comments?post=6577"}],"wp:featuredmedia":[{"embeddable":true,"href":"https:\/\/antcube.shop\/sv\/wp-json\/wp\/v2\/media\/10944"}],"wp:attachment":[{"href":"https:\/\/antcube.shop\/sv\/wp-json\/wp\/v2\/media?parent=6577"}],"wp:term":[{"taxonomy":"product_brand","embeddable":true,"href":"https:\/\/antcube.shop\/sv\/wp-json\/wp\/v2\/product_brand?post=6577"},{"taxonomy":"product_cat","embeddable":true,"href":"https:\/\/antcube.shop\/sv\/wp-json\/wp\/v2\/product_cat?post=6577"},{"taxonomy":"product_tag","embeddable":true,"href":"https:\/\/antcube.shop\/sv\/wp-json\/wp\/v2\/product_tag?post=6577"}],"curies":[{"name":"wp","href":"https:\/\/api.w.org\/{rel}","templated":true}]}}