{"id":6576,"date":"2023-12-04T13:54:06","date_gmt":"2023-12-04T12:54:06","guid":{"rendered":"https:\/\/antcube.shop\/product\/ameisenarena-nebler-klein\/"},"modified":"2026-04-17T10:11:12","modified_gmt":"2026-04-17T08:11:12","slug":"myra-arena-dimma-liten","status":"publish","type":"product","link":"https:\/\/antcube.shop\/sv\/produkt\/myra-arena-dimma-liten\/","title":{"rendered":"Ant arena - dimma - liten"},"content":{"rendered":"<p><strong>Inneh\u00e5ll:<\/strong><br \/>\n- Fogger<br \/>\n- Matchande plugg med 22 mm h\u00e5l f\u00f6r att f\u00e4sta slangen p\u00e5 myrstackens lock<br \/>\n- F\u00f6rl\u00e4ngningsbar slang<\/p>\n<p><strong>Material:<\/strong> plast<\/p>\n<p><strong>F\u00e4rg:<\/strong> svart\/vit<\/p>\n<p><strong>Tekniska specifikationer:<\/strong><br \/>\nSp\u00e4nning: 230V<br \/>\nEffekt: 15W (30 ml\/h)<br \/>\nKabell\u00e4ngd: 1,40 m<br \/>\nVattentankens kapacitet: 360 ml<br \/>\nAnslutning: Euro-kontakt<br \/>\nSlangl\u00e4ngd: 60 cm -&gt; kan f\u00f6rl\u00e4ngas<\/p>\n<p><strong>Beskrivning:<\/strong><br \/>\nF\u00f6r att fukta en myrstack kan denna dimma s\u00e4ttas in direkt i myrstackens lock.<br \/>\nDen lilla Ameisenarena-foggern \u00e4r utformad f\u00f6r befuktning av sm\u00e5 terrarier. I den h\u00e4r modellen har tekniken gjorts mycket enklare, vilket m\u00f6jligg\u00f6r mycket mer problemfri drift. Vattnet sugs upp genom kapill\u00e4rkraften i en filtpatron. Denna kan bytas ut i n\u00e5gra enkla steg, vilket b\u00f6r g\u00f6ras regelbundet av hygieniska sk\u00e4l. Den producerade dimman leds automatiskt genom slangen med hj\u00e4lp av en genial munstycksdesign, utan behov av en extra fl\u00e4kt. Detta minskar risken f\u00f6r fel avsev\u00e4rt. Dimkapaciteten \u00e4r ca 30 ml\/h. Tanken rymmer maximalt 360 ml. Super Fog Nano II kan styras via en timer eller en hygrostat. Tack vare den r\u00f6rliga och f\u00f6rl\u00e4ngningsbara slangen kan Super Fog Nano II anpassas till alla terrarier. En nyhet \u00e4r att membranet nu kan bytas ut av slutanv\u00e4ndaren med bara n\u00e5gra enkla steg. Alla andra delar finns ocks\u00e5 tillg\u00e4ngliga som reservdelar, vilket g\u00f6r Super Fog Nano II till en h\u00e5llbar enhet.<\/p>\n<p><strong>Hack:<\/strong><br \/>\nOm du beh\u00f6ver en l\u00e4ngre slang kan v\u00e5r 20\/16 mm slang (art. 1000107) anslutas till dimmaren. Du beh\u00f6ver ocks\u00e5 formicariumpluggar f\u00f6r 50 mm med ett 20 mm h\u00e5l (art. 1005033 + 20 mm). Observera dock att ju l\u00e4ngre slang, desto mindre dimma kommer att n\u00e5 formicariumet.<\/p>\n<p>&nbsp;<\/p>","protected":false},"excerpt":{"rendered":"<p>Inneh\u00e5ll: - Dimma - Matchande plugg med h\u00e5l f\u00f6r att f\u00e4sta slangen p\u00e5 myrstackskyddet - F\u00f6rl\u00e4ngningsbar slang Material: plast F\u00e4rg: svart\/vit Tekniska specifikationer: Sp\u00e4nning: 230V Effekt: 15W (30ml\/h) Kabell\u00e4ngd: 1,40 m Vattentankens kapacitet: 360ml Anslutning: Euro-kontakt Slangl\u00e4ngd: 60 cm -&gt; kan f\u00f6rl\u00e4ngas Beskrivning: F\u00f6r att fukta en myr [...]","protected":false},"featured_media":6603,"comment_status":"open","ping_status":"closed","template":"","meta":{"_acf_changed":false,"content-type":"","_monsterinsights_skip_tracking":false,"_monsterinsights_sitenote_active":false,"_monsterinsights_sitenote_note":"","_monsterinsights_sitenote_category":0},"product_brand":[],"product_cat":[359,119],"product_tag":[],"class_list":{"0":"post-6576","1":"product","2":"type-product","3":"status-publish","4":"has-post-thumbnail","6":"product_cat-light-heat-humidity","7":"product_cat-formicarium-components","9":"first","10":"instock","11":"taxable","12":"shipping-taxable","13":"purchasable","14":"product-type-simple"},"acf":[],"aioseo_notices":[],"jetpack_sharing_enabled":true,"_links":{"self":[{"href":"https:\/\/antcube.shop\/sv\/wp-json\/wp\/v2\/product\/6576","targetHints":{"allow":["GET"]}}],"collection":[{"href":"https:\/\/antcube.shop\/sv\/wp-json\/wp\/v2\/product"}],"about":[{"href":"https:\/\/antcube.shop\/sv\/wp-json\/wp\/v2\/types\/product"}],"replies":[{"embeddable":true,"href":"https:\/\/antcube.shop\/sv\/wp-json\/wp\/v2\/comments?post=6576"}],"wp:featuredmedia":[{"embeddable":true,"href":"https:\/\/antcube.shop\/sv\/wp-json\/wp\/v2\/media\/6603"}],"wp:attachment":[{"href":"https:\/\/antcube.shop\/sv\/wp-json\/wp\/v2\/media?parent=6576"}],"wp:term":[{"taxonomy":"product_brand","embeddable":true,"href":"https:\/\/antcube.shop\/sv\/wp-json\/wp\/v2\/product_brand?post=6576"},{"taxonomy":"product_cat","embeddable":true,"href":"https:\/\/antcube.shop\/sv\/wp-json\/wp\/v2\/product_cat?post=6576"},{"taxonomy":"product_tag","embeddable":true,"href":"https:\/\/antcube.shop\/sv\/wp-json\/wp\/v2\/product_tag?post=6576"}],"curies":[{"name":"wp","href":"https:\/\/api.w.org\/{rel}","templated":true}]}}