{"id":6572,"date":"2023-12-04T11:34:48","date_gmt":"2023-12-04T10:34:48","guid":{"rendered":"https:\/\/antcube.shop\/product\/arena-vase-10x10cm-aus-glas\/"},"modified":"2026-03-30T10:30:50","modified_gmt":"2026-03-30T08:30:50","slug":"arena-vas-10x10cm-tillverkad-av-glas","status":"publish","type":"product","link":"https:\/\/antcube.shop\/sv\/produkt\/arena-vas-10x10cm-tillverkad-av-glas\/","title":{"rendered":"Arena-vas 10x10cm av glas"},"content":{"rendered":"<p><strong>M\u00e5tt:<\/strong> 10\u00d710,4 cm<\/p>\n<p><strong>Material:<\/strong> glas, PMMA<\/p>\n<p><strong>F\u00e4rg:<\/strong> kristallklar, genomskinlig, transparent<\/p>\n<p><strong>Inneh\u00e5ll:<\/strong><br \/>\n1x glasvas 10x10cm<br \/>\n1x lock 10\u00d70,4cm<\/p>\n<p><strong>Beskrivning:<\/strong> Arena-vasen har utvecklats f\u00f6r utfodring av kolonier av bladsk\u00e4rarmyror av sl\u00e4ktet Atta eller Acromyrmex. Det avtagbara akryllocket med h\u00e5l och slitsar f\u00f6r att arrangera och h\u00e5lla fast grenar av foderv\u00e4xter placeras helt enkelt p\u00e5 vasen. Vasen hj\u00e4lper till att h\u00e5lla foderv\u00e4xterna f\u00e4rska l\u00e4ngre och \u00f6kar samtidigt luftfuktigheten i formicariet genom konstant avdunstning av vattnet i beh\u00e5llaren.<\/p>","protected":false},"excerpt":{"rendered":"<p>M\u00e5tt: 10x20.4cm Material: glas, PMMA F\u00e4rg: kristallklar, genomskinlig, transparent Inneh\u00e5ll: 1x glasvas 10x20cm 1x lock 10x0,4cm Beskrivning: Arena-vasen har utvecklats f\u00f6r utfodring av kolonier av bladsk\u00e4rarmyror av sl\u00e4ktet Atta eller Acromyrmex. Det avtagbara akryllocket med h\u00e5l och slitsar f\u00f6r att arrangera och h\u00e5lla fast grenar av foderv\u00e4xter placeras helt enkelt p\u00e5","protected":false},"featured_media":6587,"comment_status":"open","ping_status":"closed","template":"","meta":{"_acf_changed":false,"content-type":"","_monsterinsights_skip_tracking":false,"_monsterinsights_sitenote_active":false,"_monsterinsights_sitenote_note":"","_monsterinsights_sitenote_category":0},"product_brand":[],"product_cat":[115,118],"product_tag":[],"class_list":{"0":"post-6572","1":"product","2":"type-product","3":"status-publish","4":"has-post-thumbnail","6":"product_cat-food-and-feeding","7":"product_cat-feeding-bowls","9":"first","10":"instock","11":"taxable","12":"shipping-taxable","13":"purchasable","14":"product-type-simple"},"acf":[],"aioseo_notices":[],"jetpack_sharing_enabled":true,"_links":{"self":[{"href":"https:\/\/antcube.shop\/sv\/wp-json\/wp\/v2\/product\/6572","targetHints":{"allow":["GET"]}}],"collection":[{"href":"https:\/\/antcube.shop\/sv\/wp-json\/wp\/v2\/product"}],"about":[{"href":"https:\/\/antcube.shop\/sv\/wp-json\/wp\/v2\/types\/product"}],"replies":[{"embeddable":true,"href":"https:\/\/antcube.shop\/sv\/wp-json\/wp\/v2\/comments?post=6572"}],"wp:featuredmedia":[{"embeddable":true,"href":"https:\/\/antcube.shop\/sv\/wp-json\/wp\/v2\/media\/6587"}],"wp:attachment":[{"href":"https:\/\/antcube.shop\/sv\/wp-json\/wp\/v2\/media?parent=6572"}],"wp:term":[{"taxonomy":"product_brand","embeddable":true,"href":"https:\/\/antcube.shop\/sv\/wp-json\/wp\/v2\/product_brand?post=6572"},{"taxonomy":"product_cat","embeddable":true,"href":"https:\/\/antcube.shop\/sv\/wp-json\/wp\/v2\/product_cat?post=6572"},{"taxonomy":"product_tag","embeddable":true,"href":"https:\/\/antcube.shop\/sv\/wp-json\/wp\/v2\/product_tag?post=6572"}],"curies":[{"name":"wp","href":"https:\/\/api.w.org\/{rel}","templated":true}]}}