{"id":6570,"date":"2023-12-04T11:34:35","date_gmt":"2023-12-04T10:34:35","guid":{"rendered":"https:\/\/antcube.shop\/product\/ameisen-treppenhaus-30cm\/"},"modified":"2026-03-16T11:29:00","modified_gmt":"2026-03-16T10:29:00","slug":"myrtrappa-30cm","status":"publish","type":"product","link":"https:\/\/antcube.shop\/sv\/produkt\/myrtrappa-30cm\/","title":{"rendered":"Myrtrappa 30cm"},"content":{"rendered":"<p><strong>M\u00e5tt:<\/strong> 5x5x30cm<\/p>\n<p><strong>Material:<\/strong> PMMA<\/p>\n<p><strong>F\u00e4rg:<\/strong> kristallklar, genomskinlig, transparent<\/p>\n<p><strong>Inneh\u00e5ll:<\/strong><br \/>\n1x myrtrappa 30cm<br \/>\n2x akrylplatta f\u00f6r valfri v\u00e4ggmontering<\/p>\n<p>1x dyna f\u00f6r myrtrappa<\/p>\n<p><strong>Observera: <\/strong>Delarna levereras som en f\u00e4rdigmonterad produkt. F\u00f6r att f\u00e4sta v\u00e4ggmonteringen lossar du helt enkelt akrylskruvarna upptill och nedtill och tar bort basen. S\u00e4tt tillbaka de tv\u00e5 akrylplattorna med skruvarna 1x upptill och 1x nedtill.<\/p>\n<p><strong>Anslutning:<\/strong> 2x slang 20\/16 mm (utv\u00e4ndigt) eller slang 14\/10 mm (inv\u00e4ndigt) eller 24\/20 (utv\u00e4ndigt 2:a anslutningssteget)<\/p>\n<p><strong>Beskrivning:<\/strong> Myrtrappan anv\u00e4nds f\u00f6r att \u00f6verbrygga h\u00f6jden fr\u00e5n arenan till myrstacken.<\/p>\n<p><strong>Anv\u00e4ndning:<\/strong> f\u00f6r myrodlingar <strong>m\u00e5tt 30x30cm eller 60x30cm<\/strong><\/p>\n<p><span data-text-color=\"alert\"><strong>Viktigt f\u00f6r anv\u00e4ndning med akrylr\u00f6r:<\/strong><\/span><br \/>\nH\u00f6jden \u00e4r inte l\u00e4mplig f\u00f6r v\u00e5r <strong>storlek XL myrodlingar.<\/strong><br \/>\nF\u00f6r<strong> anv\u00e4ndning med akrylr\u00f6r<\/strong> (t.ex. myrr\u00f6r - kristallklart 20mm - 1m art.nr. 1000320) ist\u00e4llet f\u00f6r slangar, beh\u00f6ver du totalt<strong> 3x \"R\u00f6ranslutning kristallklar f\u00f6r 20 mm - I\"<\/strong> (art. nr. 1005624). 1x f\u00f6r uttaget till myrstacken och 2x f\u00f6r de tv\u00e5 uttagen till trapphuset. F\u00f6r gamla myrstackar (alla k\u00f6pta f\u00f6re 12\/2023) m\u00e5ste dessutom en \"transparent flexibel t\u00e4tningsring\" (art.nr. 1001437) skjutas p\u00e5 myrstackens uttag. Annars sitter \"R\u00f6rkoppling kristallklar f\u00f6r 20mm - I\" (art.nr. 1005624) f\u00f6r l\u00f6st p\u00e5 myrstackens uttag. Om dessutom en <strong>Formicarium-dyna <\/strong>anv\u00e4nds f\u00f6r myrstack eller arena, b\u00f6r en s\u00e5dan \u00e4ven anv\u00e4ndas f\u00f6r trappan, eftersom det annars blir en liten h\u00f6jdskillnad mellan trappans uttag och anslutningarna p\u00e5 myrstack och arena.<\/p>","protected":false},"excerpt":{"rendered":"<p>F\u00f6r myrstackar med m\u00e5tten 30x30cm eller 60x30cm<\/p>","protected":false},"featured_media":6585,"comment_status":"open","ping_status":"closed","template":"","meta":{"_acf_changed":false,"content-type":"","_monsterinsights_skip_tracking":false,"_monsterinsights_sitenote_active":false,"_monsterinsights_sitenote_note":"","_monsterinsights_sitenote_category":0},"product_brand":[],"product_cat":[345,119,121,120,239],"product_tag":[],"class_list":{"0":"post-6570","1":"product","2":"type-product","3":"status-publish","4":"has-post-thumbnail","6":"product_cat-pipe-connectors","7":"product_cat-formicarium-components","8":"product_cat-connectors","9":"product_cat-hoses","10":"product_cat-useful-additions","12":"first","13":"instock","14":"taxable","15":"shipping-taxable","16":"purchasable","17":"product-type-simple"},"acf":[],"aioseo_notices":[],"jetpack_sharing_enabled":true,"_links":{"self":[{"href":"https:\/\/antcube.shop\/sv\/wp-json\/wp\/v2\/product\/6570","targetHints":{"allow":["GET"]}}],"collection":[{"href":"https:\/\/antcube.shop\/sv\/wp-json\/wp\/v2\/product"}],"about":[{"href":"https:\/\/antcube.shop\/sv\/wp-json\/wp\/v2\/types\/product"}],"replies":[{"embeddable":true,"href":"https:\/\/antcube.shop\/sv\/wp-json\/wp\/v2\/comments?post=6570"}],"wp:featuredmedia":[{"embeddable":true,"href":"https:\/\/antcube.shop\/sv\/wp-json\/wp\/v2\/media\/6585"}],"wp:attachment":[{"href":"https:\/\/antcube.shop\/sv\/wp-json\/wp\/v2\/media?parent=6570"}],"wp:term":[{"taxonomy":"product_brand","embeddable":true,"href":"https:\/\/antcube.shop\/sv\/wp-json\/wp\/v2\/product_brand?post=6570"},{"taxonomy":"product_cat","embeddable":true,"href":"https:\/\/antcube.shop\/sv\/wp-json\/wp\/v2\/product_cat?post=6570"},{"taxonomy":"product_tag","embeddable":true,"href":"https:\/\/antcube.shop\/sv\/wp-json\/wp\/v2\/product_tag?post=6570"}],"curies":[{"name":"wp","href":"https:\/\/api.w.org\/{rel}","templated":true}]}}