{"id":6567,"date":"2023-12-04T11:34:15","date_gmt":"2023-12-04T10:34:15","guid":{"rendered":"https:\/\/antcube.shop\/product\/kornerfutter-media-100g\/"},"modified":"2026-04-05T17:10:17","modified_gmt":"2026-04-05T15:10:17","slug":"spannmal-foder-media-100g","status":"publish","type":"product","link":"https:\/\/antcube.shop\/sv\/produkt\/spannmal-foder-media-100g\/","title":{"rendered":"Spannm\u00e5l foder media 100g"},"content":{"rendered":"<div class=\"tab-body active\">\n<p><strong>Inneh\u00e5ll:<\/strong> 100g<\/p>\n<p><span id=\"result_box\" class=\"long_text\" lang=\"en\"><strong>Beskrivning:<\/strong> <\/span>Medelstor korn- och fr\u00f6blandning f\u00f6r odling av kolonier av granivora myror, t.ex. Messor, Pogonomyrmex och Pheidole.<br \/>\nMed hj\u00e4lp av denna blandning av medelstora fr\u00f6n st\u00f6ds tillv\u00e4xten.<br \/>\nRen naturprodukt utan konstgjorda tillsatser. Fri fr\u00e5n bek\u00e4mpningsmedel.<\/p>\n<p><strong>Observera:<\/strong><br \/>\nF\u00f6r att anv\u00e4nda matningsr\u00f6ret finns h\u00e4r: <a href=\"https:\/\/www.antstore.net\/shop\/images\/documents\/Anleitung-Ameisenfutterroehrchen.pdf\">L\u00e4nk<\/a><br \/>\nfodertillskott f\u00f6r spannm\u00e5ls\u00e4tande myror.<br \/>\nSammans\u00e4ttning, analytiska best\u00e5ndsdelar, utg\u00e5ngsdatum och partinummer, se bipacksedeln.<\/p>\n<p>Informationshotline +49 30 439703870<\/p>\n<p>Kompetent veterin\u00e4r och livsmedelskontroll:<br \/>\nVeterin\u00e4ramt Steglitz<br \/>\nK\u00f6nigin-Luise-Str. 92<br \/>\n14195 Berlin<\/p>\n<\/div>","protected":false},"excerpt":{"rendered":"<p>Tillskottsfoder<\/p>","protected":false},"featured_media":6625,"comment_status":"open","ping_status":"closed","template":"","meta":{"_acf_changed":false,"content-type":"","_monsterinsights_skip_tracking":false,"_monsterinsights_sitenote_active":false,"_monsterinsights_sitenote_note":"","_monsterinsights_sitenote_category":0},"product_brand":[],"product_cat":[115,116],"product_tag":[],"class_list":{"0":"post-6567","1":"product","2":"type-product","3":"status-publish","4":"has-post-thumbnail","6":"product_cat-food-and-feeding","7":"product_cat-food","9":"first","10":"instock","11":"taxable","12":"shipping-taxable","13":"purchasable","14":"product-type-simple"},"acf":[],"aioseo_notices":[],"jetpack_sharing_enabled":true,"_links":{"self":[{"href":"https:\/\/antcube.shop\/sv\/wp-json\/wp\/v2\/product\/6567","targetHints":{"allow":["GET"]}}],"collection":[{"href":"https:\/\/antcube.shop\/sv\/wp-json\/wp\/v2\/product"}],"about":[{"href":"https:\/\/antcube.shop\/sv\/wp-json\/wp\/v2\/types\/product"}],"replies":[{"embeddable":true,"href":"https:\/\/antcube.shop\/sv\/wp-json\/wp\/v2\/comments?post=6567"}],"wp:featuredmedia":[{"embeddable":true,"href":"https:\/\/antcube.shop\/sv\/wp-json\/wp\/v2\/media\/6625"}],"wp:attachment":[{"href":"https:\/\/antcube.shop\/sv\/wp-json\/wp\/v2\/media?parent=6567"}],"wp:term":[{"taxonomy":"product_brand","embeddable":true,"href":"https:\/\/antcube.shop\/sv\/wp-json\/wp\/v2\/product_brand?post=6567"},{"taxonomy":"product_cat","embeddable":true,"href":"https:\/\/antcube.shop\/sv\/wp-json\/wp\/v2\/product_cat?post=6567"},{"taxonomy":"product_tag","embeddable":true,"href":"https:\/\/antcube.shop\/sv\/wp-json\/wp\/v2\/product_tag?post=6567"}],"curies":[{"name":"wp","href":"https:\/\/api.w.org\/{rel}","templated":true}]}}