{"id":6564,"date":"2023-12-04T11:33:56","date_gmt":"2023-12-04T10:33:56","guid":{"rendered":"https:\/\/antcube.shop\/product\/schraub-adapter-50-auf-27-mm-bohrung\/"},"modified":"2026-04-05T20:47:15","modified_gmt":"2026-04-05T18:47:15","slug":"skruvadapter-50-till-27-mm-borrning","status":"publish","type":"product","link":"https:\/\/antcube.shop\/sv\/produkt\/skruvadapter-50-till-27-mm-borrning\/","title":{"rendered":"Skruvadapter 50 till 27 mm borrning"},"content":{"rendered":"<p><strong>Inneh\u00e5ll:<\/strong><br \/>\n2x akrylskiva 59 x 2mm med 32 mm h\u00e5l<br \/>\n1x Akrylskiva 49 x 4 mm med 27 mm h\u00e5l<br \/>\n2x genomskinlig plastskruv M4<br \/>\n2x genomskinlig mutter M4<\/p>\n<p><strong>Produktens m\u00e5tt:<\/strong> 59 x 8 mm<\/p>\n<p><strong>Material:<\/strong> PMMA<\/p>\n<p><strong>F\u00e4rg:<\/strong> genomskinlig \/ kristallklar<\/p>\n<p><span data-text-color=\"alert\"><strong>UPPM\u00c4RKSAMHET:<\/strong><\/span> endast f\u00f6r v\u00e5ra slangkopplingar f\u00f6r tv\u00e4ttst\u00e4ll 27mm - 14, 20, 24mm - transparent<\/p>\n<p><strong>Beskrivning:<\/strong> Adapter f\u00f6r montering av element med 27 mm diameter i 50 mm h\u00e5l. V\u00e5ra 27 mm pluggar passar ocks\u00e5 i adaptern.<\/p>\n<p>Ger d\u00e4rmed en s\u00e4ker, fast och visuellt attraktiv fasts\u00e4ttning av 20 mm r\u00f6r, slangar eller andra anslutningselement.<\/p>\n<p><strong>Observera:<\/strong> Levereras i enskilda delar och m\u00e5ste f\u00e4stas med en stj\u00e4rnskruvmejsel.<\/p>","protected":false},"excerpt":{"rendered":"<p>Inneh\u00e5ll: 2x akrylskiva 59 x 2mm med 32 mm h\u00e5l 1x akrylskiva 49 x 4mm med 27 mm h\u00e5l 2x transparent plastskruv M4 2x transparent mutter M4 Produktm\u00e5tt 59 x 8 mm Material: PMMA F\u00e4rg: transparent \/ kristallklar OBSERVERA: endast f\u00f6r v\u00e5ra slangkopplingar f\u00f6r tv\u00e4ttst\u00e4ll 27mm - 14, 20, 24mm","protected":false},"featured_media":6593,"comment_status":"open","ping_status":"closed","template":"","meta":{"_acf_changed":false,"content-type":"","_monsterinsights_skip_tracking":false,"_monsterinsights_sitenote_active":false,"_monsterinsights_sitenote_note":"","_monsterinsights_sitenote_category":0},"product_brand":[],"product_cat":[345,119,121,120],"product_tag":[],"class_list":{"0":"post-6564","1":"product","2":"type-product","3":"status-publish","4":"has-post-thumbnail","6":"product_cat-pipe-connectors","7":"product_cat-formicarium-components","8":"product_cat-connectors","9":"product_cat-hoses","11":"first","12":"instock","13":"taxable","14":"shipping-taxable","15":"purchasable","16":"product-type-simple"},"acf":[],"aioseo_notices":[],"jetpack_sharing_enabled":true,"_links":{"self":[{"href":"https:\/\/antcube.shop\/sv\/wp-json\/wp\/v2\/product\/6564","targetHints":{"allow":["GET"]}}],"collection":[{"href":"https:\/\/antcube.shop\/sv\/wp-json\/wp\/v2\/product"}],"about":[{"href":"https:\/\/antcube.shop\/sv\/wp-json\/wp\/v2\/types\/product"}],"replies":[{"embeddable":true,"href":"https:\/\/antcube.shop\/sv\/wp-json\/wp\/v2\/comments?post=6564"}],"wp:featuredmedia":[{"embeddable":true,"href":"https:\/\/antcube.shop\/sv\/wp-json\/wp\/v2\/media\/6593"}],"wp:attachment":[{"href":"https:\/\/antcube.shop\/sv\/wp-json\/wp\/v2\/media?parent=6564"}],"wp:term":[{"taxonomy":"product_brand","embeddable":true,"href":"https:\/\/antcube.shop\/sv\/wp-json\/wp\/v2\/product_brand?post=6564"},{"taxonomy":"product_cat","embeddable":true,"href":"https:\/\/antcube.shop\/sv\/wp-json\/wp\/v2\/product_cat?post=6564"},{"taxonomy":"product_tag","embeddable":true,"href":"https:\/\/antcube.shop\/sv\/wp-json\/wp\/v2\/product_tag?post=6564"}],"curies":[{"name":"wp","href":"https:\/\/api.w.org\/{rel}","templated":true}]}}