{"id":6562,"date":"2023-12-04T11:33:43","date_gmt":"2023-12-04T10:33:43","guid":{"rendered":"https:\/\/antcube.shop\/product\/bundle-offer-messor-structor\/"},"modified":"2026-04-13T09:34:33","modified_gmt":"2026-04-13T07:34:33","slug":"paket-erbjudande-messor-structor","status":"publish","type":"product","link":"https:\/\/antcube.shop\/sv\/produkt\/paket-erbjudande-messor-structor\/","title":{"rendered":"Paketerbjudande - Messor structor"},"content":{"rendered":"<p><span data-text-color=\"secondary\"><strong>Paketerbjudande med en Messor structor-myrkoloni (drottning med 11-25 arbetare + yngel), en startupps\u00e4ttning Habitat Desert M med en andra myrfarm 20\u00d720 M, 3x formicariumkuddar och en burk med v\u00e5ra speciella hela blancherade syrsor 10 g (fuktigt protein).<\/strong><\/span><\/p>\n<p><span data-text-color=\"alert\"><strong>Endast s\u00e5 l\u00e4nge lagret r\u00e4cker.<\/strong><\/span><\/p>\n<p><strong>Allt du beh\u00f6ver f\u00f6r en Messor structor-myrkoloni<\/strong><br \/>\nDetta paket inneh\u00e5ller allt du beh\u00f6ver f\u00f6r att framg\u00e5ngsrikt f\u00e5 en koloni av Messor structor genom de f\u00f6rsta m\u00e5naderna. Det \u00e4r flexibelt utbyggbart och l\u00e4mpar sig s\u00e4rskilt f\u00f6r nyb\u00f6rjare inom myrh\u00e5llning.<\/p>\n<p><strong>Messor structor ant arter<\/strong><br \/>\nMessor structor \u00e4r en granivor (spannm\u00e5ls\u00e4tande) myrart. Den f\u00f6rekommer fr\u00e4mst i Sydeuropa och Medelhavsomr\u00e5det, men \u00e4ven i Centraleuropa och dess utbredningsomr\u00e5de str\u00e4cker sig s\u00e5 l\u00e5ngt som till Iran och s\u00f6dra Ryssland. Det \u00e4r ocks\u00e5 den enda Messor-art som p\u00e5tr\u00e4ffats i Tyskland. Arbetarna \u00e4r n\u00e5got mindre \u00e4n hos Messor barbarus, men Messor structor producerar s\u00e5 kallade st\u00f6rre arbetare (st\u00f6rsta arbetarkasten) tidigare.<\/p>\n<p>\u00c4ven om Messor structor fr\u00e4mst f\u00f6rekommer p\u00e5 st\u00e4pper finns det populationer i vissa l\u00e4nder som trivs b\u00e4ttre i bergsomr\u00e5den eller till och med i blandskogar. Detta visar den stora anpassningsf\u00f6rm\u00e5gan hos denna art. Messor structor bildar vanligtvis polygyna kolonier (flera drottningar i en koloni), men den f\u00f6rekommer \u00e4ven monogyn (endast en drottning per koloni).<\/p>\n<p>Forskare har under en l\u00e4ngre tid f\u00f6rs\u00f6kt ta reda p\u00e5 om Messor structor kan ha utvecklat flera underarter som f\u00f6rekommer i olika regioner genom att analysera det genetiska materialet fr\u00e5n olika kolonier. Detta har dock \u00e4nnu inte slutgiltigt klargjorts.<\/p>\n<p><strong>Nest f\u00f6r Messor structor<\/strong><br \/>\nMessor structor f\u00f6redrar att bygga bo i sandiga jordar. Till skillnad fr\u00e5n de flesta andra Messor-arter \u00e4r den dock relativt flexibel och kan ibland hittas under stenar eller p\u00e5 skuggiga platser i jordigare jordar.<\/p>\n<p><strong>Livsmedel f\u00f6r Messor structor<\/strong><br \/>\nSom alla Messor-arter lever Messor structor huvudsakligen av fr\u00f6n som samlas in, lagras och bearbetas till s\u00e5 kallat myrbr\u00f6d, som d\u00e5 har en l\u00e4ngre h\u00e5llbarhet och hj\u00e4lper kolonierna genom perioder d\u00e5 det finns f\u00e4rre fr\u00f6n att hitta i naturen. Protein accepteras b\u00e5de d\u00f6tt och levande. I naturen d\u00f6dar de sm\u00e5 insekter och anv\u00e4nder dem f\u00f6r att mata sina yngel. Sockerl\u00f6sning eller honung accepteras endast om kolonin inte har tillr\u00e4ckligt med f\u00e4rskvatten tillg\u00e4ngligt f\u00f6r att t\u00e4cka sitt fuktbehov.<\/p>\n<p><strong>De optimala klimatf\u00f6rh\u00e5llandena f\u00f6r Messor structor \u00e4r f\u00f6ljande<\/strong><br \/>\n<strong>Luftfuktighet:<\/strong><br \/>\nArena: 30 - 50% Boomr\u00e5de: 50 - 70%<br \/>\n<strong>Temperatur:<\/strong><br \/>\nArena: 22 - 30\u00b0C Nestomr\u00e5de: 21- 27\u00b0C<\/p>\n<p><strong>Inneh\u00e5ll:<\/strong><\/p>\n<p>1x Messor structor-myrekoloni (drottning + 11-25 arbetare + yngel)<br \/>\n1x Cricket Jam 25g<br \/>\n1x spannm\u00e5lsfoder mindre 100g<br \/>\n1x Formicarium-botten - 20x20cm<br \/>\n2x Formicarium pad - 20x6cm<\/p>\n<p>1x ANTCUBE - arena 20x20x10 - platt<br \/>\n1x ram f\u00f6r myrarena 20\u00d720<br \/>\n1x skydd f\u00f6r myrarena 20\u00d720<br \/>\n4x f\u00e4stpunkt f\u00f6r arena\u00f6verdrag<br \/>\n2x ANTCUBE - myrstack - M - 20\u00d720 - st\u00e5ende<\/p>\n<p>1x 1 m r\u00f6r transparent 14\/10 mm<br \/>\n2x ANTCUBE - R\u00f6d folie 20\u00d720 - filter<br \/>\n2x sj\u00e4lvh\u00e4ftande clips - transparent 2 st.<br \/>\n1x substrat - \u00f6ken - 1kg<br \/>\n1x Formicarium granulat 200ml - beige<\/p>\n<p>1x Grid cap &#8211; 10mm &#8211; stainless steel<br \/>\n2x Grid insert acrylic &#8211; 50 mm with sealing ring<br \/>\n1x Grid insert acrylic &#8211; 27 mm with sealing ring<\/p>\n<p>1x anslutning f\u00f6r tankslang 27-14,16,20 mm - transparent<br \/>\n2x Foil thermometer &#8211; farm<br \/>\n1x Foil thermometer Display<br \/>\n1x drinking clear 5ml &#8211; sponge<br \/>\n1x Feeding dish white rectangle &#8211; 3 compartments<br \/>\n1x Myrskyddsmedel 10ml<br \/>\n1x Pincett fj\u00e4derst\u00e5l - bred - mjuk<br \/>\n1x Pincett i transparent plast<br \/>\n1x plastpipett 3ml<br \/>\n1x handf\u00f6rstoringsglas - 2x - 30mm<br \/>\n1x skumtorkare 150x18x2,5mm<br \/>\n1x fotobaksida - \u00f6ken - 20\u00d710<\/p>\n<p>&nbsp;<\/p>\n<p><strong>Beskrivning:<\/strong><br \/>\nDenna Starter Set Desert \u00e4r l\u00e4mplig f\u00f6r alla arter av sl\u00e4ktet Messor som lever i \u00f6knar, st\u00e4pper eller medelhavsklimat. En av de tv\u00e5 g\u00e5rdarna \u00e4r avsedd f\u00f6r f\u00f6rvaring av fr\u00f6n och myrbr\u00f6d och b\u00f6r d\u00e4rf\u00f6r h\u00e5llas helt torr f\u00f6r att f\u00f6rhindra att de fr\u00f6n\/korn som myrorna f\u00f6rvarar d\u00e4r gror eller blir m\u00f6gliga.<\/p>\n<p>I den helt transparenta odlingen (nest) anv\u00e4nds \"substrat - \u00f6ken\" f\u00f6r att fylla odlingen. Vid behov kan ytterligare moduler anslutas via 50 mm-h\u00e5len i locket, t.ex. de separat tillg\u00e4ngliga foggers, fl\u00e4ktar eller lampor. Alternativt ing\u00e5r l\u00e4mpliga formicariumpluggar f\u00f6r att st\u00e4nga \u00f6ppningarna. Om s\u00e5 \u00f6nskas kan formicariumet ocks\u00e5 anv\u00e4ndas \u00f6ppet genom att helt enkelt placera den avtagbara ramen ovanp\u00e5 och applicera myrskyddsoljan p\u00e5 kanten. \"Clear 20 ml drinking trough - sponge\" \u00e4r avsedd f\u00f6r vatten, \"2 ml food dispenser - dosable\" f\u00f6r spannm\u00e5lsfoder.<\/p>\n<p><strong>Viktigt:<\/strong> V\u00e4nligen fukta substratet f\u00f6re anv\u00e4ndning s\u00e5 att blandningen kan bindas och f\u00e5 ett fast grepp i myrstacken. Om substratet dessutom \u00e4r f\u00f6r torrt och dammigt kan myrornas luftv\u00e4gar blockeras och i v\u00e4rsta fall kan djuren kv\u00e4vas.<\/p>\n<p><strong>Rekommendation:<\/strong> Vi rekommenderar ett substratskikt p\u00e5 2 mm h\u00f6jd, s\u00e5 att djuren inte kan gr\u00e4va sig in i arenan och i st\u00e4llet anv\u00e4nda den g\u00e5rd som tillhandah\u00e5lls f\u00f6r detta \u00e4ndam\u00e5l. Vi rekommenderar ocks\u00e5 att boendematerialet i farmen (sand\/lera, Digfix etc.) \u00e4r l\u00e4tt prickat p\u00e5 ett st\u00e4lle f\u00f6r att g\u00f6ra det l\u00e4ttare f\u00f6r djuren att gr\u00e4va.<\/p>\n<p><strong>Anm\u00e4rkningar om produktionen<\/strong><br \/>\nGlaset sk\u00e4rs till enligt DIN 1249 med en tolerans p\u00e5 +\/- 1 mm. Ytterligare utbrytningsskydd \u00e4r n\u00f6dv\u00e4ndigt f\u00f6r extremt sm\u00e5 myrarter.<\/p>\n<p><strong>Anteckningar om g\u00e5rden<\/strong><br \/>\nObservera f\u00f6ljande n\u00e4r du monterar eller tar bort slangar:<br \/>\nOm slangen \u00e4r mycket sv\u00e5r att f\u00e5 p\u00e5 plats p\u00e5 anslutningshylsan, ska hylsan gnuggas l\u00e4tt med en droppe av v\u00e5r olja eller pulver som skyddar mot utbrott. Tryck sedan p\u00e5 slangen p\u00e5 uttaget med vridande eller skruvande r\u00f6relser utan att belasta uttaget med upp- och ned\u00e5tg\u00e5ende r\u00f6relser. Detsamma g\u00e4ller n\u00e4r du tar bort slangarna fr\u00e5n g\u00e5rdsanslutningsuttaget. Dra inte bara av den!<\/p>\n<p><strong>Anteckningar om Cricket Jam:<\/strong><br \/>\nV\u00e5ra blancherade syrsor \u00e4r ett enkelt s\u00e4tt att f\u00f6rse dina myror med f\u00e4rskt konserverat proteinfoder utan att beh\u00f6va mata levande insekter. De ing\u00e5ende syrsorna (Acheta domesticus) har blancherats f\u00f6rsiktigt f\u00f6r att s\u00e4kerst\u00e4lla att n\u00e4ringsv\u00e4rden, smak och arom bibeh\u00e5lls. Dessutom mjukas insekternas kitinskal upp p\u00e5 detta s\u00e4tt s\u00e5 att det kan sm\u00e4ltas l\u00e4ttare. Bindningarna i kollagenproteinerna bryts ned s\u00e5 att myrorna kan utnyttja dem b\u00e4ttre. Acheta domesticus p\u00e5 burk har samma n\u00e4ringsv\u00e4rde som levande syrsor, men \u00e4r l\u00e4ttare att sm\u00e4lta.<\/p>\n<p>Cricket Jam \u00e4r inte l\u00e4mplig f\u00f6r jakt p\u00e5 myrarter som kr\u00e4ver levande f\u00f6da. (t.ex. poneriner (stora myror) som Harpegnathos eller Odontomachus)<\/p>\n<p><strong>Ytterligare f\u00f6rdelar:<\/strong><br \/>\nGaranterat fri fr\u00e5n kvalster<br \/>\nKan portioneras och sp\u00e4das med vatten<br \/>\nSteriliserad och vakuumf\u00f6rpackad<br \/>\nUtan tillsatser<br \/>\nSyrsor fr\u00e5n h\u00e5llbar rent ekologisk uppf\u00f6dning, matade med organiskt avfall<\/p>\n<p><strong>Observera:<\/strong><br \/>\nKan f\u00f6rvaras i kylsk\u00e5p i ca fyra dagar efter \u00f6ppnandet. L\u00e4ngre h\u00e5llbarhet om den fryses.<br \/>\nLystring: F\u00f6rst portion, sedan frys.<\/p>","protected":false},"excerpt":{"rendered":"<p>Satsen best\u00e5r av 38 delar<\/p>\n<p>Storlek: <strong>M<\/strong><\/p>","protected":false},"featured_media":7134,"comment_status":"open","ping_status":"closed","template":"","meta":{"_acf_changed":false,"content-type":"","_monsterinsights_skip_tracking":false,"_monsterinsights_sitenote_active":false,"_monsterinsights_sitenote_note":"","_monsterinsights_sitenote_category":0},"product_brand":[],"product_cat":[355,353,73],"product_tag":[],"class_list":{"0":"post-6562","1":"product","2":"type-product","3":"status-publish","4":"has-post-thumbnail","6":"product_cat-bundle-offers","7":"product_cat-starter-sets-for-harvester-ants","8":"product_cat-starter-sets","10":"first","11":"instock","12":"taxable","13":"shipping-taxable","14":"purchasable","15":"product-type-simple"},"acf":[],"aioseo_notices":[],"jetpack_sharing_enabled":true,"_links":{"self":[{"href":"https:\/\/antcube.shop\/sv\/wp-json\/wp\/v2\/product\/6562","targetHints":{"allow":["GET"]}}],"collection":[{"href":"https:\/\/antcube.shop\/sv\/wp-json\/wp\/v2\/product"}],"about":[{"href":"https:\/\/antcube.shop\/sv\/wp-json\/wp\/v2\/types\/product"}],"replies":[{"embeddable":true,"href":"https:\/\/antcube.shop\/sv\/wp-json\/wp\/v2\/comments?post=6562"}],"wp:featuredmedia":[{"embeddable":true,"href":"https:\/\/antcube.shop\/sv\/wp-json\/wp\/v2\/media\/7134"}],"wp:attachment":[{"href":"https:\/\/antcube.shop\/sv\/wp-json\/wp\/v2\/media?parent=6562"}],"wp:term":[{"taxonomy":"product_brand","embeddable":true,"href":"https:\/\/antcube.shop\/sv\/wp-json\/wp\/v2\/product_brand?post=6562"},{"taxonomy":"product_cat","embeddable":true,"href":"https:\/\/antcube.shop\/sv\/wp-json\/wp\/v2\/product_cat?post=6562"},{"taxonomy":"product_tag","embeddable":true,"href":"https:\/\/antcube.shop\/sv\/wp-json\/wp\/v2\/product_tag?post=6562"}],"curies":[{"name":"wp","href":"https:\/\/api.w.org\/{rel}","templated":true}]}}