{"id":6561,"date":"2023-12-04T11:33:36","date_gmt":"2023-12-04T10:33:36","guid":{"rendered":"https:\/\/antcube.shop\/product\/bundle-offer-camponotus-barbaricus\/"},"modified":"2026-03-30T10:28:01","modified_gmt":"2026-03-30T08:28:01","slug":"kombinationserbjudande-camponotus-barbaricus","status":"publish","type":"product","link":"https:\/\/antcube.shop\/sv\/produkt\/kombinationserbjudande-camponotus-barbaricus\/","title":{"rendered":"Paketerbjudande - Camponotus barbaricus"},"content":{"rendered":"<p><span data-text-color=\"secondary\"><strong>Paketerbjudande med en Camponotus barbaricus-myrkoloni (drottning med 5-10 arbetare + yngel), ett startset Habitat Desert L med 2x formicariumkuddar, en burk med v\u00e5ra speciella hela blancherade syrsor (fuktigt protein) och en p\u00e5fyllningsp\u00e5se med honungsdaggblandning 10 ml<\/strong><\/span><\/p>\n<p><span data-text-color=\"alert\"><strong>Endast s\u00e5 l\u00e4nge lagret r\u00e4cker.<\/strong><\/span><\/p>\n<p><strong>Allt du beh\u00f6ver f\u00f6r en Camponotus barbaricus-myrkoloni<\/strong><br \/>\nDetta paket inneh\u00e5ller allt du beh\u00f6ver f\u00f6r att framg\u00e5ngsrikt f\u00e5 en Camponotus barbaricus-koloni genom de f\u00f6rsta m\u00e5naderna. Det \u00e4r flexibelt utbyggbart och uttryckligen l\u00e4mpligt f\u00f6r nyb\u00f6rjare inom myrh\u00e5llning.<\/p>\n<p><strong>Myrarter Camponotus barbaricus<\/strong><br \/>\nCamponotus barbaricus \u00e4r en av de st\u00f6rsta myrarterna i Europa. Den finns i Portugal, Spanien, Sicilien och utanf\u00f6r Europa i Marocko, Algeriet, Tunisien och Libyen. Dess kolonier \u00e4r monogyna (endast en drottning per koloni) och, liksom de flesta Camponotus-arter, \u00e4r det en mycket polymorf myrart (som bildar s\u00e5 kallade kaster, dvs. mindre och st\u00f6rre arbetare).<\/p>\n<p>I det vilda kan de bilda kolonier p\u00e5 flera 10 000 individer. Camponotus barbaricus f\u00f6rsvarar aggressivt sitt bo och sin jaktmark och \u00e4r mycket framg\u00e5ngsrik i detta p\u00e5 grund av sin storlek. Majorerna (den st\u00f6rsta kasten av arbetare) n\u00e5r en storlek p\u00e5 ca 17 mm.<\/p>\n<p><strong>Bo f\u00f6r Camponotus barbaricus<\/strong><br \/>\nCamponotus barbaricus f\u00f6redrar att bo i sandiga jordar. Till skillnad fr\u00e5n de flesta Camponotus-arter hittas de s\u00e4llan i ruttet tr\u00e4. Desert Starter Set som ing\u00e5r i paketet \u00e4r d\u00e4rf\u00f6r perfekt anpassat till behoven hos denna art.<\/p>\n<p><strong>Foder f\u00f6r Camponotus barbaricus<\/strong><br \/>\nI naturen lever Camponotus barbaricus huvudsakligen av insekter och honungsdagg. D\u00e4rf\u00f6r har vi inkluderat b\u00e5de v\u00e5ra blancherade syrsor som proteinfoder och v\u00e5r honungsmj\u00f6lsblandning i detta paket s\u00e5 att du kan erbjuda dina myror en diet som \u00e4r s\u00e5 artanpassad som m\u00f6jligt.<\/p>\n<p><strong>De optimala klimatf\u00f6rh\u00e5llandena f\u00f6r Camponotus barbaricus \u00e4r f\u00f6ljande<\/strong><br \/>\n<strong>Luftfuktighet:<\/strong><br \/>\nArena: 30 - 50% Boomr\u00e5de: 50 - 60%<br \/>\n<strong>Temperatur:<\/strong><br \/>\nArena: 18 - 28\u00b0C Nestomr\u00e5de: 21 - 26\u00b0C<\/p>\n<p><strong>Inneh\u00e5ll:<\/strong><\/p>\n<p>1x Camponotus barbaricus (drottning med 1-4 arbetare + yngel)<br \/>\n1x Cricket Jam 25g<br \/>\n1x Honeydew mix (HT) - p\u00e5fyllningspaket 10 ml<br \/>\n1x Formicarium-bas - 20x20cm<br \/>\n1x Formicarium-bas - 20x6cm<\/p>\n<p>1x ANTCUBE - arena 20x20x10 - platt<br \/>\n1x ram f\u00f6r myrarena 20\u00d720<br \/>\n1x skydd f\u00f6r myrarena 20\u00d720<br \/>\n4x f\u00e4stpunkt f\u00f6r arena\u00f6verdrag<br \/>\n1x ANTCUBE - Myrfarm - L - 20\u00d720 - st\u00e5ende<\/p>\n<p>1x 0,5 m r\u00f6r transparent 20\/16 mm<br \/>\n2x ANTCUBE - R\u00f6d folie 20\u00d720 - filter<br \/>\n1x sj\u00e4lvh\u00e4ftande clips - transparent 2 st.<br \/>\n1x substrat - \u00f6ken - 1kg<br \/>\n1x Formicarium granulat 200ml - beige<\/p>\n<p>2x Grid insert acrylic &#8211; 50 mm with sealing ring<br \/>\n1x Grid insert acrylic &#8211; 27 mm with sealing ring<br \/>\n1x gitterlock - 16mm - rostfritt st\u00e5l<\/p>\n<p>1x anslutning f\u00f6r tankslang 27-14,16,20 mm - transparent<br \/>\n1x Foil thermometer &#8211; farm<br \/>\n1x Foil thermometer Display<br \/>\n1x drinking clear 5ml &#8211; sponge<br \/>\n1x Feeding dish white rectangle &#8211; 3 compartments<br \/>\n1x Drinking trough 2ml &#8211; 360 Degrees<br \/>\n1x Myrskyddsmedel 10ml<br \/>\n1x Pincett fj\u00e4derst\u00e5l - bred - mjuk<br \/>\n1x Pincett i transparent plast<br \/>\n1x plastpipett 3ml<br \/>\n1x handf\u00f6rstoringsglas - 2x - 30mm<br \/>\n1x skumtorkare 150x18x2,5mm<br \/>\n1x fotobaksida - \u00f6ken - 20\u00d710<\/p>\n<p><strong>Beskrivning:<\/strong><br \/>\nDet h\u00e4r startpaketet f\u00f6r \u00f6ken \u00e4r l\u00e4mpligt f\u00f6r alla myrarter som lever i \u00f6knar, st\u00e4pper eller medelhavsklimat.<\/p>\n<p>I den helt transparenta g\u00e5rden (boet) anv\u00e4nds \"Jord - \u00d6ken\" f\u00f6r att fylla g\u00e5rden. Vid behov kan ytterligare moduler anslutas via 50 mm-h\u00e5len i locket, t.ex. de separat tillg\u00e4ngliga foggers, fl\u00e4ktar eller lampor. Alternativt ing\u00e5r l\u00e4mpliga formicariumpluggar f\u00f6r att st\u00e4nga \u00f6ppningarna. Om s\u00e5 \u00f6nskas kan formicariumet ocks\u00e5 anv\u00e4ndas \u00f6ppet genom att helt enkelt f\u00e4sta den avtagbara ramen och applicera myrskyddsoljan p\u00e5 kanten. \"Drinker 2ml - 360 grader\" \u00e4r avsedd f\u00f6r honungsdaggblandningen, \"Drinker clear 20ml - svamp\" f\u00f6r vatten och \"Bowl clear 1\u00d720 - svamp\" f\u00f6r proteinfoder. \"Mini thermo-hygrometer analog - display - h\u00e4ngande\" kan f\u00e4stas p\u00e5 ramen eller locket och visar klimatv\u00e4rdena.<\/p>\n<p><strong>Viktigt:<\/strong> V\u00e4nligen fukta substratet f\u00f6re anv\u00e4ndning s\u00e5 att blandningen kan bindas och f\u00e5 ett fast grepp i myrstacken. Om substratet dessutom \u00e4r f\u00f6r torrt och dammigt kan myrornas luftv\u00e4gar blockeras och i v\u00e4rsta fall kan djuren kv\u00e4vas.<\/p>\n<p><strong>Rekommendation:<\/strong> Vi rekommenderar ett substratskikt p\u00e5 2 mm h\u00f6jd, s\u00e5 att djuren inte kan gr\u00e4va sig in i arenan och i st\u00e4llet anv\u00e4nda den g\u00e5rd som tillhandah\u00e5lls f\u00f6r detta \u00e4ndam\u00e5l. Vi rekommenderar ocks\u00e5 att boendematerialet i farmen (sand\/lera, Digfix etc.) \u00e4r l\u00e4tt prickat p\u00e5 ett st\u00e4lle f\u00f6r att g\u00f6ra det l\u00e4ttare f\u00f6r djuren att gr\u00e4va.<\/p>\n<p><strong>Anm\u00e4rkningar om produktionen<\/strong><br \/>\nGlaset sk\u00e4rs till enligt DIN 1249 med en tolerans p\u00e5 +\/- 1 mm. Ytterligare utbrytningsskydd \u00e4r n\u00f6dv\u00e4ndigt f\u00f6r extremt sm\u00e5 myrarter.<\/p>\n<p><strong>Anteckningar om g\u00e5rden<\/strong><br \/>\nObservera f\u00f6ljande n\u00e4r du monterar eller tar bort slangar:<br \/>\nOm slangen \u00e4r mycket sv\u00e5r att f\u00e5 p\u00e5 plats p\u00e5 anslutningshylsan, ska hylsan gnuggas l\u00e4tt med en droppe av v\u00e5r olja eller pulver som skyddar mot utbrott. Tryck sedan p\u00e5 slangen p\u00e5 uttaget med vridande eller skruvande r\u00f6relser utan att belasta uttaget med upp- och ned\u00e5tg\u00e5ende r\u00f6relser. Detsamma g\u00e4ller n\u00e4r du tar bort slangarna fr\u00e5n g\u00e5rdsanslutningsuttaget. Dra inte bara av den!<\/p>\n<p><strong>Instruktioner:<\/strong> (Version 2023, den uppdaterade versionen f\u00f6r 2024 kommer att finnas tillg\u00e4nglig senast 04\/2024)<\/p>\n<p>- DE <a href=\"https:\/\/www.antstore.net\/shop\/images\/info\/de\/Gebrauchsanweisung%20Starter%20Set%20Habitat.pdf\">Gebrauchsanweisung Starter Set Habitat<\/a> (PDF 3,21 MB)<\/p>\n<p>- SV <a href=\"https:\/\/www.antstore.net\/shop\/images\/info\/en\/Instructions%20for%20use%20-%20Starter%20Set%20Habitat.pdf\">Bruksanvisningar - Starter Set Habitat<\/a> (PDF 3,21 MB)<\/p>\n<p>- ES <a href=\"https:\/\/www.antstore.net\/shop\/images\/info\/es\/Manual%20de%20instrucciones%20-%20Set%20de%20inicio%20H%C3%A1bitat.pdf\">Manual de instrucciones - Startsida H\u00e1bitat<\/a> (PDF 3,21 MB)<\/p>\n<p>- FR <a href=\"https:\/\/www.antstore.net\/shop\/images\/info\/fr\/Manuel%20d'instruction%20-%20Kit%20de%20d%C3%A9marrage%20Habitat.pdf\">Manuel d'instruction - Kit de d\u00e9marrage Habitat<\/a> (PDF 3,21 MB)<\/p>\n<p><strong>Anm\u00e4rkning om honungsdagg:<\/strong><br \/>\nInneh\u00e5ll: 10 ml<br \/>\nDetta \u00e4r en naturlig produkt som vi har f\u00f6rfinat efter omfattande tester i v\u00e5rt laboratorium och utvecklat till ett foder som myrorna accepterar mycket v\u00e4l. Anledningen \u00e4r att obearbetad honungsdagghonung i sin koncentrerade ursprungliga form inte accepteras v\u00e4l av myror och deras \u00e4mnesoms\u00e4ttning.<br \/>\nV\u00e5r honungsmelon samlades in i de of\u00f6rorenade vilda bergsskogarna i Bulgarien. Honungsmugg produceras bara under en mycket begr\u00e4nsad tid, cirka tv\u00e5 m\u00e5nader p\u00e5 sommaren. Den \u00e4r d\u00e4rf\u00f6r mycket s\u00e4llsynt. P\u00e5 grund av skogarnas specifika jordm\u00e5n och klimatet lagras viktiga n\u00e4rings\u00e4mnen i tr\u00e4dens blad, som absorberas av bladl\u00f6ssen. Det \u00e4r detta som g\u00f6r denna honungsdaggblandning s\u00e5 \u00e5tr\u00e5v\u00e4rd f\u00f6r myror.<\/p>\n<p><strong>Anv\u00e4ndning:<\/strong><br \/>\nM\u00e4ngden mat b\u00f6r konsumeras inom cirka 3 dagar.<\/p>\n<p><strong>Beskrivning:<\/strong><br \/>\nHonungsdagg, till skillnad fr\u00e5n blomsterhonung, framst\u00e4lls av sekret fr\u00e5n insekter som suger p\u00e5 v\u00e4xter, t.ex. bladl\u00f6ss. Honungsdagg \u00e4r en popul\u00e4r f\u00f6da f\u00f6r m\u00e5nga insekter, t.ex. myror, bin och humlor. Bin och humlor slickar i sig den fr\u00e5n blad eller barr fr\u00e5n olika tr\u00e4d. Myror som Lasius niger h\u00e5ller bokstavligen bladl\u00f6ssen. De f\u00f6rsvarar dem till och med mot rovdjur och b\u00e4r dem till nya skott.<\/p>\n<p>Honungsmelon \u00e4r s\u00e4rskilt popul\u00e4r bland myror p\u00e5 grund av dess n\u00e5got annorlunda best\u00e5ndsdelar. De viktigaste sockerarterna i honungsmelon \u00e4r sackaros och fruktos, men det finns \u00e4ven mindre m\u00e4ngder maltos, trehalos, melezitos, raffinos och andra oligosackarider. F\u00f6rutom socker och vatten inneh\u00e5ller honungsmelon ocks\u00e5 essentiella aminosyror, mineraler, sp\u00e5r\u00e4mnen, adenosiner, fosfater och andra ingredienser som vitaminer.<\/p>\n<p><strong>Anv\u00e4ndning:<\/strong><br \/>\nF\u00f6r honungs\u00e4tande myrarter (Meliphagidae)<br \/>\nDetta \u00e4r ett kompletteringsfoder<br \/>\nDet kan erbjudas till djuren som levereras. Eftersom sockerkoncentrationen minskar p\u00e5 grund av luftfuktigheten och en j\u00e4sningsprocess inleds, b\u00f6r fodret bytas ut var 3:e dag. Reng\u00f6r fodersk\u00e5len\/r\u00f6ret noggrant f\u00f6re \u00e5teranv\u00e4ndning.<br \/>\nN\u00e4r f\u00f6rpackningen har \u00f6ppnats ska den f\u00f6rvaras v\u00e4l tillsluten fram till utg\u00e5ngsdatumet.<\/p>\n<p><strong>N\u00e4ringsinneh\u00e5ll per 100 g:<\/strong><br \/>\nca 2,7 % fetter<br \/>\nvarav m\u00e4ttad ca 0,45 %<br \/>\nca 95 % kolhydrater<br \/>\nvarav socker ca 71<br \/>\nca 2.85% protein<br \/>\nMineraler (kalium, kalcium, koppar, j\u00e4rn, natrium, magnesium, fosfor, zink och andra sp\u00e5r\u00e4mnen). Aminosyror (prolin, leucin, fenylalanin, alanin, histidin, isoleucin, glutaminsyra, arginin, asparaginsyra etc.) Organiska syror Enzymer (j\u00e4sningar)Aromer Inhibiner (antibakteriella \u00e4mnen) Blommor Pollen<\/p>\n<p><strong>F\u00f6rvaring:<\/strong><br \/>\nF\u00f6r att s\u00e4kerst\u00e4lla fodrets kvalitet b\u00f6r fodret f\u00f6rvaras p\u00e5 en m\u00f6rk och torr plats.<\/p>\n<p><strong>Observera:<\/strong><br \/>\nInformation om anv\u00e4ndning av foderr\u00f6r hittar du h\u00e4r: L\u00e4nk<br \/>\nTill\u00e4ggsfoder f\u00f6r honungs\u00e4tande myror.<br \/>\nSe bipacksedeln f\u00f6r sammans\u00e4ttning, analytiska ingredienser, b\u00e4st f\u00f6re-datum och satsnummer.<\/p>\n<p>Informationshotline +49 30 439703870<\/p>\n<p>Ansvarig veterin\u00e4r- och livsmedelsinspektion:<br \/>\nSteglitz Veterin\u00e4rbyr\u00e5<br \/>\nK\u00f6nigin-Luise-Str. 92<br \/>\n14195 Berlin<\/p>\n<p><strong>Anm\u00e4rkning om de blancherade syrsorna:<\/strong><br \/>\nV\u00e5ra blancherade syrsor \u00e4r ett enkelt s\u00e4tt att f\u00f6rse dina myror med f\u00e4rskt konserverat proteinfoder utan att beh\u00f6va mata levande insekter. De ing\u00e5ende syrsorna (Acheta domesticus) har blancherats f\u00f6rsiktigt f\u00f6r att s\u00e4kerst\u00e4lla att n\u00e4ringsv\u00e4rden, smak och arom bibeh\u00e5lls. Dessutom mjukas insekternas kitinskal upp p\u00e5 detta s\u00e4tt s\u00e5 att det kan sm\u00e4ltas l\u00e4ttare. Bindningarna i kollagenproteinerna bryts ned s\u00e5 att myrorna kan utnyttja dem b\u00e4ttre. Acheta domesticus p\u00e5 burk har samma n\u00e4ringsv\u00e4rde som levande syrsor, men \u00e4r l\u00e4ttare att sm\u00e4lta.<\/p>\n<p>De blancherade syrsorna \u00e4r inte l\u00e4mpliga f\u00f6r jakt p\u00e5 myrarter som kr\u00e4ver levande f\u00f6da. (t.ex. poneriner (stora myror) som Harpegnathos eller Odontomachus)<\/p>\n<p><strong>Ytterligare f\u00f6rdelar:<\/strong><br \/>\nGaranterat fri fr\u00e5n kvalster<br \/>\nKan portioneras<br \/>\nSteriliserad och vakuumbehandlad<br \/>\nUtan tillsatser<br \/>\nSyrsor fr\u00e5n h\u00e5llbar rent ekologisk uppf\u00f6dning, matade med organiskt avfall<\/p>\n<p><strong>V\u00e4nligen observera:<\/strong><br \/>\nKan f\u00f6rvaras i kylsk\u00e5p i ca fyra dagar efter \u00f6ppnandet. L\u00e4ngre h\u00e5llbarhet om den fryses.<\/p>","protected":false},"excerpt":{"rendered":"<p>Satsen best\u00e5r av 34 delar<\/p>\n<p>Storlek: <span style=\"color: #0000ff;\"><strong>L<\/strong><\/span><\/p>","protected":false},"featured_media":7132,"comment_status":"open","ping_status":"closed","template":"","meta":{"_acf_changed":false,"content-type":"","_monsterinsights_skip_tracking":false,"_monsterinsights_sitenote_active":false,"_monsterinsights_sitenote_note":"","_monsterinsights_sitenote_category":0},"product_brand":[],"product_cat":[355,73,74],"product_tag":[],"class_list":{"0":"post-6561","1":"product","2":"type-product","3":"status-publish","4":"has-post-thumbnail","6":"product_cat-bundle-offers","7":"product_cat-starter-sets","8":"product_cat-starter-sets-habitat","10":"first","11":"instock","12":"taxable","13":"shipping-taxable","14":"purchasable","15":"product-type-simple"},"acf":[],"aioseo_notices":[],"jetpack_sharing_enabled":true,"_links":{"self":[{"href":"https:\/\/antcube.shop\/sv\/wp-json\/wp\/v2\/product\/6561","targetHints":{"allow":["GET"]}}],"collection":[{"href":"https:\/\/antcube.shop\/sv\/wp-json\/wp\/v2\/product"}],"about":[{"href":"https:\/\/antcube.shop\/sv\/wp-json\/wp\/v2\/types\/product"}],"replies":[{"embeddable":true,"href":"https:\/\/antcube.shop\/sv\/wp-json\/wp\/v2\/comments?post=6561"}],"wp:featuredmedia":[{"embeddable":true,"href":"https:\/\/antcube.shop\/sv\/wp-json\/wp\/v2\/media\/7132"}],"wp:attachment":[{"href":"https:\/\/antcube.shop\/sv\/wp-json\/wp\/v2\/media?parent=6561"}],"wp:term":[{"taxonomy":"product_brand","embeddable":true,"href":"https:\/\/antcube.shop\/sv\/wp-json\/wp\/v2\/product_brand?post=6561"},{"taxonomy":"product_cat","embeddable":true,"href":"https:\/\/antcube.shop\/sv\/wp-json\/wp\/v2\/product_cat?post=6561"},{"taxonomy":"product_tag","embeddable":true,"href":"https:\/\/antcube.shop\/sv\/wp-json\/wp\/v2\/product_tag?post=6561"}],"curies":[{"name":"wp","href":"https:\/\/api.w.org\/{rel}","templated":true}]}}