{"id":6558,"date":"2023-12-04T11:33:16","date_gmt":"2023-12-04T10:33:16","guid":{"rendered":"https:\/\/antcube.shop\/product\/heizmatte-13x28cm-7w\/"},"modified":"2026-04-02T09:54:08","modified_gmt":"2026-04-02T07:54:08","slug":"varmematta-13x28cm-7w","status":"publish","type":"product","link":"https:\/\/antcube.shop\/sv\/produkt\/varmematta-13x28cm-7w\/","title":{"rendered":"V\u00e4rmematta 13x28cm - 7W"},"content":{"rendered":"<p><strong>M\u00e5tt:<\/strong> 13 x 28 cm<\/p>\n<p><strong>Kraft:<\/strong> 7 watt<\/p>\n<p><strong>Ytans temperatur:<\/strong> 28-32 \u00b0C<\/p>\n<p><strong>Beskrivning:<\/strong> V\u00e4rmematta f\u00f6r formicarium - s\u00e4rskilt l\u00e4mplig f\u00f6r arter fr\u00e5n varmare l\u00e4nder. V\u00e4rmemattorna avger infrar\u00f6d str\u00e5lningsv\u00e4rme, liknande keramiska str\u00e5lningsv\u00e4rmare. Str\u00e5larna v\u00e4rmer upp f\u00f6rem\u00e5l och djur utan att avsev\u00e4rt h\u00f6ja lufttemperaturen. De \u00e4r d\u00e4rf\u00f6r idealiska f\u00f6r att skapa platser f\u00f6r \"solbad\". Den n\u00f6dv\u00e4ndiga temperaturgradienten i formicariet kan d\u00e4rmed uppn\u00e5s och kontrolleras b\u00e4ttre. V\u00e4rmemattorna \u00e4r sj\u00e4lvh\u00e4ftande och kan d\u00e4rf\u00f6r enkelt f\u00e4stas p\u00e5 formicariet.<\/p>\n<p><strong>Observera:<\/strong> Placera aldrig v\u00e4rmeelement direkt under ett formicarium, det m\u00e5ste alltid s\u00e4kerst\u00e4llas att v\u00e4rmen kan ledas bort f\u00f6r att f\u00f6rhindra v\u00e4rmeutveckling eller skador p\u00e5 formicariet.<\/p>","protected":false},"excerpt":{"rendered":"<p><strong>M\u00e5tt:<\/strong> 13 x 28 cm \/ Euro-kontakt f\u00f6r 230 volt<\/p>","protected":false},"featured_media":6619,"comment_status":"open","ping_status":"closed","template":"","meta":{"_acf_changed":false,"content-type":"","_monsterinsights_skip_tracking":false,"_monsterinsights_sitenote_active":false,"_monsterinsights_sitenote_note":"","_monsterinsights_sitenote_category":0},"product_brand":[],"product_cat":[359,119],"product_tag":[],"class_list":{"0":"post-6558","1":"product","2":"type-product","3":"status-publish","4":"has-post-thumbnail","6":"product_cat-light-heat-humidity","7":"product_cat-formicarium-components","9":"first","10":"instock","11":"taxable","12":"shipping-taxable","13":"purchasable","14":"product-type-simple"},"acf":[],"aioseo_notices":[],"jetpack_sharing_enabled":true,"_links":{"self":[{"href":"https:\/\/antcube.shop\/sv\/wp-json\/wp\/v2\/product\/6558","targetHints":{"allow":["GET"]}}],"collection":[{"href":"https:\/\/antcube.shop\/sv\/wp-json\/wp\/v2\/product"}],"about":[{"href":"https:\/\/antcube.shop\/sv\/wp-json\/wp\/v2\/types\/product"}],"replies":[{"embeddable":true,"href":"https:\/\/antcube.shop\/sv\/wp-json\/wp\/v2\/comments?post=6558"}],"wp:featuredmedia":[{"embeddable":true,"href":"https:\/\/antcube.shop\/sv\/wp-json\/wp\/v2\/media\/6619"}],"wp:attachment":[{"href":"https:\/\/antcube.shop\/sv\/wp-json\/wp\/v2\/media?parent=6558"}],"wp:term":[{"taxonomy":"product_brand","embeddable":true,"href":"https:\/\/antcube.shop\/sv\/wp-json\/wp\/v2\/product_brand?post=6558"},{"taxonomy":"product_cat","embeddable":true,"href":"https:\/\/antcube.shop\/sv\/wp-json\/wp\/v2\/product_cat?post=6558"},{"taxonomy":"product_tag","embeddable":true,"href":"https:\/\/antcube.shop\/sv\/wp-json\/wp\/v2\/product_tag?post=6558"}],"curies":[{"name":"wp","href":"https:\/\/api.w.org\/{rel}","templated":true}]}}