{"id":6555,"date":"2023-12-04T11:27:26","date_gmt":"2023-12-04T10:27:26","guid":{"rendered":"https:\/\/antcube.shop\/product\/ameisenarena-lampenfassung-e27\/"},"modified":"2026-03-31T09:51:44","modified_gmt":"2026-03-31T07:51:44","slug":"ant-arena-lampsockel-e27","status":"publish","type":"product","link":"https:\/\/antcube.shop\/sv\/produkt\/ant-arena-lampsockel-e27\/","title":{"rendered":"Ant Arena - Lampsockel - E27"},"content":{"rendered":"<p><strong>Inneh\u00e5ll:<\/strong><br \/>\n- E27 lamph\u00e5llare i plast med n\u00e4tkabel och str\u00f6mbrytare<br \/>\n- transparent akrylring f\u00f6r montering i 50 mm h\u00e5l<\/p>\n<p><strong>Material:<\/strong> sockel (plast); h\u00e5llare (plast); kabel (koppar med plastmantel); PMMA-ring (f\u00f6r montering i 50 mm h\u00e5l)<\/p>\n<p><strong>F\u00e4rg:<\/strong> ljusgr\u00e5<\/p>\n<p><strong>Tekniska specifikationer:<\/strong><br \/>\nUttagets m\u00e5tt: 4,5\u00d74,5\u00d76 cm<br \/>\nKabell\u00e4ngd: 3,5 m<br \/>\nEffekt: max 60W<br \/>\nSockel: E27<\/p>\n<p><strong>UPPM\u00c4RKSAMHET: <\/strong>n\u00e4r den anv\u00e4nds med v\u00e5ra Hybrid Covers och de 5 cm breda Arena-ramarna passar inte denna lamph\u00e5llare. F\u00f6r ett hybridskydd beh\u00f6ver du en 3 cm bred ram.<\/p>\n<p><strong>Beskrivning:<\/strong><br \/>\nF\u00f6r att belysa en myrstack kan detta uttag anslutas direkt till myrstackens lock.<\/p>\n<p>&nbsp;<\/p>","protected":false},"excerpt":{"rendered":"<p>Inneh\u00e5ll: - E27-lamph\u00e5llare i plast med n\u00e4tkabel och str\u00f6mbrytare - transparent akrylring f\u00f6r fasts\u00e4ttning i 50 mm h\u00e5l Material: sockel (plast); h\u00e5llare (plast); kabel (koppar med plastmantel); PMMA-ring (f\u00f6r fasts\u00e4ttning i 50 mm h\u00e5l) F\u00e4rg: ljusgr\u00e5 Tekniska specifikationer: Uttagets m\u00e5tt: 4,5\u00d74,5\u00d76 cm Kabell\u00e4ngd: 3,5 m Effekt: max 60W [...]","protected":false},"featured_media":7574,"comment_status":"open","ping_status":"closed","template":"","meta":{"_acf_changed":false,"content-type":"","_monsterinsights_skip_tracking":false,"_monsterinsights_sitenote_active":false,"_monsterinsights_sitenote_note":"","_monsterinsights_sitenote_category":0},"product_brand":[],"product_cat":[359,119],"product_tag":[],"class_list":{"0":"post-6555","1":"product","2":"type-product","3":"status-publish","4":"has-post-thumbnail","6":"product_cat-light-heat-humidity","7":"product_cat-formicarium-components","9":"first","10":"instock","11":"taxable","12":"shipping-taxable","13":"purchasable","14":"product-type-simple"},"acf":[],"aioseo_notices":[],"jetpack_sharing_enabled":true,"_links":{"self":[{"href":"https:\/\/antcube.shop\/sv\/wp-json\/wp\/v2\/product\/6555","targetHints":{"allow":["GET"]}}],"collection":[{"href":"https:\/\/antcube.shop\/sv\/wp-json\/wp\/v2\/product"}],"about":[{"href":"https:\/\/antcube.shop\/sv\/wp-json\/wp\/v2\/types\/product"}],"replies":[{"embeddable":true,"href":"https:\/\/antcube.shop\/sv\/wp-json\/wp\/v2\/comments?post=6555"}],"wp:featuredmedia":[{"embeddable":true,"href":"https:\/\/antcube.shop\/sv\/wp-json\/wp\/v2\/media\/7574"}],"wp:attachment":[{"href":"https:\/\/antcube.shop\/sv\/wp-json\/wp\/v2\/media?parent=6555"}],"wp:term":[{"taxonomy":"product_brand","embeddable":true,"href":"https:\/\/antcube.shop\/sv\/wp-json\/wp\/v2\/product_brand?post=6555"},{"taxonomy":"product_cat","embeddable":true,"href":"https:\/\/antcube.shop\/sv\/wp-json\/wp\/v2\/product_cat?post=6555"},{"taxonomy":"product_tag","embeddable":true,"href":"https:\/\/antcube.shop\/sv\/wp-json\/wp\/v2\/product_tag?post=6555"}],"curies":[{"name":"wp","href":"https:\/\/api.w.org\/{rel}","templated":true}]}}