{"id":6377,"date":"2023-10-06T18:09:26","date_gmt":"2023-10-06T16:09:26","guid":{"rendered":"https:\/\/antcube.shop\/product\/bundle-offer-polyrhachis-dives\/"},"modified":"2026-04-13T09:34:29","modified_gmt":"2026-04-13T07:34:29","slug":"kombinationserbjudande-polyrhachis-dives","status":"publish","type":"product","link":"https:\/\/antcube.shop\/sv\/produkt\/kombinationserbjudande-polyrhachis-dives\/","title":{"rendered":"Paketerbjudande - Polyrhachis dives"},"content":{"rendered":"<p dir=\"ltr\"><span data-text-color=\"alert\"><strong><span data-text-color=\"secondary\">Paketerbjudande inklusive en Polyrhachis dykmyrkoloni (drottning med 26-50 arbetare + yngel), ett startset f\u00f6r v\u00e4vermyror med 1x formicariumbas, 1x prydnadsbuske och 1x nestboll som boplats och 1x magnetisk plattform f\u00f6r enklare matning.<\/span><br \/>\n<\/strong><\/span><\/p>\n<p><span data-text-color=\"alert\"><strong>Endast s\u00e5 l\u00e4nge lagret r\u00e4cker.<\/strong><\/span><\/p>\n<p><strong>Allt du beh\u00f6ver f\u00f6r en Polyrhachis dives-myrkoloni<\/strong><br \/>\nDetta paket inneh\u00e5ller allt du beh\u00f6ver f\u00f6r att framg\u00e5ngsrikt f\u00e5 en Polyrhachis dives-koloni genom sina f\u00f6rsta m\u00e5nader. Det \u00e4r flexibelt utbyggbart och uttryckligen l\u00e4mpligt f\u00f6r nyb\u00f6rjare inom myrh\u00e5llning.<\/p>\n<p><strong>Myra av arten Polyrhachis dyker:<\/strong><br \/>\nPolyrhachis dives kommer fr\u00e5n Asien och Australien och har ett n\u00e5got st\u00f6rre utbredningsomr\u00e5de. Karakt\u00e4ristiskt f\u00f6r denna art \u00e4r den silverf\u00e4rgade till gyllene f\u00e4rgen p\u00e5 djurens annars svartbruna kropp. De \u00e4r n\u00e5got mindre \u00e4n Oecophylla, lever ofta n\u00e4ra marken och bygger g\u00e4rna sina bon p\u00e5 stenar eller tr\u00e4dbark. De anv\u00e4nder sina larver f\u00f6r att spinna boet, men ur vetenskaplig synvinkel tillh\u00f6r de inte de \"sanna v\u00e4vmyrorna\" som Oecophylla, \u00e4ven om de i princip anv\u00e4nder n\u00e4stan samma v\u00e4vteknik. Arter av Polyrhachis-sl\u00e4ktet har ibland ganska sm\u00e5 kolonier med som mest n\u00e5gra tusen djur. Enligt rapporter kan Polyrhachis dives till och med bilda kolonier med flera hundra drottningar och upp till flera hundra tusen arbetare under de perfekta f\u00f6rh\u00e5llandena. Detta kommer dock inte att vara fallet n\u00e4r de h\u00e5lls hemma.<\/p>\n<p>Polyrhachis dives \u00e4r polygyn, vilket inneb\u00e4r att den kan ha flera drottningar samtidigt. Detta inneb\u00e4r att kolonistorleken kan v\u00e4xa mycket snabbt och den beh\u00f6ver mycket mat och utrymme. Formicariet b\u00f6r d\u00e4rf\u00f6r ocks\u00e5 vara expanderbart. P\u00e5 grund av sin kolonistorlek \u00e4r de ganska r\u00f6rliga och verkliga flyktspecialister. D\u00e4rf\u00f6r m\u00e5ste man se till att det finns ett bra flyktskydd.<\/p>\n<p><strong>Bo f\u00f6r Polyrhachis dives<\/strong><br \/>\nI formicariumet accepterar Polyrhachis dives n\u00e4stan allt byggmaterial du erbjuder den. Fr\u00e5n sand, sm\u00e5 djurskr\u00e4p eller l\u00f6v till kork och tr\u00e4bitar till sm\u00e5 stenar, de v\u00e4ver in allt som naturen runt deras hem tillhandah\u00e5ller i sina bon. Vi har h\u00e5llit v\u00e5ra Polyrhachis-kolonier i m\u00e5nga \u00e5r med s\u00e5 kallade nestbollar. I detta set har vi \u00e4ven inkluderat en prydnadsbuske s\u00e5 att boet kan placeras en liten bit ovanf\u00f6r marken som det \u00e4r vanligt i naturen.<\/p>\n<p><strong>F\u00f6da f\u00f6r Polyrhachis dykfiskar<\/strong><br \/>\nSom f\u00f6da har vi i denna upps\u00e4ttning inkluderat v\u00e5ra hela blancherade syrsor och honungsdagg. B\u00e5da \u00e4r mycket v\u00e4l accepterade av Polyrhachis dives och st\u00f6der en naturlig och positiv utveckling av kolonin p\u00e5 grund av de inneh\u00e5llna n\u00e4rings\u00e4mnena.<\/p>\n<p><strong>De optimala klimatf\u00f6rh\u00e5llandena f\u00f6r dykning med Polyrhachis \u00e4r f\u00f6ljande<\/strong><br \/>\nLuftfuktighet:<br \/>\nArena: 50 - 70% Boomr\u00e5de: 60 - 80%<br \/>\nTemperatur:<br \/>\nArena: Under dagen: 28 - 30\u00b0C Under natten: 24 - 28\u00b0C Nestomr\u00e5det: 28- 30\u00b0C<\/p>\n<p><strong>Inneh\u00e5ll:<\/strong><\/p>\n<p>1x Polyrhachis dives (2 queens + 26-50 workers + brood)<br \/>\n1x nestboll natur 10 cm - grov<br \/>\n1x ANTCUBE h\u00f6rnplattform 8\u00d78 - magnet<br \/>\n1x Dekorativ \u00f6kenbuske 30x15cm - m\u00f6rkbrun<br \/>\n1x honungsdagg mix refill pack 10ml<br \/>\n1x Cricket Jam 25g<br \/>\n1x Formicarium bas 20\u00d720<\/p>\n<p>1x ANTCUBE - Arena 20x20x40 - H\u00f6g<br \/>\n1x ram f\u00f6r myrarena 20\u00d720<br \/>\n1x skydd f\u00f6r myrarena 20\u00d720<br \/>\n4x f\u00e4stpunkt f\u00f6r arena\u00f6verdrag<\/p>\n<p>1x substrat - regnskog - 1 kg<br \/>\n1x foto bakv\u00e4gg - regnskog - 20\u00d740 - h\u00f6g<br \/>\n1x sprayflaska Sprayer 0,5 liter - munstycke i m\u00e4ssing<\/p>\n<p>2x Grid insert acrylic &#8211; 50 mm with sealing ring<br \/>\n2x Grid insert acrylic &#8211; 27 mm with sealing ring<\/p>\n<p>1x pincett av fj\u00e4derst\u00e5l bred - mjuk<br \/>\n1x plastpincett standard<br \/>\n1x plastpipett 3ml<br \/>\n1x Olja f\u00f6r skydd mot utbrott av myra 10 ml<br \/>\n1x drinking clear 5ml &#8211; sponge<br \/>\n1x Feeding dish white rectangle &#8211; 3 compartments<br \/>\n1x Drinking trough 2ml &#8211; 360 Degrees<br \/>\n1x Handf\u00f6rstoringsglas - 2x - 30mm<br \/>\n1x skumtorkare 150x18x2,5mm<\/p>\n<p>&nbsp;<\/p>\n<p><strong>Beskrivning Startupps\u00e4ttning v\u00e4varmyror:<\/strong><br \/>\nDetta expanderbara startset f\u00f6r olika arter av v\u00e4vmyror som Polyrhachis spec. eller Oecophylla spec. inneh\u00e5ller inte bara det optimalt anpassade formikariet utan \u00e4ven l\u00e4mpliga tillbeh\u00f6r f\u00f6r att h\u00e5lla dessa myrarter. L\u00e4mplig f\u00f6r kolonier p\u00e5 upp till ca 500-1000 djur. F\u00f6r st\u00f6rre kolonier rekommenderar vi ett 30x30x60cm formicarium. Dryckesbeh\u00e5llaren \"Clear 20ml - Sponge\" \u00e4r avsedd f\u00f6r vatten, dryckesbeh\u00e5llaren \"2ml - 360 degree\" f\u00f6r honungsdaggblandningen.<\/p>\n<p><strong>Viktigt:<\/strong> V\u00e4nligen fukta substratet f\u00f6re anv\u00e4ndning s\u00e5 att blandningen kan bindas och f\u00e5 ett fast grepp i myrstacken. Ett torrt och dammigt substrat kan dessutom leda till att myrornas luftv\u00e4gar blockeras och i v\u00e4rsta fall att djuren kv\u00e4vs.<\/p>\n<p><strong>Anm\u00e4rkningar om produktionen<\/strong><br \/>\nGlaset sk\u00e4rs till i enlighet med DIN 1249 med en tolerans p\u00e5 +\/- 1 mm. Ytterligare utbrytningsskydd \u00e4r n\u00f6dv\u00e4ndigt f\u00f6r extremt sm\u00e5 myrarter.<\/p>\n<p><strong>Anm\u00e4rkning om de blancherade syrsorna:<\/strong><br \/>\nV\u00e5ra blancherade syrsor \u00e4r ett enkelt s\u00e4tt att f\u00f6rse dina myror med f\u00e4rskt konserverat proteinfoder utan att beh\u00f6va mata levande insekter. De ing\u00e5ende syrsorna (Acheta domesticus) har blancherats f\u00f6rsiktigt f\u00f6r att s\u00e4kerst\u00e4lla att n\u00e4ringsv\u00e4rden, smak och arom bibeh\u00e5lls. Dessutom mjukas insekternas kitinskal upp p\u00e5 detta s\u00e4tt s\u00e5 att det kan sm\u00e4ltas l\u00e4ttare. Bindningarna i kollagenproteinerna bryts ned s\u00e5 att myrorna kan utnyttja dem b\u00e4ttre. Acheta domesticus p\u00e5 burk har samma n\u00e4ringsv\u00e4rde som levande syrsor, men \u00e4r l\u00e4ttare att sm\u00e4lta.<\/p>\n<p>De blancherade syrsorna \u00e4r inte l\u00e4mpliga f\u00f6r jakt p\u00e5 myrarter som kr\u00e4ver levande f\u00f6da. (t.ex. poneriner (stora myror) som Harpegnathos eller Odontomachus)<\/p>\n<p>Ytterligare f\u00f6rdelar:<br \/>\nGaranterat fri fr\u00e5n kvalster<br \/>\nKan portioneras<br \/>\nSteriliserad och vakuumbehandlad<br \/>\nUtan tillsatser<br \/>\nSyrsor fr\u00e5n h\u00e5llbar rent ekologisk uppf\u00f6dning, matade med organiskt avfall<\/p>\n<p><strong>V\u00e4nligen observera:<\/strong><br \/>\nKan f\u00f6rvaras i kylsk\u00e5p i ca fyra dagar efter \u00f6ppnandet. L\u00e4ngre h\u00e5llbarhet om den fryses.<\/p>\n<p><strong>Anm\u00e4rkning om honungsdagg:<\/strong><br \/>\nInneh\u00e5ll: 10 ml<br \/>\nDetta \u00e4r en naturlig produkt som vi har f\u00f6rfinat efter omfattande tester i v\u00e5rt laboratorium och utvecklat till ett foder som myrorna accepterar mycket v\u00e4l. Anledningen \u00e4r att obearbetad honungsdagghonung i sin koncentrerade ursprungliga form inte accepteras v\u00e4l av myror och deras \u00e4mnesoms\u00e4ttning.<br \/>\nV\u00e5r honungsmelon samlades in i de of\u00f6rorenade vilda bergsskogarna i Bulgarien. Honungsmugg produceras bara under en mycket begr\u00e4nsad tid, cirka tv\u00e5 m\u00e5nader p\u00e5 sommaren. Den \u00e4r d\u00e4rf\u00f6r mycket s\u00e4llsynt. P\u00e5 grund av skogarnas specifika jordm\u00e5n och klimatet lagras viktiga n\u00e4rings\u00e4mnen i tr\u00e4dens blad, som absorberas av bladl\u00f6ssen. Det \u00e4r detta som g\u00f6r denna honungsdaggblandning s\u00e5 \u00e5tr\u00e5v\u00e4rd f\u00f6r myror.<\/p>\n<p><strong>Anv\u00e4ndning:<\/strong><br \/>\nM\u00e4ngden mat b\u00f6r konsumeras inom cirka 3 dagar.<\/p>\n<p><strong>Beskrivning:<\/strong><br \/>\nHonungsdagg, till skillnad fr\u00e5n blomsterhonung, framst\u00e4lls av sekret fr\u00e5n insekter som suger p\u00e5 v\u00e4xter, t.ex. bladl\u00f6ss. Honungsdagg \u00e4r en popul\u00e4r f\u00f6da f\u00f6r m\u00e5nga insekter, t.ex. myror, bin och humlor. Bin och humlor slickar i sig den fr\u00e5n blad eller barr fr\u00e5n olika tr\u00e4d. Myror som Lasius niger h\u00e5ller bokstavligen bladl\u00f6ssen. De f\u00f6rsvarar dem till och med mot rovdjur och b\u00e4r dem till nya skott.<\/p>\n<p>Honungsmelon \u00e4r s\u00e4rskilt popul\u00e4r bland myror p\u00e5 grund av dess n\u00e5got annorlunda best\u00e5ndsdelar. De viktigaste sockerarterna i honungsmelon \u00e4r sackaros och fruktos, men det finns \u00e4ven mindre m\u00e4ngder maltos, trehalos, melezitos, raffinos och andra oligosackarider. F\u00f6rutom socker och vatten inneh\u00e5ller honungsmelon ocks\u00e5 essentiella aminosyror, mineraler, sp\u00e5r\u00e4mnen, adenosiner, fosfater och andra ingredienser som vitaminer.<\/p>\n<p><strong>Anv\u00e4ndning:<\/strong><br \/>\nF\u00f6r honungs\u00e4tande myrarter (Meliphagidae)<br \/>\nDetta \u00e4r ett kompletteringsfoder<br \/>\nDet kan erbjudas till djuren som levereras. Eftersom sockerkoncentrationen minskar p\u00e5 grund av luftfuktigheten och en j\u00e4sningsprocess inleds, b\u00f6r fodret bytas ut var 3:e dag. Reng\u00f6r fodersk\u00e5len\/r\u00f6ret noggrant f\u00f6re \u00e5teranv\u00e4ndning.<br \/>\nN\u00e4r en f\u00f6rpackning har \u00f6ppnats ska den f\u00f6rvaras v\u00e4l tillsluten fram till utg\u00e5ngsdatumet.<br \/>\nN\u00e4ringsinneh\u00e5ll per 100 g:<br \/>\nca 2,7 % fetter<br \/>\nvarav m\u00e4ttad ca 0,45 %<br \/>\nca 95 % kolhydrater<br \/>\nvarav socker ca 71<br \/>\nca 2.85% protein<\/p>\n<p>Mineraler (kalium, kalcium, koppar, j\u00e4rn, natrium, magnesium, fosfor, zink och andra sp\u00e5r\u00e4mnen). Aminosyror (prolin, leucin, fenylalanin, alanin, histidin, isoleucin, glutaminsyra, arginin, asparaginsyra etc.) Organiska syror Enzymer (j\u00e4sningar)Aromer Inhibiner (antibakteriella \u00e4mnen) Blommor Pollen<\/p>\n<p><strong>F\u00f6rvaring:<\/strong><br \/>\nF\u00f6r att s\u00e4kerst\u00e4lla fodrets kvalitet b\u00f6r fodret f\u00f6rvaras p\u00e5 en m\u00f6rk och torr plats.<\/p>\n<p><strong>Observera:<\/strong><br \/>\nInformation om anv\u00e4ndning av foderr\u00f6r hittar du h\u00e4r: L\u00e4nk<br \/>\nTill\u00e4ggsfoder f\u00f6r honungs\u00e4tande myror.<br \/>\nSe bipacksedeln f\u00f6r sammans\u00e4ttning, analytiska ingredienser, b\u00e4st f\u00f6re-datum och satsnummer.<\/p>\n<p>Informationshotline +49 30 439703870<\/p>\n<p>Ansvarig veterin\u00e4r- och livsmedelsinspektion:<br \/>\nSteglitz Veterin\u00e4rbyr\u00e5<br \/>\nK\u00f6nigin-Luise-Str. 92<br \/>\n14195 Berlin<\/p>\n<p><strong>Beskrivning Prydnadsbuske<\/strong><\/p>\n<p>Storlek \/ h\u00f6jd 17 cm till 19 cm, diameter ~ 10 cm -12 cm, perfekt f\u00f6r arenor 30x30x30 cm och h\u00f6gre.<br \/>\nVikten varierar mellan 50 och 80 gram<\/p>\n<p>Dekorativt f\u00f6rem\u00e5l som best\u00e5r av en naturligt torkad tr\u00e4buske och en bas av syntetiskt harts (basplatta).<br \/>\nDenna prydnadsbuske tillverkades f\u00f6r hand i Tyskland och k\u00e4nnetecknas d\u00e4rf\u00f6r av h\u00e5llbarhet.<\/p>\n<p><strong>UPPM\u00c4RKSAMHET:<\/strong> Placera inte i mycket fuktiga formicaria (\u00f6ver 60% luftfuktighet). Busken kan b\u00f6rja m\u00f6gla. Med mycket god ventilation kan busken \u00e4ven placeras i fuktigare formicaria.<\/p>\n<p>Vissa prydnadsbuskar st\u00e5r inte p\u00e5 egen hand i formicarium p\u00e5 grund av sin h\u00f6jd. I detta fall hj\u00e4lper det att t\u00e4cka basen lite med substrat eller att placera produkten n\u00e4ra de yttre rutorna.<\/p>\n<p><span data-text-color=\"alert\"><strong>VIKTIG ANM\u00c4RKNING OM ARTIKELN:<\/strong><\/span><br \/>\nEftersom detta \u00e4r en naturprodukt \/ unikt f\u00f6rem\u00e5l \u00e4r illustrationerna h\u00e4r inte helt identiska med det f\u00f6rem\u00e5l du f\u00e5r. Det kan f\u00f6rekomma avvikelser i storlek, form och f\u00e4rg p\u00e5 minitr\u00e4det och bottenplattan av stenskiffer. Vi garanterar endast den maximala h\u00f6jden p\u00e5 f\u00f6rem\u00e5let.<\/p>\n<p>Genom att best\u00e4lla denna vara godk\u00e4nner och samtycker du till de ovan n\u00e4mnda m\u00f6jliga avvikelserna f\u00f6r produkten i storlek, form och f\u00e4rg vid tidpunkten f\u00f6r k\u00f6pet.<\/p>","protected":false},"excerpt":{"rendered":"<p>Satsen best\u00e5r av 31 delar.<br \/>\nStorlek: <strong>XL<\/strong><\/p>","protected":false},"featured_media":7116,"comment_status":"open","ping_status":"closed","template":"","meta":{"_acf_changed":false,"content-type":"","_monsterinsights_skip_tracking":false,"_monsterinsights_sitenote_active":false,"_monsterinsights_sitenote_note":"","_monsterinsights_sitenote_category":0},"product_brand":[],"product_cat":[355,354,73],"product_tag":[],"class_list":{"0":"post-6377","1":"product","2":"type-product","3":"status-publish","4":"has-post-thumbnail","6":"product_cat-bundle-offers","7":"product_cat-starter-sets-for-weaver-ants","8":"product_cat-starter-sets","10":"first","11":"instock","12":"taxable","13":"shipping-taxable","14":"purchasable","15":"product-type-simple"},"acf":[],"aioseo_notices":[],"jetpack_sharing_enabled":true,"_links":{"self":[{"href":"https:\/\/antcube.shop\/sv\/wp-json\/wp\/v2\/product\/6377","targetHints":{"allow":["GET"]}}],"collection":[{"href":"https:\/\/antcube.shop\/sv\/wp-json\/wp\/v2\/product"}],"about":[{"href":"https:\/\/antcube.shop\/sv\/wp-json\/wp\/v2\/types\/product"}],"replies":[{"embeddable":true,"href":"https:\/\/antcube.shop\/sv\/wp-json\/wp\/v2\/comments?post=6377"}],"wp:featuredmedia":[{"embeddable":true,"href":"https:\/\/antcube.shop\/sv\/wp-json\/wp\/v2\/media\/7116"}],"wp:attachment":[{"href":"https:\/\/antcube.shop\/sv\/wp-json\/wp\/v2\/media?parent=6377"}],"wp:term":[{"taxonomy":"product_brand","embeddable":true,"href":"https:\/\/antcube.shop\/sv\/wp-json\/wp\/v2\/product_brand?post=6377"},{"taxonomy":"product_cat","embeddable":true,"href":"https:\/\/antcube.shop\/sv\/wp-json\/wp\/v2\/product_cat?post=6377"},{"taxonomy":"product_tag","embeddable":true,"href":"https:\/\/antcube.shop\/sv\/wp-json\/wp\/v2\/product_tag?post=6377"}],"curies":[{"name":"wp","href":"https:\/\/api.w.org\/{rel}","templated":true}]}}