{"id":5936,"date":"2023-06-24T12:30:54","date_gmt":"2023-06-24T10:30:54","guid":{"rendered":"https:\/\/antcube.shop\/product\/antcube-starter-set-fur-ernteameisen-l-popcorn\/"},"modified":"2026-04-15T17:53:36","modified_gmt":"2026-04-15T15:53:36","slug":"antcube-starter-set-for-harvester-ants-l-popcorn","status":"publish","type":"product","link":"https:\/\/antcube.shop\/sv\/produkt\/antcube-starter-set-for-harvester-ants-l-popcorn\/","title":{"rendered":"ANTCUBE Starter Set for Harvester Ants &#8211; L"},"content":{"rendered":"<div class=\"tab-body active\">\n<p><strong>Inneh\u00e5ll:<\/strong><br \/>\n1x ANTCUBE - Arena 20x20x10 - platt<br \/>\n1x ram f\u00f6r myrarena 20\u00d720<br \/>\n1x skydd f\u00f6r myrarena 20\u00d720<br \/>\n1x f\u00e4stpunkter f\u00f6r arenaskydd 4 st.<br \/>\n2x ANTCUBE - Myrfarm - L - 20\u00d720 - st\u00e5ende<\/p>\n<p>2x ANTCUBE - Digfix Terra nidum 20\u00d720 - L - beige<\/p>\n<p>1x 1m r\u00f6r transparent 20\/16 mm<br \/>\n2x ANTCUBE - R\u00f6d folie 20\u00d720 - filter<br \/>\n2x sj\u00e4lvh\u00e4ftande clips - transparent 2 st.<br \/>\n1x substrat - \u00f6ken - 1 kg<\/p>\n<p>2x Grid insert acrylic &#8211; 50 mm with sealing ring<br \/>\n1x Grid insert acrylic &#8211; 27 mm with sealing ring<br \/>\n1x Grid cap &#8211; 10mm &#8211; stainless steel<\/p>\n<p>1x drinking clear 5ml &#8211; sponge<br \/>\n1x Feeding dish white rectangle &#8211; 3 compartments<\/p>\n<p>2x Foil thermometer &#8211; farm<br \/>\n1x Foil thermometer display<\/p>\n<p>1x anslutning f\u00f6r tankslang 27-14,16,20 mm - transparent<br \/>\n1x Myrskyddsmedel 10ml<br \/>\n1x Pincett fj\u00e4derst\u00e5l - bred - mjuk<br \/>\n1x Pincett i transparent plast<br \/>\n1x plastpipett 3ml<br \/>\n1x handf\u00f6rstoringsglas - 2x - 30mm<br \/>\n1x skumtorkare 150x18x2,5mm<br \/>\n1x fotobaksida - \u00f6ken - 20\u00d710<\/p>\n<p><strong>Beskrivning:<\/strong><br \/>\nThis starter set is especially suitable for grain-collecting ant species of the genus Messor or Pogonomyrmex. One of these farms is intended for storing grains\/seeds and ant bread. To prevent the stored grains\/seeds from germinating or molding, it should be kept completely dry.<br \/>\nThe second farm is intended as a nest and breeding area for the ant colony. It should always be kept slightly moist.<\/p>\n<p><strong>Beskrivning av Terra nidum-plattan:<\/strong> Terra nidum-plattan (latin f\u00f6r jordn\u00e4ste) av gr\u00e4vbart material passar perfekt f\u00f6r v\u00e5ra ANTCUBE-myrfarmar. Den kan anv\u00e4ndas b\u00e5de torrt och v\u00e5tt. Den \u00e4r ocks\u00e5 l\u00e4mplig f\u00f6r m\u00e5nga myrarter, s\u00e4rskilt f\u00f6r arter som bygger bo i sand och (d\u00f6tt) tr\u00e4. Det kan anv\u00e4ndas ist\u00e4llet f\u00f6r sand\/lerblandningar eller korkboinsatser. F\u00f6rdelen med detta bo \u00e4r att fuktningen av plattan \u00e4r l\u00e4ttare att kontrollera p\u00e5 grund av en tydligt synlig missf\u00e4rgning och f\u00e4rgen p\u00e5 plattan erbjuder en super kontrast till de vanligtvis m\u00f6rkare myrarterna. Dessutom kan de inre rutorna i myrstacken inte smutsas ned med substrat, vilket till exempel \u00e4r fallet med sand\/lerblandningar, vilket m\u00f6jligg\u00f6r en perfekt vy \u00f6ver boet. V\u00e5rt bomaterial har ocks\u00e5 en mycket fastare struktur s\u00e5 att tunnlar och kammare som gr\u00e4vs av myror inte kollapsar.<\/p>\n<p><strong>Viktigt: <\/strong>V\u00e4nligen fukta substratet f\u00f6re anv\u00e4ndning s\u00e5 att blandningen kan bindas och f\u00e5 ett fast grepp i myrstacken. Ett torrt och dammigt substrat kan dessutom leda till att myrornas luftv\u00e4gar blockeras och i v\u00e4rsta fall att djuren kv\u00e4vs.<\/p>\n<p><strong>Rekommendation:<\/strong> Vi rekommenderar ett substratskikt p\u00e5 2 mm h\u00f6jd, s\u00e5 att djuren inte kan gr\u00e4va sig in i arenan och i st\u00e4llet anv\u00e4nda den g\u00e5rd som tillhandah\u00e5lls f\u00f6r detta \u00e4ndam\u00e5l. Vi rekommenderar ocks\u00e5 att boendematerialet i farmen (sand\/lera, Digfix etc.) \u00e4r l\u00e4tt prickat p\u00e5 ett st\u00e4lle f\u00f6r att g\u00f6ra det l\u00e4ttare f\u00f6r djuren att gr\u00e4va.<\/p>\n<p><strong>Anm\u00e4rkningar om produktionen<\/strong><br \/>\nGlaset sk\u00e4rs enligt DIN 1249 med en tolerans p\u00e5 +\/- 1 mm. F\u00f6r extremt sm\u00e5 myrarter \u00e4r det n\u00f6dv\u00e4ndigt med ytterligare flyktskydd.<\/p>\n<p><strong>Anteckningar om g\u00e5rden<\/strong><br \/>\nObservera f\u00f6ljande n\u00e4r du monterar eller tar bort slangar:<br \/>\nOm slangen \u00e4r mycket sv\u00e5r att f\u00e5 p\u00e5 plats p\u00e5 anslutningshylsan, ska hylsan gnuggas l\u00e4tt med en droppe av v\u00e5r olja eller pulver som skyddar mot utbrott. Tryck sedan p\u00e5 slangen p\u00e5 uttaget med vridande eller skruvande r\u00f6relser utan att belasta uttaget med upp- och ned\u00e5tg\u00e5ende r\u00f6relser. Detsamma g\u00e4ller n\u00e4r du tar bort slangarna fr\u00e5n g\u00e5rdsanslutningsuttaget. Dra inte bara av den!<\/p>\n<p><strong>Anm\u00e4rkning om Terra nidum:<\/strong> Den naturliga f\u00e4rgnyansen kan variera mellan beige\/sandf\u00e4rgad och ljusbrun. F\u00e4rgtonen har inget inflytande p\u00e5 kvaliteten.<br \/>\nP\u00e5 grund av tillverkningsprocessen kan m\u00e5tten variera med +\/- 1 mm.<\/p>\n<\/div>","protected":false},"excerpt":{"rendered":"<p>This set consists of 30 parts and is ideal for all grain-collecting ants species.<br \/>\nStorlek: <span style=\"color: #0000ff;\"><strong>L<\/strong><\/span><\/p>","protected":false},"featured_media":5926,"comment_status":"open","ping_status":"closed","template":"","meta":{"_acf_changed":false,"content-type":"","_monsterinsights_skip_tracking":false,"_monsterinsights_sitenote_active":false,"_monsterinsights_sitenote_note":"","_monsterinsights_sitenote_category":0},"product_brand":[],"product_cat":[344,353,73,75],"product_tag":[],"class_list":{"0":"post-5936","1":"product","2":"type-product","3":"status-publish","4":"has-post-thumbnail","6":"product_cat-popcorn","7":"product_cat-starter-sets-for-harvester-ants","8":"product_cat-starter-sets","9":"product_cat-starter-sets-digfix","11":"first","12":"instock","13":"taxable","14":"shipping-taxable","15":"purchasable","16":"product-type-simple"},"acf":[],"aioseo_notices":[],"jetpack_sharing_enabled":true,"_links":{"self":[{"href":"https:\/\/antcube.shop\/sv\/wp-json\/wp\/v2\/product\/5936","targetHints":{"allow":["GET"]}}],"collection":[{"href":"https:\/\/antcube.shop\/sv\/wp-json\/wp\/v2\/product"}],"about":[{"href":"https:\/\/antcube.shop\/sv\/wp-json\/wp\/v2\/types\/product"}],"replies":[{"embeddable":true,"href":"https:\/\/antcube.shop\/sv\/wp-json\/wp\/v2\/comments?post=5936"}],"wp:featuredmedia":[{"embeddable":true,"href":"https:\/\/antcube.shop\/sv\/wp-json\/wp\/v2\/media\/5926"}],"wp:attachment":[{"href":"https:\/\/antcube.shop\/sv\/wp-json\/wp\/v2\/media?parent=5936"}],"wp:term":[{"taxonomy":"product_brand","embeddable":true,"href":"https:\/\/antcube.shop\/sv\/wp-json\/wp\/v2\/product_brand?post=5936"},{"taxonomy":"product_cat","embeddable":true,"href":"https:\/\/antcube.shop\/sv\/wp-json\/wp\/v2\/product_cat?post=5936"},{"taxonomy":"product_tag","embeddable":true,"href":"https:\/\/antcube.shop\/sv\/wp-json\/wp\/v2\/product_tag?post=5936"}],"curies":[{"name":"wp","href":"https:\/\/api.w.org\/{rel}","templated":true}]}}