{"id":5935,"date":"2023-06-24T12:30:33","date_gmt":"2023-06-24T10:30:33","guid":{"rendered":"https:\/\/antcube.shop\/product\/bundle-offer-messor-angularis\/"},"modified":"2025-10-19T06:01:04","modified_gmt":"2025-10-19T04:01:04","slug":"kombinationserbjudande-messor-angularis","status":"publish","type":"product","link":"https:\/\/antcube.shop\/sv\/produkt\/kombinationserbjudande-messor-angularis\/","title":{"rendered":"Samlingserbjudande - Messor arenarius"},"content":{"rendered":"<div class=\"tab-body active\">\n<p><span data-text-color=\"secondary\"><strong>Paketerbjudande med en myrkoloni Messor angularis (drottning + yngel), ett startset f\u00f6r sk\u00f6rdemyror L Popcorn med 3x Formicarium-kuddar och en burk med v\u00e5ra speciella blancherade syrsor (Moist Protein).<\/strong><\/span><\/p>\n<p><span data-text-color=\"alert\"><strong>Endast s\u00e5 l\u00e4nge lagret r\u00e4cker.<\/strong><\/span><\/p>\n<p><strong>Allt du beh\u00f6ver f\u00f6r att framg\u00e5ngsrikt h\u00e5lla Messor arenarius<\/strong><br \/>\nDet h\u00e4r paketet inneh\u00e5ller allt du beh\u00f6ver f\u00f6r att framg\u00e5ngsrikt h\u00e5lla en koloni Messor arenarius under de f\u00f6rsta m\u00e5naderna. Det kan ut\u00f6kas p\u00e5 ett flexibelt s\u00e4tt och \u00e4r perfekt f\u00f6r att komma ig\u00e5ng med myrsk\u00f6tsel.<\/p>\n<p><strong>Myrarten: Messor arenarius<\/strong><br \/>\nMessor arenarius, \u00e4ven k\u00e4nd som \"dune harvester ant\", \u00e4r en mycket stor, granivorerande myrart j\u00e4mf\u00f6rt med andra Messor-arter och finns fr\u00e4mst i torra och varma regioner i Nordafrika. Deras stora arbetare kan n\u00e5 en h\u00e4pnadsv\u00e4ckande storlek p\u00e5 18 mm. Den \u00e4r k\u00e4nd f\u00f6r sin anpassningsf\u00f6rm\u00e5ga till torra milj\u00f6er och tillh\u00f6r de s.k. sk\u00f6rdemyrorna, som \u00e4r k\u00e4nda f\u00f6r sitt intressanta levnadss\u00e4tt och sina imponerande bostrukturer.<\/p>\n<p>Visuellt sticker Messor arenarius ut med sin gl\u00e4nsande svarta kropp och kraftfullt byggda stora arbetsmyror, som \u00e4r s\u00e4rskilt imponerande. P\u00e5 grund av sin robusta natur och sina enkla sk\u00f6tselkrav \u00e4r det en idealisk art f\u00f6r nyb\u00f6rjare, men p\u00e5 grund av sin imponerande storlek \u00e4r den ocks\u00e5 intressant f\u00f6r avancerade myrsk\u00f6tare.<\/p>\n<p><strong>Foder f\u00f6r Messor arenarius<\/strong><br \/>\nMessor arenarius livn\u00e4r sig fr\u00e4mst p\u00e5 spannm\u00e5l, som den anv\u00e4nder f\u00f6r att g\u00f6ra s\u00e5 kallat \"myrbr\u00f6d\". Dessutom tar kolonin ocks\u00e5 emot s\u00f6ta frukter, sm\u00e5 insekter och proteinfoder. Majoriteten av deras fuktbehov t\u00e4cks av spannm\u00e5l, medan resten t\u00e4cks av insekter och eventuella v\u00e4tskor som erbjuds, till exempel honungsvatten.<\/p>\n<p><strong>F\u00f6ljande foder b\u00f6r tillhandah\u00e5llas i formicariumet:<\/strong><br \/>\nSpannm\u00e5lsblandningar<br \/>\nSm\u00e5 insekter (t.ex. bananflugor)<br \/>\nTillhandah\u00e5ll alltid f\u00e4rskt vatten<br \/>\nHonungsvatten vid behov (obs: t\u00e4ck alltid \u00f6ver \u00f6ppna v\u00e4tskor f\u00f6r att f\u00f6rhindra att myrorna faller ner i dem).<\/p>\n<p><strong>R\u00e4tt formicarium f\u00f6r Messor arenarius<\/strong><br \/>\nSom alla sk\u00f6rdemyror beh\u00f6ver Messor arenarius ocks\u00e5 ett bo som erbjuder b\u00e5de torra och l\u00e4tt fuktiga omr\u00e5den. Det fuktiga omr\u00e5det \u00e4r till f\u00f6r yngelv\u00e5rd, medan den torra delen \u00e4r idealisk f\u00f6r f\u00f6rvaring av spannm\u00e5l f\u00f6r att f\u00f6rhindra m\u00f6geltillv\u00e4xt. V\u00e5rt startset inneh\u00e5ller d\u00e4rf\u00f6r tv\u00e5 myrfarmer (bon), vilket r\u00e4cker f\u00f6r de f\u00f6rsta 1-2 \u00e5ren. Efter det b\u00f6r formicariet byggas ut f\u00f6r att skapa utrymme f\u00f6r kolonin att v\u00e4xa.<\/p>\n<p><strong>De optimala klimatf\u00f6rh\u00e5llandena f\u00f6r Messor arenarius:<\/strong><br \/>\n<strong>Luftfuktighet:<\/strong><br \/>\nArena: 30-50 %<br \/>\nNest omr\u00e5de: 50-70 %<\/p>\n<p><strong>Temperatur:<\/strong><br \/>\nArena: 25-30 \u00b0C<br \/>\nOmr\u00e5de f\u00f6r boet: 22-28 \u00b0C<\/p>\n<p><strong>H\u00e4ckningsmaterial f\u00f6r Messor arenarius<\/strong><br \/>\nDigfix \u00e4r s\u00e4rskilt l\u00e4mplig f\u00f6r h\u00e5llning av Messor arenarius. Det \u00e4r motst\u00e5ndskraftigt mot fukt och ger en tydlig bild av boets strukturer utan att n\u00e5gra substratrester f\u00f6rs\u00e4mrar sikten, vilket \u00e4r fallet med sand \/ lerblandningar.<\/p>\n<p>Eftersom Major-arbetarna med tiden \u00e4ven kan gnaga p\u00e5 h\u00e5rdare material som Ytong rekommenderar vi glasbon med Digfix-insats. Denna kombination ger inte bara l\u00e5ng livsl\u00e4ngd, utan ocks\u00e5 optimala f\u00f6ruts\u00e4ttningar f\u00f6r att observera och ta hand om kolonin.<\/p>\n<p>Med den h\u00e4r installationen skapar du en idealisk grund f\u00f6r att h\u00e5lla Messor arenarius och kan observera och ta hand om dessa fascinerande myror under m\u00e5nga \u00e5r fram\u00f6ver.<\/p>\n<p><strong>Inneh\u00e5ll:<\/strong><br \/>\n1x Messor arenarius (drottning + 1-4 arbetare + yngel)<br \/>\n1x blancherad syrsa 10 g<br \/>\n1x spannm\u00e5lsfoder mindre 100g<br \/>\n1x formicariumdyna - 20x20 cm<br \/>\n2x formicariumdyna - 20x6cm<\/p>\n<p>1x ANTCUBE - arena 20x20x10 - platt<br \/>\n1x ram f\u00f6r myrarena 20\u00d720<br \/>\n1x skydd f\u00f6r myrarena 20\u00d720<br \/>\n1x f\u00e4stpunkter f\u00f6r arena\u00f6verdrag 4st.<br \/>\n2x ANTCUBE - Myrfarm - L - 20\u00d720 - st\u00e5ende<\/p>\n<p>2x ANTCUBE - Digfix Terra nidum 20\u00d720 - L - beige<br \/>\n1x Popcorn Nest 20\u00d720 - L<br \/>\n1x 1m r\u00f6r transparent 20\/16 mm<br \/>\n2x ANTCUBE - R\u00f6d folie 20\u00d720 - filter<br \/>\n2x sj\u00e4lvh\u00e4ftande clips - transparent 2 st.<br \/>\n1x substrat - \u00f6ken - 1 kg<\/p>\n<p>2x gitterinsats - 50mm - rostfritt st\u00e5l<br \/>\n1x gallerinsats - 27mm - rostfritt st\u00e5l<br \/>\n1x gitterlock - 16mm - rostfritt st\u00e5l<\/p>\n<p>1x anslutning f\u00f6r tankslang 27-14,16,20 mm - transparent<br \/>\n1x foderdispenser 2ml - doserbar<br \/>\n1x dricksvatten klart 20ml - svamp<br \/>\n1x sk\u00e5l klar 1\u00d720 - svamp<br \/>\nMini termisk hygrometer analog - display - h\u00e4ngande<br \/>\n1x Myrskyddsmedel 10ml<br \/>\n1x Pincett fj\u00e4derst\u00e5l - bred - mjuk<br \/>\n1x Pincett i transparent plast<br \/>\n1x plastpipett 3ml<br \/>\n1x handf\u00f6rstoringsglas - 2x - 30mm<br \/>\n1x skumtorkare 150x18x2,5mm<br \/>\n1x fotobaksida - \u00f6ken - 20\u00d710<\/p>\n<p><strong>Beskrivning Starter Set:<\/strong><br \/>\nDetta startset \u00e4r s\u00e4rskilt l\u00e4mpligt f\u00f6r s\u00e4dessamlande myrarter av sl\u00e4ktena Messor eller Pogonomyrmex. G\u00e5rden med popcorntallriken \u00e4r avsedd f\u00f6r f\u00f6rvaring av fr\u00f6n och myrbr\u00f6d och b\u00f6r d\u00e4rf\u00f6r vara helt torr f\u00f6r att f\u00f6rhindra att de fr\u00f6n\/korn som myrorna f\u00f6rvarar d\u00e4r gror eller blir m\u00f6gliga.<br \/>\nDen andra g\u00e5rden med plattan \"Terra nidum\" \u00e4r avsedd som bo- och uppf\u00f6dningsomr\u00e5de f\u00f6r myrkolonin. Denna b\u00f6r alltid h\u00e5llas n\u00e5got fuktig.<br \/>\nF\u00f6r att ge dig mer flexibilitet n\u00e4r du s\u00e4tter upp ditt formicarium har vi inkluderat en andra \"Terra nidum\"-platta som du kan anv\u00e4nda i st\u00e4llet f\u00f6r popcornn\u00e4stet.<\/p>\n<p><strong>Beskrivning av Terra nidum-plattan:<\/strong> Terra nidum-plattan (latin f\u00f6r jordn\u00e4ste) av gr\u00e4vbart material passar perfekt f\u00f6r v\u00e5ra ANTCUBE-myrfarmar. Den kan anv\u00e4ndas b\u00e5de torrt och v\u00e5tt. Den \u00e4r ocks\u00e5 l\u00e4mplig f\u00f6r m\u00e5nga myrarter, s\u00e4rskilt f\u00f6r arter som bygger bo i sand och (d\u00f6tt) tr\u00e4. Det kan anv\u00e4ndas ist\u00e4llet f\u00f6r sand\/lerblandningar eller korkboinsatser. F\u00f6rdelen med detta bo \u00e4r att fuktningen av plattan \u00e4r l\u00e4ttare att kontrollera p\u00e5 grund av en tydligt synlig missf\u00e4rgning och f\u00e4rgen p\u00e5 plattan erbjuder en super kontrast till de vanligtvis m\u00f6rkare myrarterna. Dessutom kan de inre rutorna i myrstacken inte smutsas ned med substrat, vilket till exempel \u00e4r fallet med sand\/lerblandningar, vilket m\u00f6jligg\u00f6r en perfekt vy \u00f6ver boet. V\u00e5rt bomaterial har ocks\u00e5 en mycket fastare struktur s\u00e5 att tunnlar och kammare som gr\u00e4vs av myror inte kollapsar.<\/p>\n<p><strong>Beskrivning av popcornn\u00e4stet:<\/strong> Detta popcornbo med prefabricerade g\u00e5ngar och kammare passar perfekt som s\u00e4desmagasin f\u00f6r exempelvis Messor-myror, men \u00e4ven f\u00f6r andra s\u00e4dessamlande myrarter. Det har ett h\u00e5l f\u00f6r \u00e5tkomst till boet. Popcornboet absorberar fukt och kan d\u00e4rf\u00f6r expandera, s\u00e5 det b\u00f6r alltid h\u00e5llas torrt. Messor barbarus accepterar v\u00e5rt ANTCUBE popcornbo mycket v\u00e4l som ett s\u00e4desmagasin. Med tiden b\u00f6rjar myrorna expandera popcornboet och \u00e4ta sig igenom boets material. Det luktar karamelliserad honung och \u00e4r d\u00e4rf\u00f6r mycket attraktivt.<\/p>\n<p>Popcornboet b\u00f6r endast anv\u00e4ndas f\u00f6r myrarter som kr\u00e4ver mycket lite eller ingen fukt i boomr\u00e5det.<\/p>\n<p><strong>Viktigt:<\/strong> V\u00e4nligen fukta substratet f\u00f6re anv\u00e4ndning s\u00e5 att blandningen kan bindas och f\u00e5 ett fast grepp i myrstacken. Ett torrt och dammigt substrat kan dessutom leda till att myrornas luftv\u00e4gar blockeras och i v\u00e4rsta fall att djuren kv\u00e4vs.<\/p>\n<p><strong>Rekommendation:<\/strong> Vi rekommenderar ett substratskikt p\u00e5 2 mm h\u00f6jd, s\u00e5 att djuren inte kan gr\u00e4va sig in i arenan och i st\u00e4llet anv\u00e4nda den g\u00e5rd som tillhandah\u00e5lls f\u00f6r detta \u00e4ndam\u00e5l. Vi rekommenderar ocks\u00e5 att boendematerialet i farmen (sand\/lera, Digfix etc.) \u00e4r l\u00e4tt prickat p\u00e5 ett st\u00e4lle f\u00f6r att g\u00f6ra det l\u00e4ttare f\u00f6r djuren att gr\u00e4va.<\/p>\n<p><strong>Anm\u00e4rkningar om produktionen<\/strong><br \/>\nGlaset sk\u00e4rs enligt DIN 1249 med en tolerans p\u00e5 +\/- 1 mm. F\u00f6r extremt sm\u00e5 myrarter \u00e4r det n\u00f6dv\u00e4ndigt med ytterligare flyktskydd.<\/p>\n<p><strong>Anteckningar om g\u00e5rden<\/strong><br \/>\nObservera f\u00f6ljande n\u00e4r du monterar eller tar bort slangar:<br \/>\nOm slangen \u00e4r mycket sv\u00e5r att f\u00e5 p\u00e5 plats p\u00e5 anslutningshylsan, ska hylsan gnuggas l\u00e4tt med en droppe av v\u00e5r olja eller pulver som skyddar mot utbrott. Tryck sedan p\u00e5 slangen p\u00e5 uttaget med vridande eller skruvande r\u00f6relser utan att belasta uttaget med upp- och ned\u00e5tg\u00e5ende r\u00f6relser. Detsamma g\u00e4ller n\u00e4r du tar bort slangarna fr\u00e5n g\u00e5rdsanslutningsuttaget. Dra inte bara av den!<\/p>\n<p><strong>Anm\u00e4rkning om Terra nidum:<\/strong> Den naturliga f\u00e4rgen kan variera mellan beige\/sandf\u00e4rgad och ljusbrun. F\u00e4rgen har inget inflytande p\u00e5 kvaliteten.<br \/>\nP\u00e5 grund av tillverkningsprocessen kan m\u00e5tten variera med +\/- 1 mm<\/p>\n<p><strong>Anm\u00e4rkning om de blancherade syrsorna:<\/strong><br \/>\nV\u00e5ra blancherade syrsor \u00e4r ett enkelt s\u00e4tt att f\u00f6rse dina myror med f\u00e4rskt konserverat proteinfoder utan att beh\u00f6va mata levande insekter. De ing\u00e5ende syrsorna (Acheta domesticus) har blancherats f\u00f6rsiktigt f\u00f6r att s\u00e4kerst\u00e4lla att n\u00e4ringsv\u00e4rden, smak och arom bibeh\u00e5lls. Dessutom mjukas insekternas kitinskal upp p\u00e5 detta s\u00e4tt s\u00e5 att det kan sm\u00e4ltas l\u00e4ttare. Bindningarna i kollagenproteinerna bryts ned s\u00e5 att myrorna kan utnyttja dem b\u00e4ttre. Acheta domesticus p\u00e5 burk har samma n\u00e4ringsv\u00e4rde som levande syrsor, men \u00e4r l\u00e4ttare att sm\u00e4lta.<\/p>\n<p>De blancherade syrsorna \u00e4r inte l\u00e4mpliga f\u00f6r jakt p\u00e5 myrarter som kr\u00e4ver levande f\u00f6da. (t.ex. poneriner (stora myror) som Harpegnathos eller Odontomachus)<\/p>\n<p><strong>Ytterligare f\u00f6rdelar:<\/strong><br \/>\nGaranterat fri fr\u00e5n kvalster<br \/>\nKan portioneras<br \/>\nSteriliserad och vakuumbehandlad<br \/>\nUtan tillsatser<br \/>\nSyrsor fr\u00e5n h\u00e5llbar rent ekologisk uppf\u00f6dning, matade med organiskt avfall<\/p>\n<p><strong>V\u00e4nligen observera:<\/strong><br \/>\nKan f\u00f6rvaras i kylsk\u00e5p i ca fyra dagar efter \u00f6ppnandet. L\u00e4ngre h\u00e5llbarhet om den fryses.<\/p>\n<\/div>","protected":false},"excerpt":{"rendered":"<p>Paketerbjudande med en Messor arenarius-myrkoloni (drottning + 5-10 arbetare + yngel), ett startset f\u00f6r sk\u00f6rdemyror L Popcorn med 3x formicariumkuddar och en burk med v\u00e5ra specialblancherade syrsor (fuktigt protein). Endast s\u00e5 l\u00e4nge lagret r\u00e4cker. Allt du beh\u00f6ver f\u00f6r att framg\u00e5ngsrikt h\u00e5lla Messor arenarius Detta paket inneh\u00e5ller allt du beh\u00f6ver f\u00f6r att","protected":false},"featured_media":10873,"comment_status":"open","ping_status":"closed","template":"","meta":{"_acf_changed":false,"content-type":"","_monsterinsights_skip_tracking":false,"_monsterinsights_sitenote_active":false,"_monsterinsights_sitenote_note":"","_monsterinsights_sitenote_category":0},"product_brand":[],"product_cat":[355,344,353,73],"product_tag":[],"class_list":{"0":"post-5935","1":"product","2":"type-product","3":"status-publish","4":"has-post-thumbnail","6":"product_cat-bundle-offers","7":"product_cat-popcorn","8":"product_cat-starter-sets-for-harvester-ants","9":"product_cat-starter-sets","11":"first","12":"outofstock","13":"taxable","14":"shipping-taxable","15":"purchasable","16":"product-type-simple"},"acf":[],"aioseo_notices":[],"jetpack_sharing_enabled":true,"_links":{"self":[{"href":"https:\/\/antcube.shop\/sv\/wp-json\/wp\/v2\/product\/5935","targetHints":{"allow":["GET"]}}],"collection":[{"href":"https:\/\/antcube.shop\/sv\/wp-json\/wp\/v2\/product"}],"about":[{"href":"https:\/\/antcube.shop\/sv\/wp-json\/wp\/v2\/types\/product"}],"replies":[{"embeddable":true,"href":"https:\/\/antcube.shop\/sv\/wp-json\/wp\/v2\/comments?post=5935"}],"wp:featuredmedia":[{"embeddable":true,"href":"https:\/\/antcube.shop\/sv\/wp-json\/wp\/v2\/media\/10873"}],"wp:attachment":[{"href":"https:\/\/antcube.shop\/sv\/wp-json\/wp\/v2\/media?parent=5935"}],"wp:term":[{"taxonomy":"product_brand","embeddable":true,"href":"https:\/\/antcube.shop\/sv\/wp-json\/wp\/v2\/product_brand?post=5935"},{"taxonomy":"product_cat","embeddable":true,"href":"https:\/\/antcube.shop\/sv\/wp-json\/wp\/v2\/product_cat?post=5935"},{"taxonomy":"product_tag","embeddable":true,"href":"https:\/\/antcube.shop\/sv\/wp-json\/wp\/v2\/product_tag?post=5935"}],"curies":[{"name":"wp","href":"https:\/\/api.w.org\/{rel}","templated":true}]}}