{"id":5934,"date":"2023-06-24T12:30:09","date_gmt":"2023-06-24T10:30:09","guid":{"rendered":"https:\/\/antcube.shop\/product\/antcube-terra-nidum-20x20-l-beige\/"},"modified":"2026-04-04T16:23:10","modified_gmt":"2026-04-04T14:23:10","slug":"antcube-terra-nidum-20x20-l-beige","status":"publish","type":"product","link":"https:\/\/antcube.shop\/sv\/produkt\/antcube-terra-nidum-20x20-l-beige\/","title":{"rendered":"ANTCUBE - Digfix Terra nidum 20\u00d720 - L - beige"},"content":{"rendered":"<p><strong>M\u00e5tt:<\/strong> 183x160x20 mm<\/p>\n<p><strong>Material:<\/strong> diggable material p\u00e5 resin-basis.<\/p>\n<p><strong>Beskrivning:<\/strong> Terra nidum (lat. earth nest) -plattan av gr\u00e4vbart material passar perfekt f\u00f6r v\u00e5ra ANTCUBE-myrfarmar. Den kan anv\u00e4ndas b\u00e5de torrt och v\u00e5tt. Den \u00e4r ocks\u00e5 l\u00e4mplig f\u00f6r m\u00e5nga myrarter, s\u00e4rskilt de som bygger bo i sand och i (d\u00f6tt) tr\u00e4. Det kan anv\u00e4ndas i st\u00e4llet f\u00f6r sand- och lerblandningar eller boinsatser av kork. F\u00f6rdelen med detta bo \u00e4r att v\u00e4tningen av plattan \u00e4r l\u00e4ttare att kontrollera p\u00e5 grund av en v\u00e4l synlig missf\u00e4rgning och f\u00e4rgen p\u00e5 plattan ger en super kontrast till de vanligtvis m\u00f6rkare myrarterna. Dessutom kan de inre rutorna i myrstacken inte smutsas ned med substrat, vilket till exempel \u00e4r fallet med sand- och lerblandningar, vilket ger en perfekt sikt in i boet. V\u00e5rt bo-material har ocks\u00e5 en mycket fastare struktur, s\u00e5 att g\u00e5ngar och kammare som gr\u00e4vs av myror inte kollapsar.<\/p>\n<p><strong>Observera:<\/strong> Den naturliga f\u00e4rgnyansen kan variera mellan beige\/sand och ljusbrun. F\u00e4rgnyansen p\u00e5verkar inte kvaliteten.<br \/>\nP\u00e5 grund av tillverkningsfel kan m\u00e5tten variera med +\/- 1 mm<\/p>","protected":false},"excerpt":{"rendered":"<p>Storlek: <strong>L<\/strong><\/p>","protected":false},"featured_media":5928,"comment_status":"open","ping_status":"closed","template":"","meta":{"_acf_changed":false,"content-type":"","_monsterinsights_skip_tracking":false,"_monsterinsights_sitenote_active":false,"_monsterinsights_sitenote_note":"","_monsterinsights_sitenote_category":0},"product_brand":[],"product_cat":[257,87,88],"product_tag":[],"class_list":{"0":"post-5934","1":"product","2":"type-product","3":"status-publish","4":"has-post-thumbnail","6":"product_cat-new-innovatve-products","7":"product_cat-nest-insets","8":"product_cat-digfix","10":"first","11":"instock","12":"taxable","13":"shipping-taxable","14":"purchasable","15":"product-type-simple"},"acf":[],"aioseo_notices":[],"jetpack_sharing_enabled":true,"_links":{"self":[{"href":"https:\/\/antcube.shop\/sv\/wp-json\/wp\/v2\/product\/5934","targetHints":{"allow":["GET"]}}],"collection":[{"href":"https:\/\/antcube.shop\/sv\/wp-json\/wp\/v2\/product"}],"about":[{"href":"https:\/\/antcube.shop\/sv\/wp-json\/wp\/v2\/types\/product"}],"replies":[{"embeddable":true,"href":"https:\/\/antcube.shop\/sv\/wp-json\/wp\/v2\/comments?post=5934"}],"wp:featuredmedia":[{"embeddable":true,"href":"https:\/\/antcube.shop\/sv\/wp-json\/wp\/v2\/media\/5928"}],"wp:attachment":[{"href":"https:\/\/antcube.shop\/sv\/wp-json\/wp\/v2\/media?parent=5934"}],"wp:term":[{"taxonomy":"product_brand","embeddable":true,"href":"https:\/\/antcube.shop\/sv\/wp-json\/wp\/v2\/product_brand?post=5934"},{"taxonomy":"product_cat","embeddable":true,"href":"https:\/\/antcube.shop\/sv\/wp-json\/wp\/v2\/product_cat?post=5934"},{"taxonomy":"product_tag","embeddable":true,"href":"https:\/\/antcube.shop\/sv\/wp-json\/wp\/v2\/product_tag?post=5934"}],"curies":[{"name":"wp","href":"https:\/\/api.w.org\/{rel}","templated":true}]}}