{"id":5475,"date":"2023-02-10T13:18:16","date_gmt":"2023-02-10T12:18:16","guid":{"rendered":"https:\/\/antcube.shop\/produkt\/popcorn-nest-20x20-l\/"},"modified":"2026-03-09T17:50:04","modified_gmt":"2026-03-09T16:50:04","slug":"popcorn-nest-20x20-l","status":"publish","type":"product","link":"https:\/\/antcube.shop\/sv\/produkt\/popcorn-nest-20x20-l\/","title":{"rendered":"Popcornn\u00e4ste 20\u00d720 - L"},"content":{"rendered":"<p><strong>M\u00e5tt:<\/strong> 184 x 160 x 18 mm<\/p>\n<p><strong>Material:<\/strong> Popcorn pressade med sackaros och protein.<\/p>\n<p><strong>Passar endast<\/strong> i v\u00e5ra myrstackar storlek <strong>L<\/strong><\/p>\n<p><strong>Beskrivning:<\/strong> Det h\u00e4r popcornboet med prefabricerade g\u00e5ngar och kamrar \u00e4r perfekt som spannm\u00e5lskammare f\u00f6r till exempel Messor-myror, men \u00e4ven f\u00f6r andra kornsamlande myrarter. Det har ett h\u00e5l som ing\u00e5ng till boet. Popcornboet absorberar fukt och kan expandera som ett resultat av detta.<strong> Den b\u00f6r definitivt h\u00e5llas torr.<\/strong>. Messor barbarus accepterar v\u00e5rt ANTCUBE Popcorn Nest mycket bra som kornkammare. Med tiden kommer myrorna att b\u00f6rja expandera popcornboet och \u00e4ta sig igenom boet.<\/p>\n<p>Popcorn Nest b\u00f6r endast anv\u00e4ndas f\u00f6r myrarter som kr\u00e4ver mycket lite eller ingen fukt i boet.<\/p>","protected":false},"excerpt":{"rendered":"<p>M\u00e5tt: Material: popcorn pressat med sackaros och protein Passar endast i v\u00e5ra myrg\u00e5rdar storlek L Beskrivning: Popcorn \u00e4r en av de st\u00f6rsta i v\u00e4rlden: Det h\u00e4r popcornboet med prefabricerade passager och kamrar \u00e4r perfekt som spannm\u00e5lskammare f\u00f6r till exempel Messor-myror men \u00e4ven f\u00f6r andra kornsamlande myrarter. Det har ett h\u00e5l som bo","protected":false},"featured_media":5459,"comment_status":"open","ping_status":"closed","template":"","meta":{"_acf_changed":false,"content-type":"","_monsterinsights_skip_tracking":false,"_monsterinsights_sitenote_active":false,"_monsterinsights_sitenote_note":"","_monsterinsights_sitenote_category":0},"product_brand":[],"product_cat":[257,344,87],"product_tag":[],"class_list":{"0":"post-5475","1":"product","2":"type-product","3":"status-publish","4":"has-post-thumbnail","6":"product_cat-new-innovatve-products","7":"product_cat-popcorn","8":"product_cat-nest-insets","10":"first","11":"instock","12":"taxable","13":"shipping-taxable","14":"purchasable","15":"product-type-simple"},"acf":[],"aioseo_notices":[],"jetpack_sharing_enabled":true,"_links":{"self":[{"href":"https:\/\/antcube.shop\/sv\/wp-json\/wp\/v2\/product\/5475","targetHints":{"allow":["GET"]}}],"collection":[{"href":"https:\/\/antcube.shop\/sv\/wp-json\/wp\/v2\/product"}],"about":[{"href":"https:\/\/antcube.shop\/sv\/wp-json\/wp\/v2\/types\/product"}],"replies":[{"embeddable":true,"href":"https:\/\/antcube.shop\/sv\/wp-json\/wp\/v2\/comments?post=5475"}],"wp:featuredmedia":[{"embeddable":true,"href":"https:\/\/antcube.shop\/sv\/wp-json\/wp\/v2\/media\/5459"}],"wp:attachment":[{"href":"https:\/\/antcube.shop\/sv\/wp-json\/wp\/v2\/media?parent=5475"}],"wp:term":[{"taxonomy":"product_brand","embeddable":true,"href":"https:\/\/antcube.shop\/sv\/wp-json\/wp\/v2\/product_brand?post=5475"},{"taxonomy":"product_cat","embeddable":true,"href":"https:\/\/antcube.shop\/sv\/wp-json\/wp\/v2\/product_cat?post=5475"},{"taxonomy":"product_tag","embeddable":true,"href":"https:\/\/antcube.shop\/sv\/wp-json\/wp\/v2\/product_tag?post=5475"}],"curies":[{"name":"wp","href":"https:\/\/api.w.org\/{rel}","templated":true}]}}