{"id":5380,"date":"2023-02-01T17:57:19","date_gmt":"2023-02-01T16:57:19","guid":{"rendered":"https:\/\/antcube.shop\/produkt\/bundle-offer-lasius-niger\/"},"modified":"2026-04-06T14:21:09","modified_gmt":"2026-04-06T12:21:09","slug":"bunt-erbjudande-lasius-niger","status":"publish","type":"product","link":"https:\/\/antcube.shop\/sv\/produkt\/bunt-erbjudande-lasius-niger\/","title":{"rendered":"Paketerbjudande - Lasius niger"},"content":{"rendered":"<p><span data-text-color=\"secondary\"><strong>Paketerbjudande med ett Lasius niger-myrsamh\u00e4lle (drottning + 26-50 arbetare + yngel), ett startpaket Combi M med flyktskyddsram, gallerinsats 50 mm, formicariumbas - 20x20 cm, genomskinligt drickbart tr\u00e5g 20 ml - svamp, en burk med v\u00e5ra speciella hela blancherade syrsor 10 g (fuktigt protein) och ett refillpaket med honungsdaggsmix 10 ml.<\/strong><\/span><\/p>\n<p><span data-text-color=\"alert\"><strong>Endast s\u00e5 l\u00e4nge lagret r\u00e4cker.<\/strong><\/span><\/p>\n<p><strong>Allt du beh\u00f6ver f\u00f6r en Lasius niger-myrkoloni<\/strong><br \/>\nDetta paket inneh\u00e5ller allt du beh\u00f6ver f\u00f6r att framg\u00e5ngsrikt f\u00e5 en Lasius niger-koloni genom de f\u00f6rsta m\u00e5naderna. Det \u00e4r flexibelt utbyggbart och uttryckligen l\u00e4mpligt f\u00f6r nyb\u00f6rjare inom myrh\u00e5llning.<\/p>\n<p>Myrart Lasius niger Lasius niger, \u00e4ven k\u00e4nd som \"svart sp\u00e5rmyra\", \u00e4r en av de mest popul\u00e4ra arterna f\u00f6r nyb\u00f6rjare inom myrh\u00e5llning. Det \u00e4r en av de sm\u00e5 till medelstora myrorna och \u00e4r mycket sparsam. Den \u00e4r utbredd i hela Europa, men kan ocks\u00e5 hittas i Asien, Afrika och Nordamerika.<\/p>\n<p><strong>Mat f\u00f6r Lasius niger<\/strong><br \/>\nI det vilda h\u00e5ller Lasius niger ofta bladl\u00f6ss f\u00f6r att samla in deras honungsdagg som produceras av v\u00e4xtsaft. P\u00e5 s\u00e5 s\u00e4tt skyddar de dem och transporterar dem till och med till unga skott.<br \/>\nI formicariumet kan du helt enkelt placera n\u00e5gra angripna kvistar (t.ex. rosor, fl\u00e4der, vinb\u00e4r) i en vas och se hur djuren mj\u00f6lkar dem. I formicariumet \u00e4r det b\u00e4st att ge honungsl\u00f6sning och proteinfoder (antingen levande sm\u00e5 insekter eller torkat proteinfoder).<\/p>\n<p><strong>Dvala hos Lasius niger<\/strong><br \/>\nLasius niger \u00f6vervintrar mellan cirka slutet av oktober och slutet av mars vid 5-8 grader. I formikariet kan du helt enkelt placera hela formikariet i ett svalt rum eller (om formikariet har en l\u00f6stagbar boinsats) placera boinsatsen i till exempel kylsk\u00e5pet. Man b\u00f6r dock se till att myrorna inte uts\u00e4tts f\u00f6r temperaturer under 0 grader, eftersom de aldrig \u00e4r lika v\u00e4l skyddade mot kyla i formikariet som de \u00e4r i naturen. Det finns ocks\u00e5 rapporter fr\u00e5n djurh\u00e5llare som h\u00e5ller Lasius niger utan \u00f6vervintring. Detta kan dock leda till en f\u00f6rkortad livsl\u00e4ngd f\u00f6r kolonin eller sakta ner utvecklingen av ynglen. Under dvalan beh\u00f6ver djuren inte matas eller matas mycket lite om det beh\u00f6vs. Du b\u00f6r dock kontrollera luftfuktigheten regelbundet och se upp f\u00f6r m\u00f6gel!<\/p>\n<p><strong>Inneh\u00e5ll:<\/strong><\/p>\n<p>1x Lasius niger (drottning + 26-50 arbetare + yngel)<br \/>\n1x Cricket Jam 25g<br \/>\n1x Honeydew honey 10ml refill pack<\/p>\n<p>1x ANTCUBE - Arena 20x20x20 - Combi M<br \/>\n1x skydd f\u00f6r myrarena 20\u00d720<br \/>\n4x F\u00e4stpunkt f\u00f6r arenaskydd<br \/>\n1x ram f\u00f6r myrarena 20\u00d720<br \/>\n1x pad for formicariums &#8211; 20x20cm<\/p>\n<p>2x grid insert &#8211; 50mm<br \/>\n2x grid insert &#8211; 27mm<br \/>\n1x ANTCUBE - Digfix-platta 20\u00d720 - M<br \/>\n1x soil &#8211; Sand-loam red &#8211; 200g<\/p>\n<p>1x Foil thermometer display<br \/>\n1x drinking clear 5ml &#8211; sponge<br \/>\n1x dricktr\u00e5g 2ml - 360 grader<br \/>\n1x Feeding dish white rectangle &#8211; 3 compartments<br \/>\n1x Handf\u00f6rstoringsglas - 2x - 30mm<br \/>\n1x Transparent plastic tweezers<br \/>\n1x pincett fj\u00e4derst\u00e5l - bred - mjuk<br \/>\n1x plastpipett 3ml<br \/>\n1x skyddande olja mot myror 10ml<br \/>\n1x Foam wiper 150x18x2.5mm<\/p>\n<p><strong>Beskrivning:<\/strong><br \/>\nDenna Starter Set - Combi \u00e4r l\u00e4mplig f\u00f6r de flesta myrarter som bygger bo i marken.<br \/>\nSetet \u00e4r mycket kompakt och de medf\u00f6ljande tillbeh\u00f6ren har reducerats till det n\u00f6dv\u00e4ndigaste.<br \/>\nDet \u00e4r d\u00e4rf\u00f6r en billig upps\u00e4ttning tillverkad av h\u00f6gkvalitativa material, som \u00e4r idealisk f\u00f6r att komma ig\u00e5ng med myrh\u00e5llning.<br \/>\nDet medf\u00f6ljande substratet sand - lera beige \u00e4r v\u00e4l accepterat av de flesta jordbo gr\u00e4vande myrarter.<\/p>\n<p>Men \u00e4ven andra jordsubstrat eller h\u00e4ckningsinsatser kan placeras i arenans h\u00e4ckningsomr\u00e5de.<br \/>\nYtterligare anv\u00e4ndbara tillbeh\u00f6r finns under f\u00f6rslagen (se nedan).<\/p>\n<p><strong>Rekommendation:<\/strong> Vi rekommenderar ett substratskikt p\u00e5 2 mm h\u00f6jd, s\u00e5 att djuren inte kan gr\u00e4va sig in i arenan och i st\u00e4llet anv\u00e4nda den g\u00e5rd som tillhandah\u00e5lls f\u00f6r detta \u00e4ndam\u00e5l. Vi rekommenderar ocks\u00e5 att boendematerialet i farmen (sand\/lera, Digfix etc.) \u00e4r l\u00e4tt prickat p\u00e5 ett st\u00e4lle f\u00f6r att g\u00f6ra det l\u00e4ttare f\u00f6r djuren att gr\u00e4va.<\/p>\n<p><strong>Viktigt:<\/strong> V\u00e4nligen fukta substratet f\u00f6re anv\u00e4ndning s\u00e5 att blandningen kan bindas och f\u00e5 ett fast grepp i myrstacken. Ett torrt och dammigt substrat kan dessutom leda till att myrornas luftv\u00e4gar blockeras och i v\u00e4rsta fall att djuren kv\u00e4vs.<\/p>\n<p><strong>Observera:<\/strong><br \/>\nN\u00e4r du anv\u00e4nder v\u00e5ra boinsatser, observera att dessa \u00e4r 8 mm smalare, eftersom de ursprungligen utformades f\u00f6r att passa v\u00e5ra smalare myrstackar och arenainsatser! I detta fall m\u00e5ste mellanrummet fyllas med fyllnadsmaterial som gips eller lera.<\/p>\n<p><strong>Anm\u00e4rkningar om produktionen<\/strong><br \/>\nGlaset sk\u00e4rs enligt DIN 1249 med en tolerans p\u00e5 +\/- 1 mm. F\u00f6r extremt sm\u00e5 myrarter \u00e4r det n\u00f6dv\u00e4ndigt med ytterligare flyktskydd.<\/p>\n<p><strong>Instruktioner: <\/strong>(Version 2023, den uppdaterade versionen f\u00f6r 2024 kommer att finnas tillg\u00e4nglig senast 04\/2024)<strong><br \/>\n<\/strong><\/p>\n<p>- DE<a href=\"https:\/\/www.antstore.net\/shop\/images\/info\/de\/Gebrauchsanweisung%20Starter%20Set%20Combi.pdf\"> Gebrauchsanvisning Starter Set Combi<\/a> (PDF 7,98 MB)<\/p>\n<p>- SV<a href=\"https:\/\/www.antstore.net\/shop\/images\/info\/en\/Instructions%20for%20use%20-%20Starter%20Set%20Combi.pdf\"> Bruksanvisningar - Starter Set Combi<\/a> (PDF 7,94 MB)<\/p>\n<p>- ES<a href=\"https:\/\/www.antstore.net\/shop\/images\/info\/es\/Manual%20de%20instrucciones%20-%20Set%20de%20inicio%20Combi.pdf\"> Manual de instrucciones - Startsida Combi<\/a> (PDF 7,94 MB)<\/p>\n<p>- FR<a href=\"https:\/\/www.antstore.net\/shop\/images\/info\/fr\/Manuel%20d'instruction%20-%20Kit%20de%20d%C3%A9marrage%20Combi.pdf\"> Manuel d'instruction - Kit de d\u00e9marrage Combi<\/a> (PDF 7,95 MB)<\/p>\n<p><strong>Anteckningar om Cricket Jam:<\/strong><br \/>\nV\u00e5ra blancherade syrsor \u00e4r ett enkelt s\u00e4tt att f\u00f6rse dina myror med f\u00e4rskt konserverat proteinfoder utan att beh\u00f6va mata levande insekter. De ing\u00e5ende syrsorna (Acheta domesticus) har blancherats f\u00f6rsiktigt f\u00f6r att s\u00e4kerst\u00e4lla att n\u00e4ringsv\u00e4rden, smak och arom bibeh\u00e5lls. Dessutom mjukas insekternas kitinskal upp p\u00e5 detta s\u00e4tt s\u00e5 att det kan sm\u00e4ltas l\u00e4ttare. Bindningarna i kollagenproteinerna bryts ned s\u00e5 att myrorna kan utnyttja dem b\u00e4ttre. Acheta domesticus p\u00e5 burk har samma n\u00e4ringsv\u00e4rde som levande syrsor, men \u00e4r l\u00e4ttare att sm\u00e4lta.<\/p>\n<p>Cricket Jam \u00e4r inte l\u00e4mplig f\u00f6r jakt p\u00e5 myrarter som kr\u00e4ver levande f\u00f6da. (t.ex. poneriner (stora myror) som Harpegnathos eller Odontomachus)<\/p>\n<p><strong>Ytterligare f\u00f6rdelar:<\/strong><br \/>\nGaranterat fri fr\u00e5n kvalster<br \/>\nKan portioneras och sp\u00e4das med vatten<br \/>\nSteriliserad och vakuumf\u00f6rpackad<br \/>\nUtan tillsatser<br \/>\nSyrsor fr\u00e5n h\u00e5llbar rent ekologisk uppf\u00f6dning, matade med organiskt avfall<\/p>\n<p><strong>Observera:<\/strong><br \/>\nKan f\u00f6rvaras i kylsk\u00e5p i ca fyra dagar efter \u00f6ppnandet. L\u00e4ngre h\u00e5llbarhet om den fryses.<br \/>\nLystring: F\u00f6rst portion, sedan frys.<\/p>\n<p><strong>Anm\u00e4rkning om honungsdagg:<\/strong><br \/>\nInneh\u00e5ll: 10 ml<br \/>\nDetta \u00e4r en naturlig produkt som vi har f\u00f6rfinat efter omfattande tester i v\u00e5rt laboratorium och utvecklat till ett foder som myrorna accepterar mycket v\u00e4l. Anledningen \u00e4r att obearbetad honungsdagghonung i sin koncentrerade ursprungliga form inte accepteras v\u00e4l av myror och deras \u00e4mnesoms\u00e4ttning.<br \/>\nV\u00e5r honungsmelon samlades in i de of\u00f6rorenade vilda bergsskogarna i Bulgarien. Honungsmugg produceras bara under en mycket begr\u00e4nsad tid, cirka tv\u00e5 m\u00e5nader p\u00e5 sommaren. Den \u00e4r d\u00e4rf\u00f6r mycket s\u00e4llsynt. P\u00e5 grund av skogarnas specifika jordm\u00e5n och klimatet lagras viktiga n\u00e4rings\u00e4mnen i tr\u00e4dens blad, som absorberas av bladl\u00f6ssen. Det \u00e4r detta som g\u00f6r denna honungsdaggblandning s\u00e5 \u00e5tr\u00e5v\u00e4rd f\u00f6r myror.<\/p>\n<p><strong>Anv\u00e4ndning:<\/strong><br \/>\nM\u00e4ngden mat b\u00f6r konsumeras inom cirka 3 dagar.<\/p>\n<p><strong>Beskrivning:<\/strong><br \/>\nHonungsdagg, till skillnad fr\u00e5n blomsterhonung, framst\u00e4lls av sekret fr\u00e5n insekter som suger p\u00e5 v\u00e4xter, t.ex. bladl\u00f6ss. Honungsdagg \u00e4r en popul\u00e4r f\u00f6da f\u00f6r m\u00e5nga insekter, t.ex. myror, bin och humlor. Bin och humlor slickar i sig den fr\u00e5n blad eller barr fr\u00e5n olika tr\u00e4d. Myror som Lasius niger h\u00e5ller bokstavligen bladl\u00f6ssen. De f\u00f6rsvarar dem till och med mot rovdjur och b\u00e4r dem till nya skott.<\/p>\n<p>Honungsmelon \u00e4r s\u00e4rskilt popul\u00e4r bland myror p\u00e5 grund av dess n\u00e5got annorlunda best\u00e5ndsdelar. De viktigaste sockerarterna i honungsmelon \u00e4r sackaros och fruktos, men det finns \u00e4ven mindre m\u00e4ngder maltos, trehalos, melezitos, raffinos och andra oligosackarider. F\u00f6rutom socker och vatten inneh\u00e5ller honungsmelon ocks\u00e5 essentiella aminosyror, mineraler, sp\u00e5r\u00e4mnen, adenosiner, fosfater och andra ingredienser som vitaminer.<\/p>\n<p><strong>Anv\u00e4ndning:<\/strong><br \/>\nF\u00f6r honungs\u00e4tande myrarter (Meliphagidae)<br \/>\nDetta \u00e4r ett kompletteringsfoder<br \/>\nDet kan erbjudas till djuren som levereras. Eftersom sockerkoncentrationen minskar p\u00e5 grund av luftfuktigheten och en j\u00e4sningsprocess inleds, b\u00f6r fodret bytas ut var 3:e dag. Reng\u00f6r fodersk\u00e5len\/r\u00f6ret noggrant f\u00f6re \u00e5teranv\u00e4ndning.<br \/>\nN\u00e4r f\u00f6rpackningen har \u00f6ppnats ska den f\u00f6rvaras v\u00e4l tillsluten fram till utg\u00e5ngsdatumet.<\/p>\n<p><strong>N\u00e4ringsinneh\u00e5ll per 100 g:<\/strong><br \/>\nca 2,7 % fetter<br \/>\nvarav m\u00e4ttad ca 0,45 %<br \/>\nca 95 % kolhydrater<br \/>\nvarav socker ca 71<br \/>\nca 2.85% protein<br \/>\nMineraler (kalium, kalcium, koppar, j\u00e4rn, natrium, magnesium, fosfor, zink och andra sp\u00e5r\u00e4mnen). Aminosyror (prolin, leucin, fenylalanin, alanin, histidin, isoleucin, glutaminsyra, arginin, asparaginsyra etc.) Organiska syror Enzymer (j\u00e4sningar)Aromer Inhibiner (antibakteriella \u00e4mnen) Blommor Pollen<\/p>\n<p><strong>F\u00f6rvaring:<\/strong><br \/>\nF\u00f6r att s\u00e4kerst\u00e4lla fodrets kvalitet b\u00f6r fodret f\u00f6rvaras p\u00e5 en m\u00f6rk och torr plats.<\/p>\n<p><strong>Observera:<\/strong><br \/>\nTill\u00e4ggsfoder f\u00f6r honungs\u00e4tande myror.<br \/>\nSe bipacksedeln f\u00f6r sammans\u00e4ttning, analytiska ingredienser, b\u00e4st f\u00f6re-datum och satsnummer.<\/p>\n<p>Informationshotline +49 30 439703870<\/p>\n<p>Ansvarig veterin\u00e4r- och livsmedelsinspektion:<br \/>\nSteglitz Veterin\u00e4rbyr\u00e5<br \/>\nK\u00f6nigin-Luise-Str. 92<br \/>\n14195 Berlin<\/p>","protected":false},"excerpt":{"rendered":"<p>Storlek: M<\/p>","protected":false},"featured_media":7115,"comment_status":"open","ping_status":"closed","template":"","meta":{"_acf_changed":false,"content-type":"","_monsterinsights_skip_tracking":false,"_monsterinsights_sitenote_active":false,"_monsterinsights_sitenote_note":"","_monsterinsights_sitenote_category":0},"product_brand":[],"product_cat":[355,73,78],"product_tag":[],"class_list":{"0":"post-5380","1":"product","2":"type-product","3":"status-publish","4":"has-post-thumbnail","6":"product_cat-bundle-offers","7":"product_cat-starter-sets","8":"product_cat-starter-sets-combi","10":"first","11":"instock","12":"taxable","13":"shipping-taxable","14":"purchasable","15":"product-type-simple"},"acf":[],"aioseo_notices":[],"jetpack_sharing_enabled":true,"_links":{"self":[{"href":"https:\/\/antcube.shop\/sv\/wp-json\/wp\/v2\/product\/5380","targetHints":{"allow":["GET"]}}],"collection":[{"href":"https:\/\/antcube.shop\/sv\/wp-json\/wp\/v2\/product"}],"about":[{"href":"https:\/\/antcube.shop\/sv\/wp-json\/wp\/v2\/types\/product"}],"replies":[{"embeddable":true,"href":"https:\/\/antcube.shop\/sv\/wp-json\/wp\/v2\/comments?post=5380"}],"wp:featuredmedia":[{"embeddable":true,"href":"https:\/\/antcube.shop\/sv\/wp-json\/wp\/v2\/media\/7115"}],"wp:attachment":[{"href":"https:\/\/antcube.shop\/sv\/wp-json\/wp\/v2\/media?parent=5380"}],"wp:term":[{"taxonomy":"product_brand","embeddable":true,"href":"https:\/\/antcube.shop\/sv\/wp-json\/wp\/v2\/product_brand?post=5380"},{"taxonomy":"product_cat","embeddable":true,"href":"https:\/\/antcube.shop\/sv\/wp-json\/wp\/v2\/product_cat?post=5380"},{"taxonomy":"product_tag","embeddable":true,"href":"https:\/\/antcube.shop\/sv\/wp-json\/wp\/v2\/product_tag?post=5380"}],"curies":[{"name":"wp","href":"https:\/\/api.w.org\/{rel}","templated":true}]}}