{"id":5378,"date":"2023-02-01T17:48:16","date_gmt":"2023-02-01T16:48:16","guid":{"rendered":"https:\/\/antcube.shop\/produkt\/honigtau-mix-in-2ml-futterrohrchen-10-st\/"},"modified":"2026-04-15T10:50:16","modified_gmt":"2026-04-15T08:50:16","slug":"honigtau-mix-in-2ml-futterrohrchen-10-st","status":"publish","type":"product","link":"https:\/\/antcube.shop\/sv\/produkt\/honigtau-mix-in-2ml-futterrohrchen-10-st\/","title":{"rendered":"Honungsmelonblandning i 2 ml matningsr\u00f6r - 10 st."},"content":{"rendered":"<p><strong>Inneh\u00e5ll:<\/strong> 10x 2 ml<\/p>\n<p>Detta \u00e4r en naturlig produkt som vi har f\u00f6rfinat efter omfattande tester i v\u00e5rt laboratorium och utvecklat till ett foder som myrorna accepterar mycket v\u00e4l. Anledningen \u00e4r att obearbetad honungsdagghonung i sin koncentrerade ursprungliga form inte accepteras v\u00e4l av myror och deras \u00e4mnesoms\u00e4ttning.<\/p>\n<p>V\u00e5r honungsdagg har samlats in i de or\u00f6rda vilda bergsskogarna i Bulgarien. Honungsdagg produceras endast under en mycket begr\u00e4nsad period, cirka tv\u00e5 m\u00e5nader p\u00e5 sommaren. D\u00e4rf\u00f6r \u00e4r den mycket s\u00e4llsynt. P\u00e5 grund av skogarnas specifika markegenskaper och klimatet har existentiellt viktiga n\u00e4rings\u00e4mnen lagrats i tr\u00e4dens blad, vilka absorberas av bladl\u00f6ssen. Det \u00e4r detta som g\u00f6r denna honungsduggblandning s\u00e5 \u00e5tr\u00e5v\u00e4rd f\u00f6r myrorna.<\/p>\n<p><strong>Anv\u00e4ndning:<\/strong><br \/>\nMatningsslangen kan placeras i sin helhet i formicariumet, alternativt kan du l\u00e4gga mindre m\u00e4ngder i en matningssk\u00e5l efter behov\/efter kolonins storlek. M\u00e4ngden foder b\u00f6r konsumeras inom cirka 3 dagar.<\/p>\n<p><strong>Beskrivning:<\/strong><br \/>\nHonungsdagg kommer, till skillnad fr\u00e5n honung fr\u00e5n blommor, fr\u00e5n sekret fr\u00e5n sugande insekter, t.ex. bladl\u00f6ss. Honungsdagg \u00e4r en favoritf\u00f6da f\u00f6r m\u00e5nga insekter, t.ex. myror, bin och till och med humlor. Bin och humlor slickar det fr\u00e5n blad eller barr fr\u00e5n olika tr\u00e4d. Myror som Lasius niger h\u00e5ller bladl\u00f6ss regelbundet. De f\u00f6rsvarar dem till och med mot rovdjur och b\u00e4r dem till nya skott.<\/p>\n<p>Honungsmelon \u00e4r popul\u00e4r bland myror fr\u00e4mst p\u00e5 grund av dess n\u00e5got annorlunda best\u00e5ndsdelar. De viktigaste sockerarterna i honungsmelon \u00e4r sackaros och fruktos, men mindre m\u00e4ngder maltos, trehalos, melezitos, raffinos och andra oligosackarider f\u00f6rekommer ocks\u00e5. F\u00f6rutom sockerarter och vatten inneh\u00e5ller honungsmelon \u00e4ven existentiellt viktiga aminosyror, mineraler, sp\u00e5r\u00e4mnen, adenosinfosfater och andra ingredienser, t.ex. vitaminer.<\/p>\n<p><strong>Anv\u00e4ndning:<\/strong><br \/>\nF\u00f6r honungs\u00e4tande myrarter (Meliphagidae).<br \/>\nDet \u00e4r ett till\u00e4ggsfoder (enkelfoder).<br \/>\nDen kan erbjudas djuren i levererat skick. Eftersom fuktigheten minskar sockerkoncentrationen och en j\u00e4sningsprocess inleds, b\u00f6r fodret bytas ut var tredje dag. Reng\u00f6r fodersk\u00e5len\/r\u00f6ret noggrant innan det \u00e5teranv\u00e4nds.<br \/>\nEn \u00f6ppnad f\u00f6rpackning ska anv\u00e4ndas t\u00e4tt st\u00e4ngd tills det angivna datumet (b\u00e4st f\u00f6re-datum).<\/p>\n<p><strong>N\u00e4ringsinformation per 100 g:<\/strong><br \/>\nca 2,7 % fetter<br \/>\nd\u00e4rav m\u00e4ttad ca. 0,45 %<br \/>\nca 95 % kolhydrater<br \/>\nvarav socker ca. 71%<br \/>\nca 2,85%-protein<\/p>\n<p>Mineraler (kalium, kalcium, koppar, j\u00e4rn, natrium, magnesium, fosfor, zink och andra sp\u00e5r\u00e4mnen). Aminosyror (prolin, leucin, fenylalanin, alanin, histidin, isoleucin, glutaminsyra, arginin, asparaginsyra etc.) Organiska syror Enzymer (j\u00e4sningar)Aromer Inhibiner (antibakteriella \u00e4mnen) Blommor Pollen<\/p>\n<p><strong>F\u00f6rvaring:<\/strong><br \/>\nF\u00f6r att s\u00e4kerst\u00e4lla fodrets kvalitet b\u00f6r det f\u00f6rvaras p\u00e5 ett m\u00f6rkt och torrt st\u00e4lle.<\/p>\n<p><strong>Meddelande:<\/strong><br \/>\nInformation om hur du anv\u00e4nder foderr\u00f6ret finns h\u00e4r: L\u00e4nk<br \/>\nTill\u00e4ggsfoder f\u00f6r honungs\u00e4tande myror.<br \/>\nSe bipacksedeln f\u00f6r sammans\u00e4ttning, analytiska ingredienser, b\u00e4st f\u00f6re-datum och partinummer.<\/p>\n<p>Informationshotline +49 30 439703870<\/p>\n<p><strong>Ansvarig veterin\u00e4r- och livsmedelsmyndighet:<\/strong><br \/>\nSteglitz Veterin\u00e4rbyr\u00e5<br \/>\nK\u00f6nigin-Luise-Str. 92<br \/>\n14195 Berlin<\/p>\n<p>&nbsp;<\/p>\n<div style=\"width: 1020px;\" class=\"wp-video\"><video class=\"wp-video-shortcode\" id=\"video-5378-1\" width=\"1020\" height=\"1813\" preload=\"metadata\" controls=\"controls\"><source type=\"video\/mp4\" src=\"https:\/\/antcube.shop\/wp-content\/uploads\/2024\/04\/black-ant_ein-shot_aphids-.mp4?_=1\" \/><a href=\"https:\/\/antcube.shop\/wp-content\/uploads\/2024\/04\/black-ant_ein-shot_aphids-.mp4\">https:\/\/antcube.shop\/wp-content\/uploads\/2024\/04\/black-ant_ein-shot_aphids-.mp4<\/a><\/video><\/div>","protected":false},"excerpt":{"rendered":"<p>Kompletterande livsmedel<\/p>","protected":false},"featured_media":5385,"comment_status":"open","ping_status":"closed","template":"","meta":{"_acf_changed":false,"content-type":"","_monsterinsights_skip_tracking":false,"_monsterinsights_sitenote_active":false,"_monsterinsights_sitenote_note":"","_monsterinsights_sitenote_category":0},"product_brand":[],"product_cat":[257,115,116],"product_tag":[],"class_list":{"0":"post-5378","1":"product","2":"type-product","3":"status-publish","4":"has-post-thumbnail","6":"product_cat-new-innovatve-products","7":"product_cat-food-and-feeding","8":"product_cat-food","10":"first","11":"instock","12":"taxable","13":"shipping-taxable","14":"purchasable","15":"product-type-simple"},"acf":[],"aioseo_notices":[],"jetpack_sharing_enabled":true,"_links":{"self":[{"href":"https:\/\/antcube.shop\/sv\/wp-json\/wp\/v2\/product\/5378","targetHints":{"allow":["GET"]}}],"collection":[{"href":"https:\/\/antcube.shop\/sv\/wp-json\/wp\/v2\/product"}],"about":[{"href":"https:\/\/antcube.shop\/sv\/wp-json\/wp\/v2\/types\/product"}],"replies":[{"embeddable":true,"href":"https:\/\/antcube.shop\/sv\/wp-json\/wp\/v2\/comments?post=5378"}],"wp:featuredmedia":[{"embeddable":true,"href":"https:\/\/antcube.shop\/sv\/wp-json\/wp\/v2\/media\/5385"}],"wp:attachment":[{"href":"https:\/\/antcube.shop\/sv\/wp-json\/wp\/v2\/media?parent=5378"}],"wp:term":[{"taxonomy":"product_brand","embeddable":true,"href":"https:\/\/antcube.shop\/sv\/wp-json\/wp\/v2\/product_brand?post=5378"},{"taxonomy":"product_cat","embeddable":true,"href":"https:\/\/antcube.shop\/sv\/wp-json\/wp\/v2\/product_cat?post=5378"},{"taxonomy":"product_tag","embeddable":true,"href":"https:\/\/antcube.shop\/sv\/wp-json\/wp\/v2\/product_tag?post=5378"}],"curies":[{"name":"wp","href":"https:\/\/api.w.org\/{rel}","templated":true}]}}