{"id":5347,"date":"2023-01-17T17:36:25","date_gmt":"2023-01-17T16:36:25","guid":{"rendered":"https:\/\/antcube.shop\/produkt\/bundle-offer-messor-barbarus\/"},"modified":"2026-04-13T09:28:50","modified_gmt":"2026-04-13T07:28:50","slug":"bunt-erbjudande-messor-barbarus","status":"publish","type":"product","link":"https:\/\/antcube.shop\/sv\/produkt\/bunt-erbjudande-messor-barbarus\/","title":{"rendered":"Paketerbjudande - Messor barbarus"},"content":{"rendered":"<p><span data-text-color=\"secondary\"><strong>Paketerbjudande med en Messor barbarus-myrkoloni (drottning + 11-25 arbetare + yngel), ett startset f\u00f6r Messor spec. med 3x formicariummattor och en burk med v\u00e5ra speciella hela blancherade syrsor 10 g (fuktigt protein).<\/strong><\/span><\/p>\n<p><span data-text-color=\"alert\"><strong>Endast s\u00e5 l\u00e4nge lagret r\u00e4cker.<\/strong><\/span><\/p>\n<p><strong>Allt du beh\u00f6ver f\u00f6r en Messor barbarus-myrkoloni<\/strong><br \/>\nDetta paket inneh\u00e5ller allt du beh\u00f6ver f\u00f6r att framg\u00e5ngsrikt f\u00e5 en koloni av Messor structor genom de f\u00f6rsta m\u00e5naderna. Det \u00e4r flexibelt utbyggbart och l\u00e4mpar sig s\u00e4rskilt f\u00f6r nyb\u00f6rjare inom myrh\u00e5llning.<\/p>\n<p><strong>Messor barbarus myrart:<\/strong><br \/>\nMessor barbarus \u00e4r en tydligt granivorerande (spannm\u00e5ls\u00e4tande) myrart fr\u00e5n Medelhavsomr\u00e5det. Den tillh\u00f6r de s\u00e5 kallade sk\u00f6rdemyrorna och \u00e4r en av nyb\u00f6rjararterna f\u00f6r myrsk\u00f6tare p\u00e5 grund av dess relativt enkla krav n\u00e4r det g\u00e4ller klimat och f\u00f6da. P\u00e5 grund av sin f\u00e4rg och bildandet av minor, media och major workers (mindre och st\u00f6rre) \u00e4r den mycket sp\u00e4nnande att observera.<\/p>\n<p><strong>Foder f\u00f6r Messor barbarus<\/strong><br \/>\nI naturen \u00e4ter Messor barbarus fr\u00e4mst spannm\u00e5l och anv\u00e4nder dem f\u00f6r att g\u00f6ra \"myrbr\u00f6d\", men s\u00f6ta frukter och d\u00f6da insekter accepteras ocks\u00e5 g\u00e4rna. Messor barbarus t\u00e4cker en stor del av sitt fuktbehov med spannm\u00e5l och resten med insekter. I formicariet kan man ge spannm\u00e5l och vid behov honung, proteinfoder, mycket sm\u00e5 insekter eller gel\u00e9. Honungsvatten accepteras endast om det r\u00e5der brist p\u00e5 v\u00e4tska. Eftersom Messor-arter tenderar att kasta sig i \u00f6ppna vattenk\u00e4llor, b\u00f6r dessa alltid t\u00e4ckas med stenar eller absorberande bomull.<\/p>\n<p>Messor barbarus \u00f6vervintrar fr\u00e5n omkring slutet av november till slutet av februari. Till skillnad fr\u00e5n till exempel Lasius niger \u00e4r detta dock en period med kraftigt reducerad aktivitet. Vinterdvalan b\u00f6r tillbringas vid ca 15 \u00b0C, eftersom temperaturen i de regioner d\u00e4r Messor barbarus har sitt ursprung mycket s\u00e4llan \u00e4r l\u00e4gre, inte ens p\u00e5 vintern. Du kan helt enkelt placera myrorna i ett ouppv\u00e4rmt rum f\u00f6r detta \u00e4ndam\u00e5l. Det finns ocks\u00e5 rapporter fr\u00e5n djurh\u00e5llare som h\u00e5ller Messor barbarus utan \u00f6vervintring. Detta kan dock leda till en f\u00f6rkortad livsl\u00e4ngd f\u00f6r kolonin eller sakta ner utvecklingen av avkomman. Under dvalan beh\u00f6ver djuren bara matas lite. Du b\u00f6r dock kontrollera luftfuktigheten regelbundet och se upp f\u00f6r m\u00f6gel!<\/p>\n<p><strong>Formicarium f\u00f6r Messor barbarus<\/strong><br \/>\nSk\u00f6rdemyror beh\u00f6ver ett n\u00e5got fuktigt bo f\u00f6r ynglen och ett torrt bo f\u00f6r att f\u00f6rvara sina insamlade korn (torrt f\u00f6r att f\u00f6rhindra m\u00f6geltillv\u00e4xt). Detta fungerar b\u00e4st med tv\u00e5 separata bon, som ing\u00e5r i v\u00e5rt startset. Detta kommer att r\u00e4cka i minst 1-2 \u00e5r. Efter det b\u00f6r b\u00e5de boet och arenaomr\u00e5dena ut\u00f6kas.<\/p>\n<p><strong>De optimala klimatf\u00f6rh\u00e5llandena f\u00f6r Messor barbarus \u00e4r f\u00f6ljande<\/strong><br \/>\nLuftfuktighet:<br \/>\nArena: 30 - 50% Boomr\u00e5de: 50 - 70%<br \/>\nTemperatur:<br \/>\nArena: 25 - 30\u00b0C Boomr\u00e5de: 21 - 26\u00b0C<\/p>\n<p>V\u00e5rt Digfix \u00e4r det mest l\u00e4mpliga bomaterialet. Det \u00e4r mycket motst\u00e5ndskraftigt mot fukt och ser till att sikten in i boet och kamrarna och g\u00e5ngarna inuti inte st\u00f6rs av substratrester som med sand- och lerblandningar. Tack vare sina starka k\u00e4kar kan Major-arbetare ocks\u00e5 \u00e4ta sig igenom Ytong \u00f6ver tid utan problem. Glasbon med Digfix-insatser \u00e4r d\u00e4rf\u00f6r det b\u00e4sta och s\u00e4kraste s\u00e4ttet att h\u00e5lla Messor angularis.<\/p>\n<p><strong>Inneh\u00e5ll:<\/strong><\/p>\n<p>1x Messor barbarus (drottning + 11-25 arbetare + yngel)<br \/>\n1x Cricket Jam 25g<br \/>\n1x spannm\u00e5lsfoder mindre 100g<br \/>\n1x pad for formicariums &#8211; 20x20cm<br \/>\n2x pad for formicariums &#8211; 20x6cm<\/p>\n<p>1x ANTCUBE - arena 20x20x10 - platt<br \/>\n1x ram f\u00f6r myrarena 20\u00d720<br \/>\n1x skydd f\u00f6r myrarena 20\u00d720<br \/>\n4x f\u00e4stpunkt f\u00f6r arena\u00f6verdrag<br \/>\n2x ANTCUBE - Myrfarm - L - 20\u00d720 - st\u00e5ende<\/p>\n<p>2x ANTCUBE - Digfix-platta 20\u00d720 - M<br \/>\n1x 1 m r\u00f6r transparent 14\/10 mm<br \/>\n2x ANTCUBE - R\u00f6d folie 20\u00d720 - filter<br \/>\n2x sj\u00e4lvh\u00e4ftande kl\u00e4mmor - transparent 2 st.<br \/>\n1x substrat - \u00f6ken - 1 kg<\/p>\n<p>2x grid insert &#8211; 50mm<br \/>\n1x grid insert &#8211; 27mm<br \/>\n1x gitterlock - 10mm - rostfritt st\u00e5l<\/p>\n<p>1x anslutning f\u00f6r tankslang 27-14,16,20 mm - transparent<br \/>\n1x drinking clear 5ml &#8211; sponge<br \/>\n1x Feeding dish white rectangle &#8211; 3 compartments<br \/>\n1x Foil thermometer display<br \/>\n2x Foil thermometer farm<br \/>\n1x Myrskyddsmedel 10ml<br \/>\n1x Pincett fj\u00e4derst\u00e5l - bred - mjuk<br \/>\n1x Pincett i transparent plast<br \/>\n1x plastpipett 3ml<br \/>\n1x handf\u00f6rstoringsglas - 2x - 30mm<br \/>\n1x skumtorkare 150x18x2,5mm<br \/>\n1x fotobaksida - \u00f6ken - 20\u00d710<\/p>\n<p><strong>Beskrivning Starter Set:<\/strong><br \/>\nDetta startset \u00e4r s\u00e4rskilt l\u00e4mpligt f\u00f6r olika arter av sl\u00e4ktet Messor. En av de tv\u00e5 g\u00e5rdarna \u00e4r avsedd f\u00f6r f\u00f6rvaring av fr\u00f6n och myrbr\u00f6d och b\u00f6r d\u00e4rf\u00f6r h\u00e5llas helt torr f\u00f6r att f\u00f6rhindra att de fr\u00f6n\/korn som myrorna f\u00f6rvarar d\u00e4r gror eller m\u00f6glar.<br \/>\n\"Digfix-plattorna\" kan s\u00e4ttas in i de helt transparenta g\u00e5rdarna. Alternativt kan du ocks\u00e5 anv\u00e4nda \"Soil - Desert\" f\u00f6r att fylla odlingarna. Vid behov kan ytterligare moduler anslutas via 50 mm-h\u00e5len i locket, t.ex. de separat tillg\u00e4ngliga foggers, fl\u00e4ktar eller lampor. Alternativt ing\u00e5r l\u00e4mpliga gallerinsatser f\u00f6r att st\u00e4nga \u00f6ppningarna i leveransen. Om s\u00e5 \u00f6nskas kan formicariet \u00e4ven drivas \u00f6ppet genom att helt enkelt montera den l\u00f6stagbara ramen och applicera myrskyddsolja p\u00e5 kanten.<\/p>\n<p><strong>Viktigt:<\/strong> V\u00e4nligen fukta substratet f\u00f6re anv\u00e4ndning s\u00e5 att blandningen kan bindas och f\u00e5 ett fast grepp i myrstacken. Om substratet dessutom \u00e4r f\u00f6r torrt och dammigt kan myrornas luftv\u00e4gar blockeras och i v\u00e4rsta fall kan djuren kv\u00e4vas.<\/p>\n<p><strong>Rekommendation:<\/strong> Vi rekommenderar ett substratskikt p\u00e5 2 mm h\u00f6jd, s\u00e5 att djuren inte kan gr\u00e4va sig in i arenan och i st\u00e4llet anv\u00e4nda den g\u00e5rd som tillhandah\u00e5lls f\u00f6r detta \u00e4ndam\u00e5l. Vi rekommenderar ocks\u00e5 att boendematerialet i farmen (sand\/lera, Digfix etc.) \u00e4r l\u00e4tt prickat p\u00e5 ett st\u00e4lle f\u00f6r att g\u00f6ra det l\u00e4ttare f\u00f6r djuren att gr\u00e4va.<\/p>\n<p><strong>Anm\u00e4rkningar om produktionen<\/strong><br \/>\nGlaset sk\u00e4rs enligt DIN 1249 med en tolerans p\u00e5 +\/- 1 mm. F\u00f6r extremt sm\u00e5 myrarter \u00e4r det n\u00f6dv\u00e4ndigt med ytterligare flyktskydd.<\/p>\n<p><strong>Anteckningar om g\u00e5rden<\/strong><br \/>\nObservera f\u00f6ljande n\u00e4r du monterar eller tar bort slangar:<br \/>\nOm slangen \u00e4r mycket sv\u00e5r att f\u00e5 p\u00e5 plats p\u00e5 anslutningshylsan, ska hylsan gnuggas l\u00e4tt med en droppe av v\u00e5r olja eller pulver som skyddar mot utbrott. Tryck sedan p\u00e5 slangen p\u00e5 uttaget med vridande eller skruvande r\u00f6relser utan att belasta uttaget med upp- och ned\u00e5tg\u00e5ende r\u00f6relser. Detsamma g\u00e4ller n\u00e4r du tar bort slangarna fr\u00e5n g\u00e5rdsanslutningsuttaget. Dra inte bara av den!<\/p>\n<p><strong>Anm\u00e4rkning om Digfix:<\/strong> Den naturliga f\u00e4rgen kan variera mellan gr\u00f6n\/gr\u00e5brun och jordbrun. F\u00e4rgtonen har ingen inverkan p\u00e5 kvaliteten.<\/p>\n<p><strong>Instruktioner: <\/strong>(Version 2023, den uppdaterade versionen f\u00f6r 2024 kommer att finnas tillg\u00e4nglig senast 04\/2024)<br \/>\n<span data-sheets-root=\"1\" data-sheets-value=\"{&quot;1&quot;:2,&quot;2&quot;:&quot;DE Gebrauchsanweisung Starter Set Ernteameisen (PDF 2,50 MB)&quot;}\" data-sheets-userformat=\"{&quot;2&quot;:513,&quot;3&quot;:{&quot;1&quot;:0},&quot;12&quot;:0}\" data-sheets-hyperlink=\"https:\/\/www.antstore.net\/shop\/images\/info\/de\/Gebrauchsanweisung Starter Set Ernteameisen.pdf\" data-sheets-hyperlinkruns=\"{&quot;1&quot;:3,&quot;2&quot;:&quot;https:\/\/www.antstore.net\/shop\/images\/info\/de\/Gebrauchsanweisung Starter Set Ernteameisen.pdf&quot;}\uee10{&quot;1&quot;:46}\"><a class=\"in-cell-link\" href=\"https:\/\/www.antstore.net\/shop\/images\/info\/de\/Gebrauchsanweisung Starter Set Ernteameisen.pdf\" target=\"_blank\" rel=\"noopener\">- DE <\/a><a class=\"in-cell-link\" href=\"https:\/\/www.antstore.net\/shop\/images\/info\/de\/Gebrauchsanweisung Starter Set Ernteameisen.pdf\" target=\"_blank\" rel=\"noopener\">Gebrauchsanweisung Starter Set Ernteameisen<\/a><a class=\"in-cell-link\" href=\"https:\/\/www.antstore.net\/shop\/images\/info\/de\/Gebrauchsanweisung Starter Set Ernteameisen.pdf\" target=\"_blank\" rel=\"noopener\"> (PDF 2,50 MB)<\/a><\/span><br \/>\n<a href=\"https:\/\/www.antstore.net\/shop\/images\/info\/en\/Instructions%20for%20use%20-%20Starter%20Set%20for%20Harvester%20Ants.pdf\">- SV Bruksanvisning - Startpaket f\u00f6r sk\u00f6rdemyror (PDF 2,50 MB)<\/a><br \/>\n<a href=\"https:\/\/www.antstore.net\/shop\/images\/info\/es\/Manual%20de%20instrucciones%20-%20Set%20de%20inicio%20para%20las%20hormigas%20de%20la%20cosecha%20_%20messor.pdf\">- ES Manual de instrucciones - Startupps\u00e4ttning f\u00f6r hormonella produkter i kokosfettet _ messor (PDF 2,50 MB)<\/a><br \/>\n<a href=\"https:\/\/www.antstore.net\/shop\/images\/info\/fr\/Manuel%20d'instruction%20-%20Kit%20de%20d%C3%A9marrage%20pour%20les%20fourmis%20moissonneuses_%20Messor.pdf\">- FR Instruktionsmanual - Kit de d\u00e9marrage pour les fourmis moissonneuses_ Messor (PDF 2,50 MB)<\/a><\/p>\n<p><strong>Anteckningar om Cricket Jam:<\/strong><br \/>\nV\u00e5ra blancherade syrsor \u00e4r ett enkelt s\u00e4tt att f\u00f6rse dina myror med f\u00e4rskt konserverat proteinfoder utan att beh\u00f6va mata levande insekter. De ing\u00e5ende syrsorna (Acheta domesticus) har blancherats f\u00f6rsiktigt f\u00f6r att s\u00e4kerst\u00e4lla att n\u00e4ringsv\u00e4rden, smak och arom bibeh\u00e5lls. Dessutom mjukas insekternas kitinskal upp p\u00e5 detta s\u00e4tt s\u00e5 att det kan sm\u00e4ltas l\u00e4ttare. Bindningarna i kollagenproteinerna bryts ned s\u00e5 att myrorna kan utnyttja dem b\u00e4ttre. Acheta domesticus p\u00e5 burk har samma n\u00e4ringsv\u00e4rde som levande syrsor, men \u00e4r l\u00e4ttare att sm\u00e4lta.<\/p>\n<p>Cricket Jam \u00e4r inte l\u00e4mplig f\u00f6r jakt p\u00e5 myrarter som kr\u00e4ver levande f\u00f6da. (t.ex. poneriner (stora myror) som Harpegnathos eller Odontomachus)<\/p>\n<p><strong>Ytterligare f\u00f6rdelar:<\/strong><br \/>\nGaranterat fri fr\u00e5n kvalster<br \/>\nKan portioneras och sp\u00e4das med vatten<br \/>\nSteriliserad och vakuumf\u00f6rpackad<br \/>\nUtan tillsatser<br \/>\nSyrsor fr\u00e5n h\u00e5llbar rent ekologisk uppf\u00f6dning, matade med organiskt avfall<\/p>\n<p><strong>Observera:<\/strong><br \/>\nKan f\u00f6rvaras i kylsk\u00e5p i ca fyra dagar efter \u00f6ppnandet. L\u00e4ngre h\u00e5llbarhet om den fryses.<br \/>\n<strong>Uppm\u00e4rksamhet:<\/strong> F\u00f6rst portion, sedan frysning.<\/p>","protected":false},"excerpt":{"rendered":"<p>Satsen best\u00e5r av 39 delar<br \/>\nStorlek: M<\/p>","protected":false},"featured_media":7113,"comment_status":"open","ping_status":"closed","template":"","meta":{"_acf_changed":false,"content-type":"","_monsterinsights_skip_tracking":false,"_monsterinsights_sitenote_active":false,"_monsterinsights_sitenote_note":"","_monsterinsights_sitenote_category":0},"product_brand":[],"product_cat":[355,353,73],"product_tag":[],"class_list":{"0":"post-5347","1":"product","2":"type-product","3":"status-publish","4":"has-post-thumbnail","6":"product_cat-bundle-offers","7":"product_cat-starter-sets-for-harvester-ants","8":"product_cat-starter-sets","10":"first","11":"outofstock","12":"taxable","13":"shipping-taxable","14":"purchasable","15":"product-type-simple"},"acf":[],"aioseo_notices":[],"jetpack_sharing_enabled":true,"_links":{"self":[{"href":"https:\/\/antcube.shop\/sv\/wp-json\/wp\/v2\/product\/5347","targetHints":{"allow":["GET"]}}],"collection":[{"href":"https:\/\/antcube.shop\/sv\/wp-json\/wp\/v2\/product"}],"about":[{"href":"https:\/\/antcube.shop\/sv\/wp-json\/wp\/v2\/types\/product"}],"replies":[{"embeddable":true,"href":"https:\/\/antcube.shop\/sv\/wp-json\/wp\/v2\/comments?post=5347"}],"wp:featuredmedia":[{"embeddable":true,"href":"https:\/\/antcube.shop\/sv\/wp-json\/wp\/v2\/media\/7113"}],"wp:attachment":[{"href":"https:\/\/antcube.shop\/sv\/wp-json\/wp\/v2\/media?parent=5347"}],"wp:term":[{"taxonomy":"product_brand","embeddable":true,"href":"https:\/\/antcube.shop\/sv\/wp-json\/wp\/v2\/product_brand?post=5347"},{"taxonomy":"product_cat","embeddable":true,"href":"https:\/\/antcube.shop\/sv\/wp-json\/wp\/v2\/product_cat?post=5347"},{"taxonomy":"product_tag","embeddable":true,"href":"https:\/\/antcube.shop\/sv\/wp-json\/wp\/v2\/product_tag?post=5347"}],"curies":[{"name":"wp","href":"https:\/\/api.w.org\/{rel}","templated":true}]}}