{"id":4873,"date":"2022-12-07T14:03:10","date_gmt":"2022-12-07T13:03:10","guid":{"rendered":"https:\/\/antcube.shop\/produkt\/combi-balkon\/"},"modified":"2026-04-09T15:19:14","modified_gmt":"2026-04-09T13:19:14","slug":"combi-balkon","status":"publish","type":"product","link":"https:\/\/antcube.shop\/sv\/produkt\/combi-balkon\/","title":{"rendered":"Combi - Balkong"},"content":{"rendered":"<p style=\"margin-bottom: 0cm;\"><strong>M\u00e5tt:<\/strong> 19x6x8 cm<\/p>\n<p><strong>Material:<\/strong> PMMA<\/p>\n<p><strong>F\u00e4rg:<\/strong> kristallklar, transparent, genomskinlig<\/p>\n<p><strong>Inneh\u00e5ll:<\/strong><br \/>\n1x basplatta<br \/>\n2x h\u00e5llare f\u00f6r montering<br \/>\n1x ramp smal (f\u00f6r sm\u00e5 myror)<br \/>\n1x ramp bred (f\u00f6r stora myror)<\/p>\n<p><strong>Observera:<\/strong> Delarna levereras som ett kit eller som ett plug-in-system. Ingen limning \u00e4r n\u00f6dv\u00e4ndig.<\/p>\n<p><strong>Anslutning:<\/strong><br \/>\nKan anslutas till alla Combi arenor 20x20x20 cm i S, M, L.<\/p>\n<p><strong>Beskrivning:<\/strong> Combi-Balcony kopplas helt enkelt till den befintliga Arena Combi. Balkongen fungerar som en f\u00f6rl\u00e4ngning av arenan och g\u00f6r det l\u00e4ttare f\u00f6r myrorna att kl\u00e4ttra upp eller ner fr\u00e5n arenans \u00f6vre boomr\u00e5de. Det finns en smal kl\u00e4tterhj\u00e4lp f\u00f6r sm\u00e5 myrarter som Lasius niger och en bredare f\u00f6r arter som Camponotus. Den upph\u00f6jda plattformen kan anv\u00e4ndas som ett foderomr\u00e5de d\u00e4r man kan placera sk\u00e5lar eller drickare. Den f\u00f6renklar sk\u00f6tsel- och underh\u00e5llsarbetet tack vare n\u00e4rheten till den \u00f6vre \u00f6ppningen och h\u00e5ller bottensubstratet fritt fr\u00e5n matrester. Tack vare det genomskinliga materialet passar Combi Balcony perfekt in i Combi Arena utan att blockera sikten p\u00e5 boomr\u00e5det och \u00e4r dessutom l\u00e4tt att reng\u00f6ra.<\/p>\n<p style=\"margin-bottom: 0cm;\">","protected":false},"excerpt":{"rendered":"<p>M\u00e5tt: Material: 19x6x8 cm: Material: PMMA F\u00e4rg: kristallklar, transparent, genomskinlig Inneh\u00e5ll: 1x bottenplatta 2x h\u00e5llare 1x ramp smal (f\u00f6r sm\u00e5 myror) 1x ramp bred (f\u00f6r stora myror) Obs: Delarna levereras som en sats eller ett plug-in-system. Ingen limning \u00e4r n\u00f6dv\u00e4ndig. Anslutning: Kan kopplas in i alla Combi arenor 20x20x20 cm i","protected":false},"featured_media":4875,"comment_status":"open","ping_status":"closed","template":"","meta":{"_acf_changed":false,"content-type":"","_monsterinsights_skip_tracking":false,"_monsterinsights_sitenote_active":false,"_monsterinsights_sitenote_note":"","_monsterinsights_sitenote_category":0},"product_brand":[],"product_cat":[239],"product_tag":[],"class_list":{"0":"post-4873","1":"product","2":"type-product","3":"status-publish","4":"has-post-thumbnail","6":"product_cat-useful-additions","8":"first","9":"instock","10":"taxable","11":"shipping-taxable","12":"purchasable","13":"product-type-simple"},"acf":[],"aioseo_notices":[],"jetpack_sharing_enabled":true,"_links":{"self":[{"href":"https:\/\/antcube.shop\/sv\/wp-json\/wp\/v2\/product\/4873","targetHints":{"allow":["GET"]}}],"collection":[{"href":"https:\/\/antcube.shop\/sv\/wp-json\/wp\/v2\/product"}],"about":[{"href":"https:\/\/antcube.shop\/sv\/wp-json\/wp\/v2\/types\/product"}],"replies":[{"embeddable":true,"href":"https:\/\/antcube.shop\/sv\/wp-json\/wp\/v2\/comments?post=4873"}],"wp:featuredmedia":[{"embeddable":true,"href":"https:\/\/antcube.shop\/sv\/wp-json\/wp\/v2\/media\/4875"}],"wp:attachment":[{"href":"https:\/\/antcube.shop\/sv\/wp-json\/wp\/v2\/media?parent=4873"}],"wp:term":[{"taxonomy":"product_brand","embeddable":true,"href":"https:\/\/antcube.shop\/sv\/wp-json\/wp\/v2\/product_brand?post=4873"},{"taxonomy":"product_cat","embeddable":true,"href":"https:\/\/antcube.shop\/sv\/wp-json\/wp\/v2\/product_cat?post=4873"},{"taxonomy":"product_tag","embeddable":true,"href":"https:\/\/antcube.shop\/sv\/wp-json\/wp\/v2\/product_tag?post=4873"}],"curies":[{"name":"wp","href":"https:\/\/api.w.org\/{rel}","templated":true}]}}