{"id":4747,"date":"2022-11-14T15:08:27","date_gmt":"2022-11-14T14:08:27","guid":{"rendered":"https:\/\/antcube.shop\/produkt\/beckenverbinder-3-4-beidseitig-fur-bohrung-27-mm\/"},"modified":"2026-04-15T15:04:19","modified_gmt":"2026-04-15T13:04:19","slug":"beckenverbinder-3-4-beidseitig-fur-bohrung-27-mm","status":"publish","type":"product","link":"https:\/\/antcube.shop\/sv\/produkt\/beckenverbinder-3-4-beidseitig-fur-bohrung-27-mm\/","title":{"rendered":"Bassinkoppling 3\/4\u2033 - b\u00e5da sidor f\u00f6r borrning 27 mm"},"content":{"rendered":"<p><strong>M\u00e5tt:<\/strong> f\u00f6r borrning 27mm<\/p>\n<p><strong>Inneh\u00e5ll:<\/strong> 1x skruvadapter (<strong>UPPM\u00c4RKNING<\/strong>: Se under \"Relaterade produkter\").<\/p>\n<p><strong>Beskrivning:<\/strong> Med den h\u00e4r kopplingen kan tv\u00e5 bass\u00e4nger eller tv\u00e5 g\u00e5rdar i storlek XL anslutas till varandra. H\u00e5len m\u00e5ste vara p\u00e5 samma h\u00f6jd i de bass\u00e4nger som du vill ansluta. Anslutningen s\u00e4tts in genom varje h\u00e5l och skruvas fast med en separat tillg\u00e4nglig l\u00e5smutter. Detta s\u00e4kerst\u00e4ller att anslutningen \u00e4r utbrottss\u00e4ker och h\u00e5ller ocks\u00e5 s\u00e4kert n\u00e4r man flyttar bass\u00e4ngerna.<\/p>\n<p>&nbsp;<\/p>","protected":false},"excerpt":{"rendered":"<p>M\u00e5tt: f\u00f6r borrning 27mm Inneh\u00e5ll: (OBS: G\u00e4ngade muttrar ing\u00e5r inte, se under \"Relaterade produkter\"). Beskrivning: 1: Med denna bass\u00e4ngkoppling kan tv\u00e5 bass\u00e4nger eller \u00e4ven tv\u00e5 g\u00e5rdar i storlek XL anslutas till varandra. H\u00e5len m\u00e5ste vara p\u00e5 samma h\u00f6jd i de bass\u00e4nger som du vill ansluta. Den","protected":false},"featured_media":4755,"comment_status":"open","ping_status":"closed","template":"","meta":{"_acf_changed":false,"content-type":"","_monsterinsights_skip_tracking":false,"_monsterinsights_sitenote_active":false,"_monsterinsights_sitenote_note":"","_monsterinsights_sitenote_category":0},"product_brand":[],"product_cat":[121],"product_tag":[],"class_list":{"0":"post-4747","1":"product","2":"type-product","3":"status-publish","4":"has-post-thumbnail","6":"product_cat-connectors","8":"first","9":"instock","10":"taxable","11":"shipping-taxable","12":"purchasable","13":"product-type-simple"},"acf":[],"aioseo_notices":[],"jetpack_sharing_enabled":true,"_links":{"self":[{"href":"https:\/\/antcube.shop\/sv\/wp-json\/wp\/v2\/product\/4747","targetHints":{"allow":["GET"]}}],"collection":[{"href":"https:\/\/antcube.shop\/sv\/wp-json\/wp\/v2\/product"}],"about":[{"href":"https:\/\/antcube.shop\/sv\/wp-json\/wp\/v2\/types\/product"}],"replies":[{"embeddable":true,"href":"https:\/\/antcube.shop\/sv\/wp-json\/wp\/v2\/comments?post=4747"}],"wp:featuredmedia":[{"embeddable":true,"href":"https:\/\/antcube.shop\/sv\/wp-json\/wp\/v2\/media\/4755"}],"wp:attachment":[{"href":"https:\/\/antcube.shop\/sv\/wp-json\/wp\/v2\/media?parent=4747"}],"wp:term":[{"taxonomy":"product_brand","embeddable":true,"href":"https:\/\/antcube.shop\/sv\/wp-json\/wp\/v2\/product_brand?post=4747"},{"taxonomy":"product_cat","embeddable":true,"href":"https:\/\/antcube.shop\/sv\/wp-json\/wp\/v2\/product_cat?post=4747"},{"taxonomy":"product_tag","embeddable":true,"href":"https:\/\/antcube.shop\/sv\/wp-json\/wp\/v2\/product_tag?post=4747"}],"curies":[{"name":"wp","href":"https:\/\/api.w.org\/{rel}","templated":true}]}}