{"id":4742,"date":"2022-11-14T15:06:48","date_gmt":"2022-11-14T14:06:48","guid":{"rendered":"https:\/\/antcube.shop\/produkt\/rohrverbinder-glasklar-fur-20mm-45\/"},"modified":"2026-04-20T09:57:24","modified_gmt":"2026-04-20T07:57:24","slug":"rohrverbinder-glasklar-fur-20mm-45","status":"publish","type":"product","link":"https:\/\/antcube.shop\/sv\/produkt\/rohrverbinder-glasklar-fur-20mm-45\/","title":{"rendered":"R\u00f6rkoppling kristallklart f\u00f6r 20mm - 45\u00b0"},"content":{"rendered":"<p><strong>M\u00e5tt (LxBxH):<\/strong> 5\u00d72,5\u00d73,5cm<br \/>\n<strong>Inre diameter:<\/strong> 20mm<\/p>\n<p><strong>Material:<\/strong> Akryl<\/p>\n<p><strong>F\u00e4rg:<\/strong> F\u00e4rgl\u00f6s\/genomskinlig\/klar<\/p>\n<p><strong>Inneh\u00e5ll:<\/strong> 1 st.<\/p>\n<p><strong>Tekniska specifikationer:<\/strong><br \/>\nR\u00f6rkoppling akryldiameter 25 mm f\u00f6r 20 mm r\u00f6r.<\/p>\n<p><strong>Beskrivning:<\/strong><br \/>\nR\u00f6rkoppling av transparent akryl f\u00f6r att koppla ihop akrylr\u00f6r i en vinkel p\u00e5 45\u00b0.<\/p>\n<p><strong>Meddelande:<\/strong><br \/>\nObservera f\u00f6ljande n\u00e4r du monterar r\u00f6ren:<br \/>\nP\u00e5 grund av akrylens materialegenskaper m\u00e5ste tryck och h\u00e4vst\u00e5ngseffekter undvikas till varje pris. Om anslutningen \u00e4r sv\u00e5r, anslut den med f\u00f6rsiktiga vridr\u00f6relser och gnid in lite olja mot utbrott om det beh\u00f6vs.<\/p>\n<p>&nbsp;<\/p>","protected":false},"excerpt":{"rendered":"<p>M\u00e5tt (LxBxH): 5x2,5x3,5cm Inre diameter: 20mm Material: Material: Akryl F\u00e4rg: F\u00e4rgl\u00f6s\/genomskinlig\/klar Inneh\u00e5ll: 1st. Tekniska specifikationer: R\u00f6rkoppling akryldiameter 25mm f\u00f6r 20mm r\u00f6r. Beskrivning: R\u00f6rkoppling av transparent akryl f\u00f6r anslutning av akrylr\u00f6r i 45\u00b0 vinkel. Obs! N\u00e4r du monterar r\u00f6ren, observera f\u00f6ljande: P\u00e5 grund av akrylens materialegenskaper kan tryck","protected":false},"featured_media":4778,"comment_status":"open","ping_status":"closed","template":"","meta":{"_acf_changed":false,"content-type":"","_monsterinsights_skip_tracking":false,"_monsterinsights_sitenote_active":false,"_monsterinsights_sitenote_note":"","_monsterinsights_sitenote_category":0},"product_brand":[],"product_cat":[345],"product_tag":[],"class_list":{"0":"post-4742","1":"product","2":"type-product","3":"status-publish","4":"has-post-thumbnail","6":"product_cat-pipe-connectors","8":"first","9":"instock","10":"taxable","11":"shipping-taxable","12":"purchasable","13":"product-type-simple"},"acf":[],"aioseo_notices":[],"jetpack_sharing_enabled":true,"_links":{"self":[{"href":"https:\/\/antcube.shop\/sv\/wp-json\/wp\/v2\/product\/4742","targetHints":{"allow":["GET"]}}],"collection":[{"href":"https:\/\/antcube.shop\/sv\/wp-json\/wp\/v2\/product"}],"about":[{"href":"https:\/\/antcube.shop\/sv\/wp-json\/wp\/v2\/types\/product"}],"replies":[{"embeddable":true,"href":"https:\/\/antcube.shop\/sv\/wp-json\/wp\/v2\/comments?post=4742"}],"wp:featuredmedia":[{"embeddable":true,"href":"https:\/\/antcube.shop\/sv\/wp-json\/wp\/v2\/media\/4778"}],"wp:attachment":[{"href":"https:\/\/antcube.shop\/sv\/wp-json\/wp\/v2\/media?parent=4742"}],"wp:term":[{"taxonomy":"product_brand","embeddable":true,"href":"https:\/\/antcube.shop\/sv\/wp-json\/wp\/v2\/product_brand?post=4742"},{"taxonomy":"product_cat","embeddable":true,"href":"https:\/\/antcube.shop\/sv\/wp-json\/wp\/v2\/product_cat?post=4742"},{"taxonomy":"product_tag","embeddable":true,"href":"https:\/\/antcube.shop\/sv\/wp-json\/wp\/v2\/product_tag?post=4742"}],"curies":[{"name":"wp","href":"https:\/\/api.w.org\/{rel}","templated":true}]}}