{"id":4741,"date":"2022-11-14T15:06:32","date_gmt":"2022-11-14T14:06:32","guid":{"rendered":"https:\/\/antcube.shop\/produkt\/rohrverbinder-glasklar-fur-20mm-i\/"},"modified":"2026-04-03T11:58:47","modified_gmt":"2026-04-03T09:58:47","slug":"rohrverbinder-glasklar-fur-20mm-i","status":"publish","type":"product","link":"https:\/\/antcube.shop\/sv\/produkt\/rohrverbinder-glasklar-fur-20mm-i\/","title":{"rendered":"R\u00f6rkoppling kristallklart f\u00f6r 20mm - I"},"content":{"rendered":"<p><strong>M\u00e5tt (LxBxH):<\/strong> 3,5\u00d72,5\u00d72,5cm<br \/>\n<strong>Inre diameter:<\/strong> 20mm<\/p>\n<p><strong>Material:<\/strong> Akryl<\/p>\n<p><strong>F\u00e4rg:<\/strong> F\u00e4rgl\u00f6s\/genomskinlig\/klar<\/p>\n<p><strong>Inneh\u00e5ll:<\/strong> 1 st.<\/p>\n<p><strong>Tekniska specifikationer:<\/strong><br \/>\nR\u00f6rkoppling form I akryldiameter 25mm f\u00f6r 20mm r\u00f6r.<\/p>\n<p><strong>Beskrivning:<\/strong><br \/>\nR\u00f6rkoppling av genomskinlig akryl f\u00f6r anslutning av akrylr\u00f6r.<\/p>\n<p><strong>Meddelande:<\/strong><br \/>\nObservera f\u00f6ljande n\u00e4r du monterar r\u00f6ren:<br \/>\nP\u00e5 grund av akrylens materialegenskaper m\u00e5ste tryck och h\u00e4vst\u00e5ngseffekter undvikas till varje pris. Om anslutningen \u00e4r sv\u00e5r, anslut den med f\u00f6rsiktiga vridr\u00f6relser och gnid in lite olja mot utbrott om det beh\u00f6vs.<\/p>\n<p>&nbsp;<\/p>","protected":false},"excerpt":{"rendered":"<p>M\u00e5tt (LxBxH): 4,2x2,5x4,2cm Inre diameter: 20mm Material: Material: Akryl F\u00e4rg: F\u00e4rgl\u00f6s\/genomskinlig\/klar Inneh\u00e5ll: 1st. Tekniska specifikationer: R\u00f6rkoppling form L akryl diameter 25mm f\u00f6r 20mm r\u00f6r. Beskrivning: Oms\u00e4ttning: R\u00f6ret \u00e4r en metallbit: R\u00f6rkoppling av transparent akryl f\u00f6r att koppla ihop akrylr\u00f6r. Obs! N\u00e4r du monterar r\u00f6ren, observera f\u00f6ljande: P\u00e5 grund av akrylens materialegenskaper m\u00e5ste tryck och h\u00e4vst\u00e5ngseffekt.","protected":false},"featured_media":4781,"comment_status":"open","ping_status":"closed","template":"","meta":{"_acf_changed":false,"content-type":"","_monsterinsights_skip_tracking":false,"_monsterinsights_sitenote_active":false,"_monsterinsights_sitenote_note":"","_monsterinsights_sitenote_category":0},"product_brand":[],"product_cat":[345],"product_tag":[],"class_list":{"0":"post-4741","1":"product","2":"type-product","3":"status-publish","4":"has-post-thumbnail","6":"product_cat-pipe-connectors","8":"first","9":"instock","10":"taxable","11":"shipping-taxable","12":"purchasable","13":"product-type-simple"},"acf":[],"aioseo_notices":[],"jetpack_sharing_enabled":true,"_links":{"self":[{"href":"https:\/\/antcube.shop\/sv\/wp-json\/wp\/v2\/product\/4741","targetHints":{"allow":["GET"]}}],"collection":[{"href":"https:\/\/antcube.shop\/sv\/wp-json\/wp\/v2\/product"}],"about":[{"href":"https:\/\/antcube.shop\/sv\/wp-json\/wp\/v2\/types\/product"}],"replies":[{"embeddable":true,"href":"https:\/\/antcube.shop\/sv\/wp-json\/wp\/v2\/comments?post=4741"}],"wp:featuredmedia":[{"embeddable":true,"href":"https:\/\/antcube.shop\/sv\/wp-json\/wp\/v2\/media\/4781"}],"wp:attachment":[{"href":"https:\/\/antcube.shop\/sv\/wp-json\/wp\/v2\/media?parent=4741"}],"wp:term":[{"taxonomy":"product_brand","embeddable":true,"href":"https:\/\/antcube.shop\/sv\/wp-json\/wp\/v2\/product_brand?post=4741"},{"taxonomy":"product_cat","embeddable":true,"href":"https:\/\/antcube.shop\/sv\/wp-json\/wp\/v2\/product_cat?post=4741"},{"taxonomy":"product_tag","embeddable":true,"href":"https:\/\/antcube.shop\/sv\/wp-json\/wp\/v2\/product_tag?post=4741"}],"curies":[{"name":"wp","href":"https:\/\/api.w.org\/{rel}","templated":true}]}}