{"id":4737,"date":"2022-11-14T15:05:30","date_gmt":"2022-11-14T14:05:30","guid":{"rendered":"https:\/\/antcube.shop\/produkt\/bohrungsadapter-50-auf-27mm-transparent\/"},"modified":"2026-04-20T09:58:23","modified_gmt":"2026-04-20T07:58:23","slug":"bohrungsadapter-50-auf-27mm-transparent","status":"publish","type":"product","link":"https:\/\/antcube.shop\/sv\/produkt\/bohrungsadapter-50-auf-27mm-transparent\/","title":{"rendered":"Bore adapter 50 till 27 mm - transparent"},"content":{"rendered":"<p><strong>Inneh\u00e5ll:<\/strong><br \/>\n1x akrylskiva 50x4mm med 27mm h\u00e5l<br \/>\n1x sj\u00e4lvh\u00e4ftande folie transparent 60mm med 27mm h\u00e5l<\/p>\n<p><strong>M\u00e5tt:<\/strong> 60x4mm<\/p>\n<p><strong>Material:<\/strong> PMMA, PP<\/p>\n<p><strong>F\u00e4rg:<\/strong> genomskinlig \/ kristallklar<\/p>\n<p><strong>Beskrivning:<\/strong> Adapter f\u00f6r att f\u00e4sta element med 27 mm diameter i 50 mm h\u00e5l.<br \/>\nDen h\u00f6gkvalitativa, transparenta 50\u00b5-klisterfilmen \u00e4r rept\u00e5lig och inneh\u00e5ller en UV-skyddande bel\u00e4ggning och \u00e4r permanent sj\u00e4lvh\u00e4ftande.<br \/>\nP\u00e5 s\u00e5 s\u00e4tt f\u00e5r adaptern ett s\u00e4kert, fast och visuellt vackert f\u00e4ste.<\/p>\n<p><strong>Observera:<\/strong> Borrningsadaptern f\u00e5r inte belastas med permanent tryck med h\u00e4vst\u00e5ngseffekt, annars kan den lossna. Den \u00e4r endast l\u00e4mplig f\u00f6r raka anslutningar!<\/p>","protected":false},"excerpt":{"rendered":"<p>Inneh\u00e5ll: 1x akrylskiva 50x4mm med 27mm h\u00e5l 1x sj\u00e4lvh\u00e4ftande folie transparent 60mm med 27mm h\u00e5l M\u00e5tt: 1: 60x4mm Material: PMMA, PP F\u00e4rg: transparent \/ kristallklart Beskrivning: 1: Adapter f\u00f6r att f\u00e4sta element med 27mm diameter i 50mm h\u00e5l. Den h\u00f6gkvalitativa transparenta 50\u00b5 sj\u00e4lvh\u00e4ftande folien \u00e4r rept\u00e5lig och inneh\u00e5ller en UV-skyddande bel\u00e4ggning och \u00e4r.","protected":false},"featured_media":4887,"comment_status":"open","ping_status":"closed","template":"","meta":{"_acf_changed":false,"content-type":"","_monsterinsights_skip_tracking":false,"_monsterinsights_sitenote_active":false,"_monsterinsights_sitenote_note":"","_monsterinsights_sitenote_category":0},"product_brand":[],"product_cat":[119,121],"product_tag":[],"class_list":{"0":"post-4737","1":"product","2":"type-product","3":"status-publish","4":"has-post-thumbnail","6":"product_cat-formicarium-components","7":"product_cat-connectors","9":"first","10":"instock","11":"taxable","12":"shipping-taxable","13":"purchasable","14":"product-type-simple"},"acf":[],"aioseo_notices":[],"jetpack_sharing_enabled":true,"_links":{"self":[{"href":"https:\/\/antcube.shop\/sv\/wp-json\/wp\/v2\/product\/4737","targetHints":{"allow":["GET"]}}],"collection":[{"href":"https:\/\/antcube.shop\/sv\/wp-json\/wp\/v2\/product"}],"about":[{"href":"https:\/\/antcube.shop\/sv\/wp-json\/wp\/v2\/types\/product"}],"replies":[{"embeddable":true,"href":"https:\/\/antcube.shop\/sv\/wp-json\/wp\/v2\/comments?post=4737"}],"wp:featuredmedia":[{"embeddable":true,"href":"https:\/\/antcube.shop\/sv\/wp-json\/wp\/v2\/media\/4887"}],"wp:attachment":[{"href":"https:\/\/antcube.shop\/sv\/wp-json\/wp\/v2\/media?parent=4737"}],"wp:term":[{"taxonomy":"product_brand","embeddable":true,"href":"https:\/\/antcube.shop\/sv\/wp-json\/wp\/v2\/product_brand?post=4737"},{"taxonomy":"product_cat","embeddable":true,"href":"https:\/\/antcube.shop\/sv\/wp-json\/wp\/v2\/product_cat?post=4737"},{"taxonomy":"product_tag","embeddable":true,"href":"https:\/\/antcube.shop\/sv\/wp-json\/wp\/v2\/product_tag?post=4737"}],"curies":[{"name":"wp","href":"https:\/\/api.w.org\/{rel}","templated":true}]}}