{"id":4735,"date":"2022-11-14T15:04:59","date_gmt":"2022-11-14T14:04:59","guid":{"rendered":"https:\/\/antcube.shop\/produkt\/rohrkappe-glasklar-fur-32mm\/"},"modified":"2026-03-31T09:51:38","modified_gmt":"2026-03-31T07:51:38","slug":"rohrkappe-glasklar-fur-32mm","status":"publish","type":"product","link":"https:\/\/antcube.shop\/sv\/produkt\/rohrkappe-glasklar-fur-32mm\/","title":{"rendered":"Tublock kristallklart f\u00f6r 32mm"},"content":{"rendered":"<p><strong>M\u00e5tt (LxBxH):<\/strong> 2,6\u00d74,0x4,0cm<br \/>\n<strong>Inre diameter:<\/strong> 32mm<\/p>\n<p><strong>Material:<\/strong> Akryl<br \/>\n<strong>F\u00e4rg:<\/strong> F\u00e4rgl\u00f6s\/genomskinlig\/klar<\/p>\n<p><strong>Inneh\u00e5ll:<\/strong> 1 st.<\/p>\n<p><strong>Tekniska specifikationer:<\/strong><br \/>\nR\u00f6rh\u00e4tta kristallklar diameter 40 mm f\u00f6r 32 mm r\u00f6r.<\/p>\n<p><strong>Beskrivning:<\/strong><br \/>\nR\u00f6rlock av transparent akryl f\u00f6r att st\u00e4nga akrylr\u00f6r.<\/p>\n<p><strong>Meddelande:<\/strong><br \/>\nN\u00e4r du monterar r\u00f6ren ska du t\u00e4nka p\u00e5 f\u00f6ljande:<br \/>\nP\u00e5 grund av akrylens materialegenskaper m\u00e5ste tryck och h\u00e4vst\u00e5ngseffekter undvikas till varje pris. Om anslutningen \u00e4r sv\u00e5r, anslut den med f\u00f6rsiktiga vridr\u00f6relser och gnid in lite olja mot utbrott om det beh\u00f6vs.<\/p>","protected":false},"excerpt":{"rendered":"<p>M\u00e5tt (LxBxH): 2,6x4,0x4,0cm Inre diameter: 32mm Material: Material: Akryl F\u00e4rg: F\u00e4rgl\u00f6s\/genomskinlig\/klar Inneh\u00e5ll: 1 st. Tekniska specifikationer: R\u00f6rh\u00e4tta kristallklar diameter 40mm f\u00f6r 32mm r\u00f6r. Beskrivning: R\u00f6rr\u00f6ret \u00e4r en ovandel f\u00f6r 3240 mm: R\u00f6rlock tillverkat av transparent akryl f\u00f6r att st\u00e4nga akrylr\u00f6r. Obs! N\u00e4r du monterar r\u00f6ren, observera f\u00f6ljande: P\u00e5 grund av akrylens materialegenskaper m\u00e5ste tryck och h\u00e4vst\u00e5ngseffekt vara","protected":false},"featured_media":4894,"comment_status":"open","ping_status":"closed","template":"","meta":{"_acf_changed":false,"content-type":"","_monsterinsights_skip_tracking":false,"_monsterinsights_sitenote_active":false,"_monsterinsights_sitenote_note":"","_monsterinsights_sitenote_category":0},"product_brand":[],"product_cat":[345],"product_tag":[],"class_list":{"0":"post-4735","1":"product","2":"type-product","3":"status-publish","4":"has-post-thumbnail","6":"product_cat-pipe-connectors","8":"first","9":"instock","10":"taxable","11":"shipping-taxable","12":"purchasable","13":"product-type-simple"},"acf":[],"aioseo_notices":[],"jetpack_sharing_enabled":true,"_links":{"self":[{"href":"https:\/\/antcube.shop\/sv\/wp-json\/wp\/v2\/product\/4735","targetHints":{"allow":["GET"]}}],"collection":[{"href":"https:\/\/antcube.shop\/sv\/wp-json\/wp\/v2\/product"}],"about":[{"href":"https:\/\/antcube.shop\/sv\/wp-json\/wp\/v2\/types\/product"}],"replies":[{"embeddable":true,"href":"https:\/\/antcube.shop\/sv\/wp-json\/wp\/v2\/comments?post=4735"}],"wp:featuredmedia":[{"embeddable":true,"href":"https:\/\/antcube.shop\/sv\/wp-json\/wp\/v2\/media\/4894"}],"wp:attachment":[{"href":"https:\/\/antcube.shop\/sv\/wp-json\/wp\/v2\/media?parent=4735"}],"wp:term":[{"taxonomy":"product_brand","embeddable":true,"href":"https:\/\/antcube.shop\/sv\/wp-json\/wp\/v2\/product_brand?post=4735"},{"taxonomy":"product_cat","embeddable":true,"href":"https:\/\/antcube.shop\/sv\/wp-json\/wp\/v2\/product_cat?post=4735"},{"taxonomy":"product_tag","embeddable":true,"href":"https:\/\/antcube.shop\/sv\/wp-json\/wp\/v2\/product_tag?post=4735"}],"curies":[{"name":"wp","href":"https:\/\/api.w.org\/{rel}","templated":true}]}}