{"id":4729,"date":"2022-11-14T15:03:24","date_gmt":"2022-11-14T14:03:24","guid":{"rendered":"https:\/\/antcube.shop\/produkt\/becken-rohrverbinder-3-4-zu-32mm-gerade-transparent\/"},"modified":"2026-01-12T12:36:45","modified_gmt":"2026-01-12T11:36:45","slug":"becken-rohrverbinder-3-4-zu-32mm-gerade-transparent","status":"publish","type":"product","link":"https:\/\/antcube.shop\/sv\/produkt\/becken-rohrverbinder-3-4-zu-32mm-gerade-transparent\/","title":{"rendered":"Koppling f\u00f6r tv\u00e4ttst\u00e4llsr\u00f6r 3\/4\u2033 till 32mm - rakt - genomskinligt"},"content":{"rendered":"<p><strong>M\u00e5tt:<\/strong> 75x40x40mm<\/p>\n<p><strong>Kvantitet:<\/strong> 1 st.<\/p>\n<p><strong>F\u00e4rg:<\/strong> genomskinlig<\/p>\n<p><strong>Material:<\/strong> plast<\/p>\n<p><strong>Beskrivning:<\/strong> Den h\u00e4r kopplingen 3\/4\u2033 passar i ett 27 mm h\u00e5l och p\u00e5 ett 32 mm r\u00f6r med ytterdiameter.<\/p>","protected":false},"excerpt":{"rendered":"<p>M\u00e5tt: Antal: 75x40x40mm: Material: plast Beskrivning: 1 st: Denna bass\u00e4ngr\u00f6rskoppling 3\/4\" passar i ett 27mm h\u00e5l samt p\u00e5 ett 32mm r\u00f6rs ytterdiameter.<\/p>","protected":false},"featured_media":4905,"comment_status":"open","ping_status":"closed","template":"","meta":{"_acf_changed":false,"content-type":"","_monsterinsights_skip_tracking":false,"_monsterinsights_sitenote_active":false,"_monsterinsights_sitenote_note":"","_monsterinsights_sitenote_category":0},"product_brand":[],"product_cat":[345],"product_tag":[],"class_list":{"0":"post-4729","1":"product","2":"type-product","3":"status-publish","4":"has-post-thumbnail","6":"product_cat-pipe-connectors","8":"first","9":"instock","10":"taxable","11":"shipping-taxable","12":"purchasable","13":"product-type-simple"},"acf":[],"aioseo_notices":[],"jetpack_sharing_enabled":true,"_links":{"self":[{"href":"https:\/\/antcube.shop\/sv\/wp-json\/wp\/v2\/product\/4729","targetHints":{"allow":["GET"]}}],"collection":[{"href":"https:\/\/antcube.shop\/sv\/wp-json\/wp\/v2\/product"}],"about":[{"href":"https:\/\/antcube.shop\/sv\/wp-json\/wp\/v2\/types\/product"}],"replies":[{"embeddable":true,"href":"https:\/\/antcube.shop\/sv\/wp-json\/wp\/v2\/comments?post=4729"}],"wp:featuredmedia":[{"embeddable":true,"href":"https:\/\/antcube.shop\/sv\/wp-json\/wp\/v2\/media\/4905"}],"wp:attachment":[{"href":"https:\/\/antcube.shop\/sv\/wp-json\/wp\/v2\/media?parent=4729"}],"wp:term":[{"taxonomy":"product_brand","embeddable":true,"href":"https:\/\/antcube.shop\/sv\/wp-json\/wp\/v2\/product_brand?post=4729"},{"taxonomy":"product_cat","embeddable":true,"href":"https:\/\/antcube.shop\/sv\/wp-json\/wp\/v2\/product_cat?post=4729"},{"taxonomy":"product_tag","embeddable":true,"href":"https:\/\/antcube.shop\/sv\/wp-json\/wp\/v2\/product_tag?post=4729"}],"curies":[{"name":"wp","href":"https:\/\/api.w.org\/{rel}","templated":true}]}}