{"id":4726,"date":"2022-11-14T15:02:37","date_gmt":"2022-11-14T14:02:37","guid":{"rendered":"https:\/\/antcube.shop\/produkt\/rohrverbindungsring-fur-50mm-rohr\/"},"modified":"2026-03-20T10:38:38","modified_gmt":"2026-03-20T09:38:38","slug":"rohrverbindungsring-fur-50mm-rohr","status":"publish","type":"product","link":"https:\/\/antcube.shop\/sv\/produkt\/rohrverbindungsring-fur-50mm-rohr\/","title":{"rendered":"R\u00f6ranslutningsring f\u00f6r 50 mm r\u00f6r"},"content":{"rendered":"<p><strong>Kvantitet:<\/strong> 1 stycke<\/p>\n<p><strong>M\u00e5tt:<\/strong> 50 mm (innerdiameter), 60x10 mm (ytterm\u00e5tt)<\/p>\n<p><strong>F\u00e4rg:<\/strong> genomskinlig<\/p>\n<p><strong>Material:<\/strong> akryl<\/p>\n<p><strong>Beskrivning:<\/strong><br \/>\nR\u00f6rkopplingsring av transparent akryl f\u00f6r att koppla ihop akrylr\u00f6r.<\/p>\n<p><strong>Anv\u00e4ndning:<\/strong><br \/>\nF\u00f6r anslutning av akrylr\u00f6r med en diameter p\u00e5 50 mm.<\/p>\n<p><strong>Meddelande:<\/strong><br \/>\nObservera f\u00f6ljande n\u00e4r du monterar r\u00f6ren:<br \/>\nOm det \u00e4r mycket sv\u00e5rt att f\u00e5 r\u00f6ret att passa p\u00e5 anslutningsuttaget b\u00f6r t\u00e4tningsringen gnuggas l\u00e4tt med en droppe av v\u00e5r olja eller v\u00e5rt pulver f\u00f6r att skydda mot utbrott. R\u00f6ret ska sedan skjutas p\u00e5 hylsan med vrid- eller skruvr\u00f6relser, utan att hylsan belastas med upp- och nedg\u00e5ende r\u00f6relser. P\u00e5 grund av akrylens materialegenskaper b\u00f6r tryck och h\u00e4vst\u00e5ngseffekter undvikas till varje pris.<\/p>\n<p>&nbsp;<\/p>","protected":false},"excerpt":{"rendered":"<p>Kvantitet: Antal: 1 stycke M\u00e5tt: 1: F\u00e4rg: genomskinlig Material: akryl Beskrivning: 1: R\u00f6ranslutningsring av transparent akryl f\u00f6r anslutning av akrylr\u00f6r. Anv\u00e4ndning: Anv\u00e4ndning: F\u00f6r anslutning av akrylr\u00f6r med en diameter p\u00e5 50mm. Obs! N\u00e4r du monterar r\u00f6ren, observera f\u00f6ljande: Om r\u00f6ret \u00e4r mycket sv\u00e5rt att passa p\u00e5 anslutningsmuffen,","protected":false},"featured_media":4921,"comment_status":"open","ping_status":"closed","template":"","meta":{"_acf_changed":false,"content-type":"","_monsterinsights_skip_tracking":false,"_monsterinsights_sitenote_active":false,"_monsterinsights_sitenote_note":"","_monsterinsights_sitenote_category":0},"product_brand":[],"product_cat":[345],"product_tag":[],"class_list":{"0":"post-4726","1":"product","2":"type-product","3":"status-publish","4":"has-post-thumbnail","6":"product_cat-pipe-connectors","8":"first","9":"instock","10":"taxable","11":"shipping-taxable","12":"purchasable","13":"product-type-simple"},"acf":[],"aioseo_notices":[],"jetpack_sharing_enabled":true,"_links":{"self":[{"href":"https:\/\/antcube.shop\/sv\/wp-json\/wp\/v2\/product\/4726","targetHints":{"allow":["GET"]}}],"collection":[{"href":"https:\/\/antcube.shop\/sv\/wp-json\/wp\/v2\/product"}],"about":[{"href":"https:\/\/antcube.shop\/sv\/wp-json\/wp\/v2\/types\/product"}],"replies":[{"embeddable":true,"href":"https:\/\/antcube.shop\/sv\/wp-json\/wp\/v2\/comments?post=4726"}],"wp:featuredmedia":[{"embeddable":true,"href":"https:\/\/antcube.shop\/sv\/wp-json\/wp\/v2\/media\/4921"}],"wp:attachment":[{"href":"https:\/\/antcube.shop\/sv\/wp-json\/wp\/v2\/media?parent=4726"}],"wp:term":[{"taxonomy":"product_brand","embeddable":true,"href":"https:\/\/antcube.shop\/sv\/wp-json\/wp\/v2\/product_brand?post=4726"},{"taxonomy":"product_cat","embeddable":true,"href":"https:\/\/antcube.shop\/sv\/wp-json\/wp\/v2\/product_cat?post=4726"},{"taxonomy":"product_tag","embeddable":true,"href":"https:\/\/antcube.shop\/sv\/wp-json\/wp\/v2\/product_tag?post=4726"}],"curies":[{"name":"wp","href":"https:\/\/api.w.org\/{rel}","templated":true}]}}