{"id":4720,"date":"2022-11-14T15:01:00","date_gmt":"2022-11-14T14:01:00","guid":{"rendered":"https:\/\/antcube.shop\/produkt\/formicarium-schraubbuchse-fur-50mm-bohrung-transparent\/"},"modified":"2025-10-19T12:40:25","modified_gmt":"2025-10-19T10:40:25","slug":"formicarium-schraubbuchse-fur-50mm-bohrung-transparent","status":"publish","type":"product","link":"https:\/\/antcube.shop\/sv\/produkt\/formicarium-schraubbuchse-fur-50mm-bohrung-transparent\/","title":{"rendered":"Formicarium skruvhylsa f\u00f6r 50mm h\u00e5l - transparent"},"content":{"rendered":"<p><strong>Inneh\u00e5ll:<\/strong> 1 st.<\/p>\n<p><strong>M\u00e5tt:<\/strong> 68 x 68 x 46 mm (49 mm uttag)<\/p>\n<p><strong>Material:<\/strong> Plast<\/p>\n<p><strong>F\u00e4rg:<\/strong> Transparent<\/p>\n<p><strong>Beskrivning:<\/strong><br \/>\nDet h\u00e4r \u00e4r en koppling f\u00f6r b\u00e4ckenr\u00f6r.<br \/>\nOm matchande slangkontakter 50mm, kan du ansluta fler slangar 50mm eller fler Formicarien med denna b\u00e4ckenr\u00f6rskontakt.<br \/>\nDet \u00e4r ocks\u00e5 m\u00f6jligt att ansluta ett 60 mm r\u00f6r (60\/56 mm) via t\u00e4tningsringen f\u00f6r 50 mm.<br \/>\nOm det finns ett lock kan l\u00e4mpliga porslinsuttag f\u00f6r belysningsarmaturer anv\u00e4ndas.<\/p>\n<p><strong>Meddelande:<\/strong><br \/>\nEftersom diametern p\u00e5 detta uttag endast \u00e4r 49 mm i st\u00e4llet f\u00f6r 50 mm, beh\u00f6ver du t\u00e4tningsringar eller ett omslag av den sj\u00e4lvh\u00e4ftande filmen crystal clear f\u00f6r att komma upp till diametern 50 mm och f\u00e5 en t\u00e4t anslutning.<\/p>","protected":false},"excerpt":{"rendered":"<p>Inneh\u00e5ll: Inneh\u00e5ll: 1 st. M\u00e5tt: 1: Material: 68 x 68 x 46 mm (49 mm uttag): Plast F\u00e4rg: Genomskinlig Beskrivning: 1: Denna artikel \u00e4r en b\u00e4ckenr\u00f6rskontakt. Om matchande r\u00f6rkontakter 50mm kan du ansluta fler r\u00f6r 50mm eller fler Formicarien med denna b\u00e4ckenr\u00f6rskontakt. Det \u00e4r ocks\u00e5 m\u00f6jligt att som tillval ansluta en 60mm tub (60\/56mm) via","protected":false},"featured_media":4924,"comment_status":"open","ping_status":"closed","template":"","meta":{"_acf_changed":false,"content-type":"","_monsterinsights_skip_tracking":false,"_monsterinsights_sitenote_active":false,"_monsterinsights_sitenote_note":"","_monsterinsights_sitenote_category":0},"product_brand":[],"product_cat":[345],"product_tag":[],"class_list":{"0":"post-4720","1":"product","2":"type-product","3":"status-publish","4":"has-post-thumbnail","6":"product_cat-pipe-connectors","8":"first","9":"outofstock","10":"taxable","11":"shipping-taxable","12":"purchasable","13":"product-type-simple"},"acf":[],"aioseo_notices":[],"jetpack_sharing_enabled":true,"_links":{"self":[{"href":"https:\/\/antcube.shop\/sv\/wp-json\/wp\/v2\/product\/4720","targetHints":{"allow":["GET"]}}],"collection":[{"href":"https:\/\/antcube.shop\/sv\/wp-json\/wp\/v2\/product"}],"about":[{"href":"https:\/\/antcube.shop\/sv\/wp-json\/wp\/v2\/types\/product"}],"replies":[{"embeddable":true,"href":"https:\/\/antcube.shop\/sv\/wp-json\/wp\/v2\/comments?post=4720"}],"wp:featuredmedia":[{"embeddable":true,"href":"https:\/\/antcube.shop\/sv\/wp-json\/wp\/v2\/media\/4924"}],"wp:attachment":[{"href":"https:\/\/antcube.shop\/sv\/wp-json\/wp\/v2\/media?parent=4720"}],"wp:term":[{"taxonomy":"product_brand","embeddable":true,"href":"https:\/\/antcube.shop\/sv\/wp-json\/wp\/v2\/product_brand?post=4720"},{"taxonomy":"product_cat","embeddable":true,"href":"https:\/\/antcube.shop\/sv\/wp-json\/wp\/v2\/product_cat?post=4720"},{"taxonomy":"product_tag","embeddable":true,"href":"https:\/\/antcube.shop\/sv\/wp-json\/wp\/v2\/product_tag?post=4720"}],"curies":[{"name":"wp","href":"https:\/\/api.w.org\/{rel}","templated":true}]}}