{"id":4716,"date":"2022-11-14T14:59:57","date_gmt":"2022-11-14T13:59:57","guid":{"rendered":"https:\/\/antcube.shop\/produkt\/gittereinsatz-acryl-50-mm-klar-fein\/"},"modified":"2026-04-07T18:53:14","modified_gmt":"2026-04-07T16:53:14","slug":"gittereinsatz-acryl-50-mm-klar-fein","status":"publish","type":"product","link":"https:\/\/antcube.shop\/sv\/produkt\/gittereinsatz-acryl-50-mm-klar-fein\/","title":{"rendered":"Rasterinsats akryl 50 mm - klar - fin"},"content":{"rendered":"<p><strong>Kvantitet:<\/strong> 1 stycke<\/p>\n<p><strong>M\u00e5tt:<\/strong> 60x10mm<\/p>\n<p><strong>F\u00e4rg:<\/strong> klart<\/p>\n<p><strong>Material:<\/strong> plast, rostfritt st\u00e5l<\/p>\n<p><strong>Beskrivning:<\/strong> ventilationsgaller med 50 mm pluggdiameter f\u00f6r att st\u00e4nga \u00f6ppningar med 50 mm diameter. Inneh\u00e5ller artikeln: Den best\u00e5r av artikeln \"Ristinsats akryl 50 mm - klar\" i kombination med ett mycket fint, mycket robust galler av rostfritt st\u00e5l (0,2-0,3 mm) som f\u00f6rhindrar att \u00e4ven sm\u00e5 myror bryter sig ut genom de breda ventilations\u00f6ppningarna i ristinsatsen. Passar \u00e4ven f\u00f6r mycket starkt bitande arter som t.ex. bladsk\u00e4rarmyror!<\/p>","protected":false},"excerpt":{"rendered":"<p>F\u00f6r h\u00e5l\/\u00f6ppningar med en diameter p\u00e5 50 mm.<\/p>","protected":false},"featured_media":4809,"comment_status":"open","ping_status":"closed","template":"","meta":{"_acf_changed":false,"content-type":"","_monsterinsights_skip_tracking":false,"_monsterinsights_sitenote_active":false,"_monsterinsights_sitenote_note":"","_monsterinsights_sitenote_category":0},"product_brand":[],"product_cat":[238],"product_tag":[],"class_list":{"0":"post-4716","1":"product","2":"type-product","3":"status-publish","4":"has-post-thumbnail","6":"product_cat-grid-caps-plugs-and-inserts","8":"first","9":"instock","10":"taxable","11":"shipping-taxable","12":"purchasable","13":"product-type-simple"},"acf":[],"aioseo_notices":[],"jetpack_sharing_enabled":true,"_links":{"self":[{"href":"https:\/\/antcube.shop\/sv\/wp-json\/wp\/v2\/product\/4716","targetHints":{"allow":["GET"]}}],"collection":[{"href":"https:\/\/antcube.shop\/sv\/wp-json\/wp\/v2\/product"}],"about":[{"href":"https:\/\/antcube.shop\/sv\/wp-json\/wp\/v2\/types\/product"}],"replies":[{"embeddable":true,"href":"https:\/\/antcube.shop\/sv\/wp-json\/wp\/v2\/comments?post=4716"}],"wp:featuredmedia":[{"embeddable":true,"href":"https:\/\/antcube.shop\/sv\/wp-json\/wp\/v2\/media\/4809"}],"wp:attachment":[{"href":"https:\/\/antcube.shop\/sv\/wp-json\/wp\/v2\/media?parent=4716"}],"wp:term":[{"taxonomy":"product_brand","embeddable":true,"href":"https:\/\/antcube.shop\/sv\/wp-json\/wp\/v2\/product_brand?post=4716"},{"taxonomy":"product_cat","embeddable":true,"href":"https:\/\/antcube.shop\/sv\/wp-json\/wp\/v2\/product_cat?post=4716"},{"taxonomy":"product_tag","embeddable":true,"href":"https:\/\/antcube.shop\/sv\/wp-json\/wp\/v2\/product_tag?post=4716"}],"curies":[{"name":"wp","href":"https:\/\/api.w.org\/{rel}","templated":true}]}}