{"id":4714,"date":"2022-11-14T14:59:26","date_gmt":"2022-11-14T13:59:26","guid":{"rendered":"https:\/\/antcube.shop\/produkt\/fichtennadeln-100g\/"},"modified":"2026-04-13T09:32:39","modified_gmt":"2026-04-13T07:32:39","slug":"fichtennadeln-100g","status":"publish","type":"product","link":"https:\/\/antcube.shop\/sv\/produkt\/fichtennadeln-100g\/","title":{"rendered":"Granbarrsn\u00e5lar 100 g"},"content":{"rendered":"<p><strong>L\u00e4ngd:<\/strong> 2cm<\/p>\n<p><strong>Beskrivning:<\/strong> n\u00e5larna har rengjorts och \u00e4r fria fr\u00e5n skadliga \u00e4mnen, s\u00e5 de kan anv\u00e4ndas omedelbart f\u00f6r dekoration.<\/p>\n<p><strong>Observera:<\/strong> Beroende p\u00e5 hur torkade n\u00e5larna \u00e4r kan de f\u00e5 en gr\u00f6n, beige eller brun till m\u00f6rkbrun f\u00e4rg. N\u00e5larna kommer att forts\u00e4tta att torka och tappa f\u00e4rg med tiden och senast n\u00e5 en brun ton.<\/p>","protected":false},"excerpt":{"rendered":"<p>l\u00e4ngd: 2cm<\/p>","protected":false},"featured_media":4947,"comment_status":"open","ping_status":"closed","template":"","meta":{"_acf_changed":false,"content-type":"","_monsterinsights_skip_tracking":false,"_monsterinsights_sitenote_active":false,"_monsterinsights_sitenote_note":"","_monsterinsights_sitenote_category":0},"product_brand":[],"product_cat":[95,98,101],"product_tag":[],"class_list":{"0":"post-4714","1":"product","2":"type-product","3":"status-publish","4":"has-post-thumbnail","6":"product_cat-accessories-for-ants","7":"product_cat-decoration","8":"product_cat-forest","10":"first","11":"instock","12":"taxable","13":"shipping-taxable","14":"purchasable","15":"product-type-simple"},"acf":[],"aioseo_notices":[],"jetpack_sharing_enabled":true,"_links":{"self":[{"href":"https:\/\/antcube.shop\/sv\/wp-json\/wp\/v2\/product\/4714","targetHints":{"allow":["GET"]}}],"collection":[{"href":"https:\/\/antcube.shop\/sv\/wp-json\/wp\/v2\/product"}],"about":[{"href":"https:\/\/antcube.shop\/sv\/wp-json\/wp\/v2\/types\/product"}],"replies":[{"embeddable":true,"href":"https:\/\/antcube.shop\/sv\/wp-json\/wp\/v2\/comments?post=4714"}],"wp:featuredmedia":[{"embeddable":true,"href":"https:\/\/antcube.shop\/sv\/wp-json\/wp\/v2\/media\/4947"}],"wp:attachment":[{"href":"https:\/\/antcube.shop\/sv\/wp-json\/wp\/v2\/media?parent=4714"}],"wp:term":[{"taxonomy":"product_brand","embeddable":true,"href":"https:\/\/antcube.shop\/sv\/wp-json\/wp\/v2\/product_brand?post=4714"},{"taxonomy":"product_cat","embeddable":true,"href":"https:\/\/antcube.shop\/sv\/wp-json\/wp\/v2\/product_cat?post=4714"},{"taxonomy":"product_tag","embeddable":true,"href":"https:\/\/antcube.shop\/sv\/wp-json\/wp\/v2\/product_tag?post=4714"}],"curies":[{"name":"wp","href":"https:\/\/api.w.org\/{rel}","templated":true}]}}