{"id":4712,"date":"2022-11-14T14:58:33","date_gmt":"2022-11-14T13:58:33","guid":{"rendered":"https:\/\/antcube.shop\/produkt\/humus-ziegel-brick-650g-ergibt-8-9l\/"},"modified":"2026-04-08T18:39:10","modified_gmt":"2026-04-08T16:39:10","slug":"humus-ziegel-brick-650g-ergibt-8-9l","status":"publish","type":"product","link":"https:\/\/antcube.shop\/sv\/produkt\/humus-ziegel-brick-650g-ergibt-8-9l\/","title":{"rendered":"Humussten 650 g - vilket ger 8-9 l."},"content":{"rendered":"<p><strong>Inneh\u00e5ll\/volym:<\/strong> 650 g ger 8-10 liter.<\/p>\n<p><strong>Beskrivning:<\/strong> Formicarium Humus best\u00e5r av naturlig kokosfiberhumus som har pressats ihop till en tegelsten. N\u00e4r humusstenen kombineras med vatten sv\u00e4ller den till cirka 8-10 g\u00e5nger sin volym. Denna gr\u00e4vbara formicariumhumus \u00e4r utm\u00e4rkt f\u00f6r myror fr\u00e5n tropiska omr\u00e5den och kan anv\u00e4ndas b\u00e5de torr och fuktig. Formicarium Humus \u00e4r en ren naturprodukt, garanterat fri fr\u00e5n kemikalier, bek\u00e4mpningsmedel och g\u00f6dningsmedel och 100% komposterbar.<\/p>\n<p>- 100% tillverkad av v\u00e4xtbaserade f\u00f6rnybara r\u00e5varor<br \/>\n- h\u00f6g absorptionsf\u00f6rm\u00e5ga<br \/>\n- h\u00f6g vattenlagringskapacitet<\/p>\n<p><strong>Instruktioner:<\/strong> L\u00e4gg tegelstenen i 4-5 liter varmt vatten i en beh\u00e5llare i ca 20-30 minuter. Om tegelstenen \u00e4nnu inte \u00e4r helt uppl\u00f6st kan du bryta upp resten f\u00f6r hand. Krama ut \u00f6verfl\u00f6digt vatten ur humusen om det beh\u00f6vs.<\/p>","protected":false},"excerpt":{"rendered":"<p>Inneh\u00e5ll \/ volym: 650 g ger 8-10 liter. Beskrivning: Formicarium Humus best\u00e5r av naturlig kokosfiberhumus som har komprimerats till en tegelsten. N\u00e4r humusstenen kombineras med vatten sv\u00e4ller den till cirka 8-10 g\u00e5nger sin volym. Denna gr\u00e4vbara formicariumhumus \u00e4r utm\u00e4rkt f\u00f6r myror fr\u00e5n tropiska omr\u00e5den och kan anv\u00e4ndas b\u00e5de torrt.","protected":false},"featured_media":4811,"comment_status":"open","ping_status":"closed","template":"","meta":{"_acf_changed":false,"content-type":"","_monsterinsights_skip_tracking":false,"_monsterinsights_sitenote_active":false,"_monsterinsights_sitenote_note":"","_monsterinsights_sitenote_category":0},"product_brand":[],"product_cat":[96],"product_tag":[],"class_list":{"0":"post-4712","1":"product","2":"type-product","3":"status-publish","4":"has-post-thumbnail","6":"product_cat-soil","8":"first","9":"instock","10":"taxable","11":"shipping-taxable","12":"purchasable","13":"product-type-simple"},"acf":[],"aioseo_notices":[],"jetpack_sharing_enabled":true,"_links":{"self":[{"href":"https:\/\/antcube.shop\/sv\/wp-json\/wp\/v2\/product\/4712","targetHints":{"allow":["GET"]}}],"collection":[{"href":"https:\/\/antcube.shop\/sv\/wp-json\/wp\/v2\/product"}],"about":[{"href":"https:\/\/antcube.shop\/sv\/wp-json\/wp\/v2\/types\/product"}],"replies":[{"embeddable":true,"href":"https:\/\/antcube.shop\/sv\/wp-json\/wp\/v2\/comments?post=4712"}],"wp:featuredmedia":[{"embeddable":true,"href":"https:\/\/antcube.shop\/sv\/wp-json\/wp\/v2\/media\/4811"}],"wp:attachment":[{"href":"https:\/\/antcube.shop\/sv\/wp-json\/wp\/v2\/media?parent=4712"}],"wp:term":[{"taxonomy":"product_brand","embeddable":true,"href":"https:\/\/antcube.shop\/sv\/wp-json\/wp\/v2\/product_brand?post=4712"},{"taxonomy":"product_cat","embeddable":true,"href":"https:\/\/antcube.shop\/sv\/wp-json\/wp\/v2\/product_cat?post=4712"},{"taxonomy":"product_tag","embeddable":true,"href":"https:\/\/antcube.shop\/sv\/wp-json\/wp\/v2\/product_tag?post=4712"}],"curies":[{"name":"wp","href":"https:\/\/api.w.org\/{rel}","templated":true}]}}