{"id":4711,"date":"2022-11-14T14:58:17","date_gmt":"2022-11-14T13:58:17","guid":{"rendered":"https:\/\/antcube.shop\/produkt\/bodengrund-sand-lehm-rot-1000g\/"},"modified":"2026-04-14T12:07:35","modified_gmt":"2026-04-14T10:07:35","slug":"bodengrund-sand-lehm-rot-1000g","status":"publish","type":"product","link":"https:\/\/antcube.shop\/sv\/produkt\/bodengrund-sand-lehm-rot-1000g\/","title":{"rendered":"Substrat - Sand-Loam r\u00f6d - 1000g"},"content":{"rendered":"<p><strong>Inneh\u00e5ll:<\/strong> 1000g<\/p>\n<p><strong>Material:<\/strong> sand, lera<\/p>\n<p><strong>F\u00e4rg:<\/strong> r\u00f6d<\/p>\n<p><strong>Blandningsf\u00f6rh\u00e5llande:<\/strong> diggable<\/p>\n<p><strong>Beskrivning:<\/strong> Denna f\u00e4rdiga sand- och lerblandning \u00e4r en ren naturprodukt. F\u00e4rgningen och styrkan beror p\u00e5 naturlig lerjord, som \u00e4r ofarlig f\u00f6r djuren.<\/p>\n<p><strong>Anv\u00e4ndning:<\/strong> gr\u00e4vbar jord, kan anv\u00e4ndas f\u00f6r bo och arena!<\/p>\n<p><strong>Observera:<\/strong> Eftersom detta \u00e4r en ren naturprodukt kan det f\u00f6rekomma sm\u00e5 skillnader i f\u00e4rg och struktur som vi inte kan p\u00e5verka.<\/p>\n<p><strong>Viktigt:<\/strong> Fukta substratet innan du anv\u00e4nder det, s\u00e5 att blandningen kan sm\u00e4lta samman och f\u00e5 ett fast grepp i myrstacken. Dessutom kan ett f\u00f6r torrt och dammigt substrat leda till att myrornas andningsv\u00e4gar blockeras och att djuren i v\u00e4rsta fall kv\u00e4vs.<\/p>","protected":false},"excerpt":{"rendered":"<p>Naturligt substrat - gr\u00e4vbart<\/p>","protected":false},"featured_media":5722,"comment_status":"open","ping_status":"closed","template":"","meta":{"_acf_changed":false,"content-type":"","_monsterinsights_skip_tracking":false,"_monsterinsights_sitenote_active":false,"_monsterinsights_sitenote_note":"","_monsterinsights_sitenote_category":0},"product_brand":[],"product_cat":[95,96],"product_tag":[],"class_list":{"0":"post-4711","1":"product","2":"type-product","3":"status-publish","4":"has-post-thumbnail","6":"product_cat-accessories-for-ants","7":"product_cat-soil","9":"first","10":"instock","11":"taxable","12":"shipping-taxable","13":"purchasable","14":"product-type-simple"},"acf":[],"aioseo_notices":[],"jetpack_sharing_enabled":true,"_links":{"self":[{"href":"https:\/\/antcube.shop\/sv\/wp-json\/wp\/v2\/product\/4711","targetHints":{"allow":["GET"]}}],"collection":[{"href":"https:\/\/antcube.shop\/sv\/wp-json\/wp\/v2\/product"}],"about":[{"href":"https:\/\/antcube.shop\/sv\/wp-json\/wp\/v2\/types\/product"}],"replies":[{"embeddable":true,"href":"https:\/\/antcube.shop\/sv\/wp-json\/wp\/v2\/comments?post=4711"}],"wp:featuredmedia":[{"embeddable":true,"href":"https:\/\/antcube.shop\/sv\/wp-json\/wp\/v2\/media\/5722"}],"wp:attachment":[{"href":"https:\/\/antcube.shop\/sv\/wp-json\/wp\/v2\/media?parent=4711"}],"wp:term":[{"taxonomy":"product_brand","embeddable":true,"href":"https:\/\/antcube.shop\/sv\/wp-json\/wp\/v2\/product_brand?post=4711"},{"taxonomy":"product_cat","embeddable":true,"href":"https:\/\/antcube.shop\/sv\/wp-json\/wp\/v2\/product_cat?post=4711"},{"taxonomy":"product_tag","embeddable":true,"href":"https:\/\/antcube.shop\/sv\/wp-json\/wp\/v2\/product_tag?post=4711"}],"curies":[{"name":"wp","href":"https:\/\/api.w.org\/{rel}","templated":true}]}}