{"id":4710,"date":"2022-11-14T14:58:00","date_gmt":"2022-11-14T13:58:00","guid":{"rendered":"https:\/\/antcube.shop\/produkt\/bodengrund-sand-lehm-weis-1000g\/"},"modified":"2026-04-06T18:30:28","modified_gmt":"2026-04-06T16:30:28","slug":"bodengrund-sand-lehm-weis-1000g","status":"publish","type":"product","link":"https:\/\/antcube.shop\/sv\/produkt\/bodengrund-sand-lehm-weis-1000g\/","title":{"rendered":"Underlag - Sand-Loam white - 1000g"},"content":{"rendered":"<p><strong>Inneh\u00e5ll:<\/strong> 1000g<\/p>\n<p><strong>Material:<\/strong> Sand, kalk, kalkbindemedel<\/p>\n<p><strong>F\u00e4rg:<\/strong> vit<\/p>\n<p><strong>Blandningsf\u00f6rh\u00e5llande:<\/strong> diggable<\/p>\n<p><strong>Beskrivning:<\/strong> Denna f\u00e4rdiga sand- och lerblandning \u00e4r en ren naturprodukt. F\u00e4rgen kommer fr\u00e5n vit kalksand. Styrkan kommer fr\u00e5n en bindande kalkblandning som \u00e4r ofarlig f\u00f6r djur.<\/p>\n<p><strong>Anv\u00e4ndning:<\/strong> Gr\u00e4vande jord, kan anv\u00e4ndas f\u00f6r bo och arena! Har en \u00f6kad h\u00e5llfasthet i j\u00e4mf\u00f6relse med jord- och gr\u00e4vjorden beige, \u00e4ven i fuktigt tillst\u00e5nd.<\/p>\n<p><strong>Observera:<\/strong> Eftersom detta \u00e4r en ren naturprodukt kan det f\u00f6rekomma sm\u00e5 skillnader i f\u00e4rg och struktur som vi inte kan p\u00e5verka.<\/p>\n<p><strong>Viktigt:<\/strong> Fukta substratet innan du anv\u00e4nder det, s\u00e5 att blandningen kan sm\u00e4lta samman och f\u00e5 ett fast grepp i myrstacken. Dessutom kan ett f\u00f6r torrt och dammigt substrat leda till att myrornas andningsv\u00e4gar blockeras och att djuren i v\u00e4rsta fall kv\u00e4vs.<\/p>","protected":false},"excerpt":{"rendered":"<p>Naturligt substrat - gr\u00e4vbart<\/p>","protected":false},"featured_media":5725,"comment_status":"open","ping_status":"closed","template":"","meta":{"_acf_changed":false,"content-type":"","_monsterinsights_skip_tracking":false,"_monsterinsights_sitenote_active":false,"_monsterinsights_sitenote_note":"","_monsterinsights_sitenote_category":0},"product_brand":[],"product_cat":[95,96],"product_tag":[],"class_list":{"0":"post-4710","1":"product","2":"type-product","3":"status-publish","4":"has-post-thumbnail","6":"product_cat-accessories-for-ants","7":"product_cat-soil","9":"first","10":"instock","11":"taxable","12":"shipping-taxable","13":"purchasable","14":"product-type-simple"},"acf":[],"aioseo_notices":[],"jetpack_sharing_enabled":true,"_links":{"self":[{"href":"https:\/\/antcube.shop\/sv\/wp-json\/wp\/v2\/product\/4710","targetHints":{"allow":["GET"]}}],"collection":[{"href":"https:\/\/antcube.shop\/sv\/wp-json\/wp\/v2\/product"}],"about":[{"href":"https:\/\/antcube.shop\/sv\/wp-json\/wp\/v2\/types\/product"}],"replies":[{"embeddable":true,"href":"https:\/\/antcube.shop\/sv\/wp-json\/wp\/v2\/comments?post=4710"}],"wp:featuredmedia":[{"embeddable":true,"href":"https:\/\/antcube.shop\/sv\/wp-json\/wp\/v2\/media\/5725"}],"wp:attachment":[{"href":"https:\/\/antcube.shop\/sv\/wp-json\/wp\/v2\/media?parent=4710"}],"wp:term":[{"taxonomy":"product_brand","embeddable":true,"href":"https:\/\/antcube.shop\/sv\/wp-json\/wp\/v2\/product_brand?post=4710"},{"taxonomy":"product_cat","embeddable":true,"href":"https:\/\/antcube.shop\/sv\/wp-json\/wp\/v2\/product_cat?post=4710"},{"taxonomy":"product_tag","embeddable":true,"href":"https:\/\/antcube.shop\/sv\/wp-json\/wp\/v2\/product_tag?post=4710"}],"curies":[{"name":"wp","href":"https:\/\/api.w.org\/{rel}","templated":true}]}}