{"id":4707,"date":"2022-11-14T14:57:14","date_gmt":"2022-11-14T13:57:14","guid":{"rendered":"https:\/\/antcube.shop\/produkt\/dekosteine-1000g-beige\/"},"modified":"2026-04-02T02:54:15","modified_gmt":"2026-04-02T00:54:15","slug":"dekosteine-1000g-beige","status":"publish","type":"product","link":"https:\/\/antcube.shop\/sv\/produkt\/dekosteine-1000g-beige\/","title":{"rendered":"Dekorativa stenar 1000g - beige"},"content":{"rendered":"<p><strong>Inneh\u00e5ll\/volym:<\/strong> 1000g<\/p>\n<p><strong>Kornstorlek:<\/strong> 8 - 16 mm<\/p>\n<p><strong>F\u00e4rg:<\/strong> gul, beige<\/p>\n<p><strong>Beskrivning:<\/strong> Taunus kvartsgrus \u00e4r ett mycket dekorativt substrat.<\/p>\n<p><strong>Observera:<\/strong> Eftersom materialet \u00e4r n\u00e5got dammigt p\u00e5 grund av n\u00f6tning under transporten b\u00f6r det tv\u00e4ttas med vatten innan det anv\u00e4nds i formicariumet.<\/p>","protected":false},"excerpt":{"rendered":"<p>Granulering: 8 - 16 mm<\/p>","protected":false},"featured_media":5516,"comment_status":"open","ping_status":"closed","template":"","meta":{"_acf_changed":false,"content-type":"","_monsterinsights_skip_tracking":false,"_monsterinsights_sitenote_active":false,"_monsterinsights_sitenote_note":"","_monsterinsights_sitenote_category":0},"product_brand":[],"product_cat":[98],"product_tag":[],"class_list":{"0":"post-4707","1":"product","2":"type-product","3":"status-publish","4":"has-post-thumbnail","6":"product_cat-decoration","8":"first","9":"instock","10":"taxable","11":"shipping-taxable","12":"purchasable","13":"product-type-simple"},"acf":[],"aioseo_notices":[],"jetpack_sharing_enabled":true,"_links":{"self":[{"href":"https:\/\/antcube.shop\/sv\/wp-json\/wp\/v2\/product\/4707","targetHints":{"allow":["GET"]}}],"collection":[{"href":"https:\/\/antcube.shop\/sv\/wp-json\/wp\/v2\/product"}],"about":[{"href":"https:\/\/antcube.shop\/sv\/wp-json\/wp\/v2\/types\/product"}],"replies":[{"embeddable":true,"href":"https:\/\/antcube.shop\/sv\/wp-json\/wp\/v2\/comments?post=4707"}],"wp:featuredmedia":[{"embeddable":true,"href":"https:\/\/antcube.shop\/sv\/wp-json\/wp\/v2\/media\/5516"}],"wp:attachment":[{"href":"https:\/\/antcube.shop\/sv\/wp-json\/wp\/v2\/media?parent=4707"}],"wp:term":[{"taxonomy":"product_brand","embeddable":true,"href":"https:\/\/antcube.shop\/sv\/wp-json\/wp\/v2\/product_brand?post=4707"},{"taxonomy":"product_cat","embeddable":true,"href":"https:\/\/antcube.shop\/sv\/wp-json\/wp\/v2\/product_cat?post=4707"},{"taxonomy":"product_tag","embeddable":true,"href":"https:\/\/antcube.shop\/sv\/wp-json\/wp\/v2\/product_tag?post=4707"}],"curies":[{"name":"wp","href":"https:\/\/api.w.org\/{rel}","templated":true}]}}