{"id":4705,"date":"2022-11-14T14:56:24","date_gmt":"2022-11-14T13:56:24","guid":{"rendered":"https:\/\/antcube.shop\/produkt\/antcube-ameisenarenaeinsatz-l-30x30\/"},"modified":"2026-04-17T18:45:07","modified_gmt":"2026-04-17T16:45:07","slug":"antcube-ameisenarenaeinsatz-l-30x30","status":"publish","type":"product","link":"https:\/\/antcube.shop\/sv\/produkt\/antcube-ameisenarenaeinsatz-l-30x30\/","title":{"rendered":"ANTCUBE myrarenainsats - L - 30\u00d730"},"content":{"rendered":"<p><strong>M\u00e5tt:<\/strong><br \/>\n<strong>utanf\u00f6r:<\/strong> 290 x 28 x 276 mm<br \/>\n<strong>inuti:<\/strong> 284 x 20 x 269 mm<\/p>\n<p><strong>Material:<\/strong> floatglas<\/p>\n<p><strong>F\u00e4rg:<\/strong> genomskinlig<\/p>\n<p><strong>Inneh\u00e5ll:<\/strong><br \/>\n1x insatsen f\u00f6r myrarena<br \/>\n1x skydd<br \/>\n1x f\u00e4stpunkter 2 st.<\/p>\n<p><strong>Beskrivning:<\/strong><br \/>\nDetta bo kan placeras i en ANTCUBE-myrarena och fyllas med ett material som l\u00e4mpar sig f\u00f6r gr\u00e4vning (t.ex. sand- och lerblandning eller Digfix). Det speciella \u00e4r att den enkelt kan tas bort fr\u00e5n arenan, t.ex. f\u00f6r att \u00f6vervintra tillsammans med myrorna. Som in- och utg\u00e5ng och f\u00f6r ventilation finns tv\u00e5 10 mm stora h\u00e5l i det nedre omr\u00e5det. F\u00f6r \u00f6vervintring kan dessa st\u00e4ngas med 10 mm pluggar (dessa ing\u00e5r inte).<\/p>\n<p><strong>Observera:<\/strong> Glaset sk\u00e4rs enligt DIN 1249 med en tolerans p\u00e5 +\/- 1 mm. F\u00f6r extremt sm\u00e5 myrarter \u00e4r det n\u00f6dv\u00e4ndigt med ytterligare utbrytningsskydd.<\/p>","protected":false},"excerpt":{"rendered":"<p>Storlek: <span style=\"color: #0000ff;\"><strong>L<\/strong><\/span><\/p>","protected":false},"featured_media":4973,"comment_status":"open","ping_status":"closed","template":"","meta":{"_acf_changed":false,"content-type":"","_monsterinsights_skip_tracking":false,"_monsterinsights_sitenote_active":false,"_monsterinsights_sitenote_note":"","_monsterinsights_sitenote_category":0},"product_brand":[],"product_cat":[91,94],"product_tag":[],"class_list":{"0":"post-4705","1":"product","2":"type-product","3":"status-publish","4":"has-post-thumbnail","6":"product_cat-formicarium-modules","7":"product_cat-arena-inset","9":"first","10":"instock","11":"taxable","12":"shipping-taxable","13":"purchasable","14":"product-type-simple"},"acf":[],"aioseo_notices":[],"jetpack_sharing_enabled":true,"_links":{"self":[{"href":"https:\/\/antcube.shop\/sv\/wp-json\/wp\/v2\/product\/4705","targetHints":{"allow":["GET"]}}],"collection":[{"href":"https:\/\/antcube.shop\/sv\/wp-json\/wp\/v2\/product"}],"about":[{"href":"https:\/\/antcube.shop\/sv\/wp-json\/wp\/v2\/types\/product"}],"replies":[{"embeddable":true,"href":"https:\/\/antcube.shop\/sv\/wp-json\/wp\/v2\/comments?post=4705"}],"wp:featuredmedia":[{"embeddable":true,"href":"https:\/\/antcube.shop\/sv\/wp-json\/wp\/v2\/media\/4973"}],"wp:attachment":[{"href":"https:\/\/antcube.shop\/sv\/wp-json\/wp\/v2\/media?parent=4705"}],"wp:term":[{"taxonomy":"product_brand","embeddable":true,"href":"https:\/\/antcube.shop\/sv\/wp-json\/wp\/v2\/product_brand?post=4705"},{"taxonomy":"product_cat","embeddable":true,"href":"https:\/\/antcube.shop\/sv\/wp-json\/wp\/v2\/product_cat?post=4705"},{"taxonomy":"product_tag","embeddable":true,"href":"https:\/\/antcube.shop\/sv\/wp-json\/wp\/v2\/product_tag?post=4705"}],"curies":[{"name":"wp","href":"https:\/\/api.w.org\/{rel}","templated":true}]}}