{"id":4700,"date":"2022-11-14T14:55:03","date_gmt":"2022-11-14T13:55:03","guid":{"rendered":"https:\/\/antcube.shop\/produkt\/antcube-korknest-40x20-stehend\/"},"modified":"2026-04-01T12:30:02","modified_gmt":"2026-04-01T10:30:02","slug":"antcube-korknest-40x20-stehend","status":"publish","type":"product","link":"https:\/\/antcube.shop\/sv\/produkt\/antcube-korknest-40x20-stehend\/","title":{"rendered":"ANTCUBE - Korkbo 40\u00d720 - st\u00e5ende"},"content":{"rendered":"<p><strong>M\u00e5tt:<\/strong> 383 x 160 x 20 mm<\/p>\n<p><strong>Material:<\/strong> Kork (fin)<\/p>\n<p>Passar endast i v\u00e5ra myrg\u00e5rdar i storlek L<\/p>\n<p><strong>Beskrivning:<\/strong> Det h\u00e4r korkboet med prefabricerade g\u00e5ngar och kamrar \u00e4r l\u00e4mpligt f\u00f6r olika myrarter, s\u00e4rskilt f\u00f6r arter som h\u00e4ckar i (d\u00f6tt) tr\u00e4. Det har ett h\u00e5l f\u00f6r tilltr\u00e4de till boet.<br \/>\nKork \u00e4r kemiskt neutralt. Dess struktur \u00e4r inte bara ogenomtr\u00e4nglig f\u00f6r v\u00e4tskor, utan orsakar inte heller n\u00e5gra kemiska reaktioner och skadas d\u00e4rf\u00f6r inte. F\u00f6r mycket fukt kan dock orsaka r\u00f6ta i l\u00e4ngden och minska boets livsl\u00e4ngd. Trots detta \u00e4r kork mycket motst\u00e5ndskraftig mot r\u00f6tning, svamp- och m\u00f6gelangrepp. Detta beror p\u00e5 dess yta och struktur, som inte utg\u00f6r en bra grogrund f\u00f6r svampar att kolonisera. Matrester och exkrementer fr\u00e5n djuren samt andra organiska \u00e4mnen kan dock fr\u00e4mja m\u00f6geltillv\u00e4xt.<\/p>\n<p>D\u00e4rf\u00f6r rekommenderar vi att fr\u00e4mst arter fr\u00e5n torra omr\u00e5den h\u00e5lls i kork. Arter fr\u00e5n fuktiga milj\u00f6er kan \u00e4nd\u00e5 h\u00e5llas i denna upps\u00e4ttning, eftersom r\u00f6ta inte \u00e4r ett problem f\u00f6r de flesta arter. \u00c4ven m\u00e5nga myror fr\u00e5n norra Europa som Camponotus herculeanus eller Formica fusca lever i ruttet tr\u00e4.<\/p>","protected":false},"excerpt":{"rendered":"<p><strong>Storlek:<\/strong> 383 x 160 x 20 mm<\/p>","protected":false},"featured_media":5020,"comment_status":"open","ping_status":"closed","template":"","meta":{"_acf_changed":false,"content-type":"","_monsterinsights_skip_tracking":false,"_monsterinsights_sitenote_active":false,"_monsterinsights_sitenote_note":"","_monsterinsights_sitenote_category":0},"product_brand":[],"product_cat":[87,89],"product_tag":[],"class_list":{"0":"post-4700","1":"product","2":"type-product","3":"status-publish","4":"has-post-thumbnail","6":"product_cat-nest-insets","7":"product_cat-cork","9":"first","10":"instock","11":"taxable","12":"shipping-taxable","13":"purchasable","14":"product-type-simple"},"acf":[],"aioseo_notices":[],"jetpack_sharing_enabled":true,"_links":{"self":[{"href":"https:\/\/antcube.shop\/sv\/wp-json\/wp\/v2\/product\/4700","targetHints":{"allow":["GET"]}}],"collection":[{"href":"https:\/\/antcube.shop\/sv\/wp-json\/wp\/v2\/product"}],"about":[{"href":"https:\/\/antcube.shop\/sv\/wp-json\/wp\/v2\/types\/product"}],"replies":[{"embeddable":true,"href":"https:\/\/antcube.shop\/sv\/wp-json\/wp\/v2\/comments?post=4700"}],"wp:featuredmedia":[{"embeddable":true,"href":"https:\/\/antcube.shop\/sv\/wp-json\/wp\/v2\/media\/5020"}],"wp:attachment":[{"href":"https:\/\/antcube.shop\/sv\/wp-json\/wp\/v2\/media?parent=4700"}],"wp:term":[{"taxonomy":"product_brand","embeddable":true,"href":"https:\/\/antcube.shop\/sv\/wp-json\/wp\/v2\/product_brand?post=4700"},{"taxonomy":"product_cat","embeddable":true,"href":"https:\/\/antcube.shop\/sv\/wp-json\/wp\/v2\/product_cat?post=4700"},{"taxonomy":"product_tag","embeddable":true,"href":"https:\/\/antcube.shop\/sv\/wp-json\/wp\/v2\/product_tag?post=4700"}],"curies":[{"name":"wp","href":"https:\/\/api.w.org\/{rel}","templated":true}]}}