{"id":4694,"date":"2022-11-14T14:53:29","date_gmt":"2022-11-14T13:53:29","guid":{"rendered":"https:\/\/antcube.shop\/produkt\/antcube-einbauarena-30x30x20\/"},"modified":"2026-04-20T14:51:25","modified_gmt":"2026-04-20T12:51:25","slug":"antcube-einbauarena-30x30x20","status":"publish","type":"product","link":"https:\/\/antcube.shop\/sv\/produkt\/antcube-einbauarena-30x30x20\/","title":{"rendered":"ANTCUBE monterad arena 30x30x20"},"content":{"rendered":"<p>ANTCUBE monterad arena 30x30x20 cm med 2x 27 mm h\u00e5l.<\/p>\n<p><strong>M\u00e5tt:<\/strong> 300 x 300 x 200 mm; 4 mm glastjocklek.<br \/>\n<strong>Material:<\/strong> floatglas<\/p>\n<p><strong>Anslutning:<\/strong> 2x borrning 27 mm<\/p>\n<p><strong>Beskrivning:<\/strong> ANTCUBE monterade arena, utvecklades f\u00f6r att kunna placeras bekv\u00e4mt \u00e4ven i mindre hyllfack. Den passar till exempel perfekt i en Kallax-hylla. H\u00e5len (mittpunkten) \u00e4r placerade p\u00e5 framsidan (v\u00e4nster och h\u00f6ger) p\u00e5 3 cm h\u00f6jd och 3 cm avst\u00e5nd fr\u00e5n ytterkanten. P\u00e5 grund av placeringarna av 27 mm h\u00e5len p\u00e5 framsidan (ist\u00e4llet f\u00f6r p\u00e5 sidof\u00f6nstren som vanligt) kan du enkelt l\u00e4gga till fler arenor och myrstackar utan att f\u00f6rlora utrymme p\u00e5 sidorna eller blockera \u00e5tkomsten till portarna. Arenak\u00e5pa, utbrytningsskyddsram, anslutningselement som r\u00f6r- eller slangkopplingar finns tillg\u00e4ngliga separat.<\/p>\n<p><strong>Observera:<\/strong> Glaset sk\u00e4rs enligt DIN 1249 med en tolerans p\u00e5 +\/- 1 mm. F\u00f6r extremt sm\u00e5 myrarter \u00e4r det n\u00f6dv\u00e4ndigt med ytterligare utbrytningsskydd.<\/p>","protected":false},"excerpt":{"rendered":"<p>Anslutning: 2x borrning 27 mm<\/p>","protected":false},"featured_media":5042,"comment_status":"open","ping_status":"closed","template":"","meta":{"_acf_changed":false,"content-type":"","_monsterinsights_skip_tracking":false,"_monsterinsights_sitenote_active":false,"_monsterinsights_sitenote_note":"","_monsterinsights_sitenote_category":0},"product_brand":[],"product_cat":[85,86],"product_tag":[],"class_list":{"0":"post-4694","1":"product","2":"type-product","3":"status-publish","4":"has-post-thumbnail","6":"product_cat-ant-arenas","7":"product_cat-formicariums","9":"first","10":"instock","11":"taxable","12":"shipping-taxable","13":"purchasable","14":"product-type-simple"},"acf":[],"aioseo_notices":[],"jetpack_sharing_enabled":true,"_links":{"self":[{"href":"https:\/\/antcube.shop\/sv\/wp-json\/wp\/v2\/product\/4694","targetHints":{"allow":["GET"]}}],"collection":[{"href":"https:\/\/antcube.shop\/sv\/wp-json\/wp\/v2\/product"}],"about":[{"href":"https:\/\/antcube.shop\/sv\/wp-json\/wp\/v2\/types\/product"}],"replies":[{"embeddable":true,"href":"https:\/\/antcube.shop\/sv\/wp-json\/wp\/v2\/comments?post=4694"}],"wp:featuredmedia":[{"embeddable":true,"href":"https:\/\/antcube.shop\/sv\/wp-json\/wp\/v2\/media\/5042"}],"wp:attachment":[{"href":"https:\/\/antcube.shop\/sv\/wp-json\/wp\/v2\/media?parent=4694"}],"wp:term":[{"taxonomy":"product_brand","embeddable":true,"href":"https:\/\/antcube.shop\/sv\/wp-json\/wp\/v2\/product_brand?post=4694"},{"taxonomy":"product_cat","embeddable":true,"href":"https:\/\/antcube.shop\/sv\/wp-json\/wp\/v2\/product_cat?post=4694"},{"taxonomy":"product_tag","embeddable":true,"href":"https:\/\/antcube.shop\/sv\/wp-json\/wp\/v2\/product_tag?post=4694"}],"curies":[{"name":"wp","href":"https:\/\/api.w.org\/{rel}","templated":true}]}}