{"id":4687,"date":"2022-11-14T14:51:39","date_gmt":"2022-11-14T13:51:39","guid":{"rendered":"https:\/\/antcube.shop\/produkt\/durchgangsregler-50mm\/"},"modified":"2026-01-12T12:36:29","modified_gmt":"2026-01-12T11:36:29","slug":"durchgangsregler-50mm","status":"publish","type":"product","link":"https:\/\/antcube.shop\/sv\/produkt\/durchgangsregler-50mm\/","title":{"rendered":"Passagerarregulator - 50mm"},"content":{"rendered":"<p><strong>M\u00e5tt (LxBxH):<\/strong> 95x 76 x 20 mm<\/p>\n<p><strong>Material:<\/strong> Akryl<\/p>\n<p><strong>F\u00e4rg:<\/strong> F\u00e4rgl\u00f6s \/ genomskinlig \/ klar<\/p>\n<p><strong>Inneh\u00e5ll:<\/strong> 1 st (best\u00e5r av 10 enskilda delar)<\/p>\n<p><strong>Beskrivning:<\/strong><br \/>\nPassagerarregulatorn \u00e4r ansluten till ett r\u00f6r.<br \/>\nPassagen kan \u00f6ppnas eller st\u00e4ngas f\u00f6r hand.<\/p>\n<p><strong>Anv\u00e4ndning:<\/strong><br \/>\nF\u00f6r att ansluta akrylr\u00f6r med en diameter p\u00e5 50 mm<\/p>\n<p><strong>Tips:<\/strong><br \/>\nPassagerarregulatorn ska vara ordentligt ansluten till det matchande r\u00f6ret. Om den \u00e4r f\u00f6r l\u00f6s kan r\u00f6ret f\u00f6rstoras med genomskinlig tejp f\u00f6r att s\u00e4kerst\u00e4lla en fast passning.<\/p>","protected":false},"excerpt":{"rendered":"<p>M\u00e5tt (LxBxH): 95x 76 x 20 mm Material: Material: Akryl F\u00e4rg: F\u00e4rgl\u00f6s \/ genomskinlig \/ klar Inneh\u00e5ll: Inneh\u00e5ll: 1 st (best\u00e5r av 10 enskilda delar) Beskrivning: 1 st (best\u00e5r av 10 enskilda delar): Genomg\u00e5ngsregulatorn pluggas p\u00e5 ett r\u00f6r. Passagen kan \u00f6ppnas eller st\u00e4ngas f\u00f6r hand. Anv\u00e4ndning: Tips: Passageregulatorn ska sitta stadigt p\u00e5 plats.","protected":false},"featured_media":5074,"comment_status":"open","ping_status":"closed","template":"","meta":{"_acf_changed":false,"content-type":"","_monsterinsights_skip_tracking":false,"_monsterinsights_sitenote_active":false,"_monsterinsights_sitenote_note":"","_monsterinsights_sitenote_category":0},"product_brand":[],"product_cat":[345],"product_tag":[],"class_list":{"0":"post-4687","1":"product","2":"type-product","3":"status-publish","4":"has-post-thumbnail","6":"product_cat-pipe-connectors","8":"first","9":"instock","10":"taxable","11":"shipping-taxable","12":"purchasable","13":"product-type-simple"},"acf":[],"aioseo_notices":[],"jetpack_sharing_enabled":true,"_links":{"self":[{"href":"https:\/\/antcube.shop\/sv\/wp-json\/wp\/v2\/product\/4687","targetHints":{"allow":["GET"]}}],"collection":[{"href":"https:\/\/antcube.shop\/sv\/wp-json\/wp\/v2\/product"}],"about":[{"href":"https:\/\/antcube.shop\/sv\/wp-json\/wp\/v2\/types\/product"}],"replies":[{"embeddable":true,"href":"https:\/\/antcube.shop\/sv\/wp-json\/wp\/v2\/comments?post=4687"}],"wp:featuredmedia":[{"embeddable":true,"href":"https:\/\/antcube.shop\/sv\/wp-json\/wp\/v2\/media\/5074"}],"wp:attachment":[{"href":"https:\/\/antcube.shop\/sv\/wp-json\/wp\/v2\/media?parent=4687"}],"wp:term":[{"taxonomy":"product_brand","embeddable":true,"href":"https:\/\/antcube.shop\/sv\/wp-json\/wp\/v2\/product_brand?post=4687"},{"taxonomy":"product_cat","embeddable":true,"href":"https:\/\/antcube.shop\/sv\/wp-json\/wp\/v2\/product_cat?post=4687"},{"taxonomy":"product_tag","embeddable":true,"href":"https:\/\/antcube.shop\/sv\/wp-json\/wp\/v2\/product_tag?post=4687"}],"curies":[{"name":"wp","href":"https:\/\/api.w.org\/{rel}","templated":true}]}}