{"id":4682,"date":"2022-11-14T14:42:29","date_gmt":"2022-11-14T13:42:29","guid":{"rendered":"https:\/\/antcube.shop\/produkt\/antcube-rote-folie-30x30-filter\/"},"modified":"2026-04-03T17:08:16","modified_gmt":"2026-04-03T15:08:16","slug":"antcube-rote-folie-30x30-filter","status":"publish","type":"product","link":"https:\/\/antcube.shop\/sv\/produkt\/antcube-rote-folie-30x30-filter\/","title":{"rendered":"ANTCUBE - R\u00f6d folie 30\u00d730 - Filter"},"content":{"rendered":"<p><strong>M\u00e5tt:<\/strong> 29x24cm<\/p>\n<p><strong>Material:<\/strong> PVC<\/p>\n<p><strong>Beskrivning:<\/strong> Den r\u00f6da genomskinliga filmen anv\u00e4nds f\u00f6r att ge myrorna en underjordisk k\u00e4nsla. D\u00e4rf\u00f6r rekommenderar vi att produkten anv\u00e4nds \u00e5tminstone delvis i boet. Trots detta kan du observera myrorna v\u00e4l i boet. Precis tillskuret f\u00f6r ANTCUBE \"Myrfarm 30x30cm S\/M\/L - st\u00e5ende\".<\/p>\n<p>Denna filterfolie har en b\u00e4ttre ljusfiltereffekt \u00e4n den vanliga t\u00e4ckfolien. Temperaturbest\u00e4ndig upp till 180 \u00b0C<\/p>\n<p>Filterfolien h\u00e5ller med l\u00e4tt tryck \u00e4ven sj\u00e4lv p\u00e5 g\u00e5rden eller i boet. Alternativt kan man anv\u00e4nda genomskinlig tejp f\u00f6r fasts\u00e4ttning. F\u00e4st helt enkelt med tv\u00e5 sm\u00e5 remsor i de \u00f6vre h\u00f6rnen s\u00e5 att folien senare kan lyftas upp f\u00f6r att f\u00e5 en b\u00e4ttre sikt in i boet.<\/p>","protected":false},"excerpt":{"rendered":"<p>M\u00e5tt: Material: 39x19cm: Beskrivning: PVC: Den r\u00f6da genomskinliga filmen anv\u00e4nds f\u00f6r att ge myrorna en underjordisk k\u00e4nsla. D\u00e4rf\u00f6r rekommenderar vi att man anv\u00e4nder denna produkt \u00e5tminstone delvis i boomr\u00e5det. Trots detta kan du observera myrorna v\u00e4l i boet. Exakt tillskuret f\u00f6r ANTCUBE \"Myrfarm 40x20cm S\/M\/L - st\u00e5ende\". Denna filterfolie","protected":false},"featured_media":5105,"comment_status":"open","ping_status":"closed","template":"","meta":{"_acf_changed":false,"content-type":"","_monsterinsights_skip_tracking":false,"_monsterinsights_sitenote_active":false,"_monsterinsights_sitenote_note":"","_monsterinsights_sitenote_category":0},"product_brand":[],"product_cat":[239],"product_tag":[],"class_list":{"0":"post-4682","1":"product","2":"type-product","3":"status-publish","4":"has-post-thumbnail","6":"product_cat-useful-additions","8":"first","9":"outofstock","10":"taxable","11":"shipping-taxable","12":"purchasable","13":"product-type-simple"},"acf":[],"aioseo_notices":[],"jetpack_sharing_enabled":true,"_links":{"self":[{"href":"https:\/\/antcube.shop\/sv\/wp-json\/wp\/v2\/product\/4682","targetHints":{"allow":["GET"]}}],"collection":[{"href":"https:\/\/antcube.shop\/sv\/wp-json\/wp\/v2\/product"}],"about":[{"href":"https:\/\/antcube.shop\/sv\/wp-json\/wp\/v2\/types\/product"}],"replies":[{"embeddable":true,"href":"https:\/\/antcube.shop\/sv\/wp-json\/wp\/v2\/comments?post=4682"}],"wp:featuredmedia":[{"embeddable":true,"href":"https:\/\/antcube.shop\/sv\/wp-json\/wp\/v2\/media\/5105"}],"wp:attachment":[{"href":"https:\/\/antcube.shop\/sv\/wp-json\/wp\/v2\/media?parent=4682"}],"wp:term":[{"taxonomy":"product_brand","embeddable":true,"href":"https:\/\/antcube.shop\/sv\/wp-json\/wp\/v2\/product_brand?post=4682"},{"taxonomy":"product_cat","embeddable":true,"href":"https:\/\/antcube.shop\/sv\/wp-json\/wp\/v2\/product_cat?post=4682"},{"taxonomy":"product_tag","embeddable":true,"href":"https:\/\/antcube.shop\/sv\/wp-json\/wp\/v2\/product_tag?post=4682"}],"curies":[{"name":"wp","href":"https:\/\/api.w.org\/{rel}","templated":true}]}}