{"id":4679,"date":"2022-11-14T14:41:41","date_gmt":"2022-11-14T13:41:41","guid":{"rendered":"https:\/\/antcube.shop\/produkt\/lehmfarbe-beige-100ml\/"},"modified":"2026-04-13T10:48:42","modified_gmt":"2026-04-13T08:48:42","slug":"lehmfarbe-beige-100ml","status":"publish","type":"product","link":"https:\/\/antcube.shop\/sv\/produkt\/lehmfarbe-beige-100ml\/","title":{"rendered":"Lerf\u00e4rg - beige - 100 ml"},"content":{"rendered":"<p><strong>Kvantitet:<\/strong> 100 ml<\/p>\n<p><strong>Beskrivning:<\/strong> Denna blandning \u00e4r giftfri och relativt vattenfast p\u00e5 gips och betong, men \u00e4r annars vattenl\u00f6slig.<\/p>\n<p><strong>Anv\u00e4ndning:\u00a0<\/strong><br \/>\nBlandningen \u00e4r f\u00e4rdig att anv\u00e4nda och kan omedelbart appliceras p\u00e5 gips eller gasbetong med en pensel.<br \/>\n100 ml r\u00e4cker f\u00f6r ca 1\/4 m\u00b2 gasbetong eller 1\/2 m\u00b2 gips.<br \/>\nN\u00e4r ytan \u00e4r v\u00e5t kan den bestr\u00f6s med sand f\u00f6r att f\u00e5 ett \u00e4nnu mer naturligt utseende.<\/p>\n<p>&nbsp;<\/p>\n<p>&nbsp;<\/p>","protected":false},"excerpt":{"rendered":"<p>Kvantitet: Beskrivning: 100 ml: Denna blandning \u00e4r giftfri och relativt vattenfast p\u00e5 gips och betong, men \u00e4r annars vattenl\u00f6slig. Anv\u00e4ndning: Denna blandning \u00e4r f\u00e4rdig att anv\u00e4nda och kan omedelbart appliceras p\u00e5 gips eller gasbetong med en pensel. 100 ml r\u00e4cker till ca 1\/4 m\u00b2 gasbetong eller 1\/2 m\u00b2 gips. N\u00e4r","protected":false},"featured_media":5004,"comment_status":"open","ping_status":"closed","template":"","meta":{"_acf_changed":false,"content-type":"","_monsterinsights_skip_tracking":false,"_monsterinsights_sitenote_active":false,"_monsterinsights_sitenote_note":"","_monsterinsights_sitenote_category":0},"product_brand":[],"product_cat":[237],"product_tag":[],"class_list":{"0":"post-4679","1":"product","2":"type-product","3":"status-publish","4":"has-post-thumbnail","6":"product_cat-tools","8":"first","9":"instock","10":"taxable","11":"shipping-taxable","12":"purchasable","13":"product-type-simple"},"acf":[],"aioseo_notices":[],"jetpack_sharing_enabled":true,"_links":{"self":[{"href":"https:\/\/antcube.shop\/sv\/wp-json\/wp\/v2\/product\/4679","targetHints":{"allow":["GET"]}}],"collection":[{"href":"https:\/\/antcube.shop\/sv\/wp-json\/wp\/v2\/product"}],"about":[{"href":"https:\/\/antcube.shop\/sv\/wp-json\/wp\/v2\/types\/product"}],"replies":[{"embeddable":true,"href":"https:\/\/antcube.shop\/sv\/wp-json\/wp\/v2\/comments?post=4679"}],"wp:featuredmedia":[{"embeddable":true,"href":"https:\/\/antcube.shop\/sv\/wp-json\/wp\/v2\/media\/5004"}],"wp:attachment":[{"href":"https:\/\/antcube.shop\/sv\/wp-json\/wp\/v2\/media?parent=4679"}],"wp:term":[{"taxonomy":"product_brand","embeddable":true,"href":"https:\/\/antcube.shop\/sv\/wp-json\/wp\/v2\/product_brand?post=4679"},{"taxonomy":"product_cat","embeddable":true,"href":"https:\/\/antcube.shop\/sv\/wp-json\/wp\/v2\/product_cat?post=4679"},{"taxonomy":"product_tag","embeddable":true,"href":"https:\/\/antcube.shop\/sv\/wp-json\/wp\/v2\/product_tag?post=4679"}],"curies":[{"name":"wp","href":"https:\/\/api.w.org\/{rel}","templated":true}]}}