{"id":4678,"date":"2022-11-14T14:41:24","date_gmt":"2022-11-14T13:41:24","guid":{"rendered":"https:\/\/antcube.shop\/produkt\/klebefilm-glasklar\/"},"modified":"2026-04-13T09:29:49","modified_gmt":"2026-04-13T07:29:49","slug":"klebefilm-glasklar","status":"publish","type":"product","link":"https:\/\/antcube.shop\/sv\/produkt\/klebefilm-glasklar\/","title":{"rendered":"Sj\u00e4lvh\u00e4ftande film kristallklar"},"content":{"rendered":"<p><strong>M\u00e5tt (LxBxH):<\/strong> 10m x19 mm<\/p>\n<p><strong>Material:<\/strong> polypropen<\/p>\n<p><strong>F\u00e4rg:<\/strong> kristallklar\/genomskinlig<\/p>\n<p><strong>Inneh\u00e5ll:<\/strong><br \/>\n1x rull sj\u00e4lvh\u00e4ftande film<\/p>\n<p><strong>Beskrivning:<\/strong><br \/>\nPerfekt f\u00f6r att f\u00e4sta r\u00f6d t\u00e4ckfilm eller en fotobakgrundsv\u00e4gg i formicariumet.<br \/>\nDen har en h\u00f6g \u00e5ldringsbest\u00e4ndighet, \u00e4r mycket rivfast och har en stark vidh\u00e4ftningsf\u00f6rm\u00e5ga.<br \/>\n\u00c4ven l\u00e4mplig f\u00f6r att limma ihop glasrutor.<\/p>\n<p><strong>Anv\u00e4ndning:<\/strong><br \/>\nDen sj\u00e4lvh\u00e4ftande tejpen kan klippas med en sax eller en kniv.<br \/>\nF\u00e4st t\u00e4ckfilmen eller fotot p\u00e5 formicariumrutan och f\u00e4st den sedan med tejpen.<\/p>","protected":false},"excerpt":{"rendered":"<p>M\u00e5tt (LxBxH): 10m x19 mm Material: polypropylen F\u00e4rg: kristallklar \/ transparent Inneh\u00e5ll: Beskrivning: 1x rulle sj\u00e4lvh\u00e4ftande film: Idealisk f\u00f6r att f\u00e4sta r\u00f6d t\u00e4ckfilm eller en fotobakgrundsv\u00e4gg p\u00e5 formicariumet. Har en h\u00f6g \u00e5ldringsbest\u00e4ndighet, \u00e4r mycket rivningsbest\u00e4ndig och har en stark vidh\u00e4ftningskraft. \u00c4ven l\u00e4mplig f\u00f6r att limma ihop glasrutor. Anv\u00e4ndning:","protected":false},"featured_media":5007,"comment_status":"open","ping_status":"closed","template":"","meta":{"_acf_changed":false,"content-type":"","_monsterinsights_skip_tracking":false,"_monsterinsights_sitenote_active":false,"_monsterinsights_sitenote_note":"","_monsterinsights_sitenote_category":0},"product_brand":[],"product_cat":[237],"product_tag":[],"class_list":{"0":"post-4678","1":"product","2":"type-product","3":"status-publish","4":"has-post-thumbnail","6":"product_cat-tools","8":"first","9":"instock","10":"taxable","11":"shipping-taxable","12":"purchasable","13":"product-type-simple"},"acf":[],"aioseo_notices":[],"jetpack_sharing_enabled":true,"_links":{"self":[{"href":"https:\/\/antcube.shop\/sv\/wp-json\/wp\/v2\/product\/4678","targetHints":{"allow":["GET"]}}],"collection":[{"href":"https:\/\/antcube.shop\/sv\/wp-json\/wp\/v2\/product"}],"about":[{"href":"https:\/\/antcube.shop\/sv\/wp-json\/wp\/v2\/types\/product"}],"replies":[{"embeddable":true,"href":"https:\/\/antcube.shop\/sv\/wp-json\/wp\/v2\/comments?post=4678"}],"wp:featuredmedia":[{"embeddable":true,"href":"https:\/\/antcube.shop\/sv\/wp-json\/wp\/v2\/media\/5007"}],"wp:attachment":[{"href":"https:\/\/antcube.shop\/sv\/wp-json\/wp\/v2\/media?parent=4678"}],"wp:term":[{"taxonomy":"product_brand","embeddable":true,"href":"https:\/\/antcube.shop\/sv\/wp-json\/wp\/v2\/product_brand?post=4678"},{"taxonomy":"product_cat","embeddable":true,"href":"https:\/\/antcube.shop\/sv\/wp-json\/wp\/v2\/product_cat?post=4678"},{"taxonomy":"product_tag","embeddable":true,"href":"https:\/\/antcube.shop\/sv\/wp-json\/wp\/v2\/product_tag?post=4678"}],"curies":[{"name":"wp","href":"https:\/\/api.w.org\/{rel}","templated":true}]}}