{"id":4662,"date":"2022-11-14T14:36:58","date_gmt":"2022-11-14T13:36:58","guid":{"rendered":"https:\/\/antcube.shop\/produkt\/fotoruckwand-wuste-30x30-cube\/"},"modified":"2026-01-12T12:36:09","modified_gmt":"2026-01-12T11:36:09","slug":"fotoruckwand-wuste-30x30-cube","status":"publish","type":"product","link":"https:\/\/antcube.shop\/sv\/produkt\/fotoruckwand-wuste-30x30-cube\/","title":{"rendered":"Fotobaksida - Desert - 30\u00d730 - Cube"},"content":{"rendered":"<p><strong>M\u00e5tt:<\/strong> 30x30cm<\/p>\n<p><strong>Material:<\/strong> Glansigt foliepapper<\/p>\n<p><strong>Inneh\u00e5ll:<\/strong> 1x fotobakgrundsv\u00e4gg<\/p>\n<p><strong>Beskrivning:<\/strong> Den h\u00e4r fotoryggv\u00e4ggen limmas fast p\u00e5 formicariumets baksida fr\u00e5n utsidan f\u00f6r att ge intryck av en milj\u00f6 som motsvarar myrornas naturliga livsmilj\u00f6.<\/p>","protected":false},"excerpt":{"rendered":"<p>Material: Material: Gl\u00e4nsande foliepapper<\/p>","protected":false},"featured_media":5168,"comment_status":"open","ping_status":"closed","template":"","meta":{"_acf_changed":false,"content-type":"","_monsterinsights_skip_tracking":false,"_monsterinsights_sitenote_active":false,"_monsterinsights_sitenote_note":"","_monsterinsights_sitenote_category":0},"product_brand":[],"product_cat":[97,104],"product_tag":[],"class_list":{"0":"post-4662","1":"product","2":"type-product","3":"status-publish","4":"has-post-thumbnail","6":"product_cat-photo-backwalls","7":"product_cat-desert-photo-backwall","9":"first","10":"instock","11":"taxable","12":"shipping-taxable","13":"purchasable","14":"product-type-simple"},"acf":[],"aioseo_notices":[],"jetpack_sharing_enabled":true,"_links":{"self":[{"href":"https:\/\/antcube.shop\/sv\/wp-json\/wp\/v2\/product\/4662","targetHints":{"allow":["GET"]}}],"collection":[{"href":"https:\/\/antcube.shop\/sv\/wp-json\/wp\/v2\/product"}],"about":[{"href":"https:\/\/antcube.shop\/sv\/wp-json\/wp\/v2\/types\/product"}],"replies":[{"embeddable":true,"href":"https:\/\/antcube.shop\/sv\/wp-json\/wp\/v2\/comments?post=4662"}],"wp:featuredmedia":[{"embeddable":true,"href":"https:\/\/antcube.shop\/sv\/wp-json\/wp\/v2\/media\/5168"}],"wp:attachment":[{"href":"https:\/\/antcube.shop\/sv\/wp-json\/wp\/v2\/media?parent=4662"}],"wp:term":[{"taxonomy":"product_brand","embeddable":true,"href":"https:\/\/antcube.shop\/sv\/wp-json\/wp\/v2\/product_brand?post=4662"},{"taxonomy":"product_cat","embeddable":true,"href":"https:\/\/antcube.shop\/sv\/wp-json\/wp\/v2\/product_cat?post=4662"},{"taxonomy":"product_tag","embeddable":true,"href":"https:\/\/antcube.shop\/sv\/wp-json\/wp\/v2\/product_tag?post=4662"}],"curies":[{"name":"wp","href":"https:\/\/api.w.org\/{rel}","templated":true}]}}