{"id":4660,"date":"2022-11-14T14:36:25","date_gmt":"2022-11-14T13:36:25","guid":{"rendered":"https:\/\/antcube.shop\/produkt\/wassergel-500ml-gebrauchsfertig\/"},"modified":"2026-04-16T09:55:11","modified_gmt":"2026-04-16T07:55:11","slug":"wassergel-500ml-gebrauchsfertig","status":"publish","type":"product","link":"https:\/\/antcube.shop\/sv\/produkt\/wassergel-500ml-gebrauchsfertig\/","title":{"rendered":"Vattengel 500 ml - klar f\u00f6r anv\u00e4ndning"},"content":{"rendered":"<p><strong>Inneh\u00e5ll:<\/strong> 500 ml<\/p>\n<p><strong>Beskrivning:<\/strong> Vattengel \u00e4r vatten i gelform och \u00e4r d\u00e4rf\u00f6r mycket l\u00e4tt och smidig att anv\u00e4nda. Du beh\u00f6ver ingen vattensk\u00e5l, som djuren kan smutsa ner och drunkna i, men du kan \u00e4nd\u00e5 ge dem tillr\u00e4ckligt med fukt med denna gel. Vattengel kan ocks\u00e5 anv\u00e4ndas f\u00f6r att mata djuren, vilket h\u00e5ller dem vid liv l\u00e4ngre.<\/p>","protected":false},"excerpt":{"rendered":"<p>Inneh\u00e5ll: Inneh\u00e5ll: 500 ml Beskrivning: Vattengel \u00e4r vatten i gelform och d\u00e4rf\u00f6r mycket l\u00e4tt och smidig att anv\u00e4nda. Du beh\u00f6ver ingen vattensk\u00e5l som djuren kan smutsa ner och drunkna i, men du kan \u00e4nd\u00e5 ge dem tillr\u00e4ckligt med fukt med denna gel. Vattengel kan ocks\u00e5 anv\u00e4ndas f\u00f6r att utfodra djuren,","protected":false},"featured_media":5038,"comment_status":"open","ping_status":"closed","template":"","meta":{"_acf_changed":false,"content-type":"","_monsterinsights_skip_tracking":false,"_monsterinsights_sitenote_active":false,"_monsterinsights_sitenote_note":"","_monsterinsights_sitenote_category":0},"product_brand":[],"product_cat":[115,116],"product_tag":[],"class_list":{"0":"post-4660","1":"product","2":"type-product","3":"status-publish","4":"has-post-thumbnail","6":"product_cat-food-and-feeding","7":"product_cat-food","9":"first","10":"instock","11":"taxable","12":"shipping-taxable","13":"purchasable","14":"product-type-simple"},"acf":[],"aioseo_notices":[],"jetpack_sharing_enabled":true,"_links":{"self":[{"href":"https:\/\/antcube.shop\/sv\/wp-json\/wp\/v2\/product\/4660","targetHints":{"allow":["GET"]}}],"collection":[{"href":"https:\/\/antcube.shop\/sv\/wp-json\/wp\/v2\/product"}],"about":[{"href":"https:\/\/antcube.shop\/sv\/wp-json\/wp\/v2\/types\/product"}],"replies":[{"embeddable":true,"href":"https:\/\/antcube.shop\/sv\/wp-json\/wp\/v2\/comments?post=4660"}],"wp:featuredmedia":[{"embeddable":true,"href":"https:\/\/antcube.shop\/sv\/wp-json\/wp\/v2\/media\/5038"}],"wp:attachment":[{"href":"https:\/\/antcube.shop\/sv\/wp-json\/wp\/v2\/media?parent=4660"}],"wp:term":[{"taxonomy":"product_brand","embeddable":true,"href":"https:\/\/antcube.shop\/sv\/wp-json\/wp\/v2\/product_brand?post=4660"},{"taxonomy":"product_cat","embeddable":true,"href":"https:\/\/antcube.shop\/sv\/wp-json\/wp\/v2\/product_cat?post=4660"},{"taxonomy":"product_tag","embeddable":true,"href":"https:\/\/antcube.shop\/sv\/wp-json\/wp\/v2\/product_tag?post=4660"}],"curies":[{"name":"wp","href":"https:\/\/api.w.org\/{rel}","templated":true}]}}